{"id":24376,"date":"2025-06-04T04:12:48","date_gmt":"2025-06-04T04:12:48","guid":{"rendered":"https:\/\/passportexpress.co\/segundo-pasaporte\/"},"modified":"2025-06-04T09:45:07","modified_gmt":"2025-06-04T09:45:07","slug":"segundo-pasaporte","status":"publish","type":"page","link":"https:\/\/passportexpress.co\/es\/segundo-pasaporte\/","title":{"rendered":"Segundo pasaporte"},"content":{"rendered":"\t\t<div data-elementor-type=\"wp-page\" data-elementor-id=\"24376\" class=\"elementor elementor-24376 elementor-24374\">\n\t\t\t\t<div class=\"elementor-element elementor-element-5d50fff0 e-flex e-con-boxed e-con e-parent\" data-id=\"5d50fff0\" data-element_type=\"container\" data-e-type=\"container\" data-settings=\"{&quot;background_background&quot;:&quot;classic&quot;}\">\n\t\t\t\t\t<div class=\"e-con-inner\">\n\t\t<div class=\"elementor-element elementor-element-7d09d925 e-con-full e-flex e-con e-child\" data-id=\"7d09d925\" data-element_type=\"container\" data-e-type=\"container\">\n\t\t\t\t<div class=\"elementor-element elementor-element-19e1aa20 animated-fast elementor-invisible elementor-widget elementor-widget-elementskit-heading\" data-id=\"19e1aa20\" data-element_type=\"widget\" data-e-type=\"widget\" data-settings=\"{&quot;ekit_we_effect_on&quot;:&quot;css&quot;,&quot;_animation&quot;:&quot;fadeIn&quot;,&quot;_animation_delay&quot;:100}\" data-widget_type=\"elementskit-heading.default\">\n\t\t\t\t<div class=\"elementor-widget-container\">\n\t\t\t\t\t<div class=\"ekit-wid-con\" ><div class=\"ekit-heading elementskit-section-title-wraper text_center   ekit_heading_tablet-   ekit_heading_mobile-\"><h1 class=\"ekit-heading--title elementskit-section-title \">Segundo pasaporte<\/h1><div class=\"ekit_heading_separetor_wraper ekit_heading_elementskit-border-divider ekit-dotted\"><div class=\"elementskit-border-divider ekit-dotted\"><\/div><\/div><\/div><\/div>\t\t\t\t<\/div>\n\t\t\t\t<\/div>\n\t\t\t\t<\/div>\n\t\t\t\t\t<\/div>\n\t\t\t\t<\/div>\n\t\t<div class=\"elementor-element elementor-element-466cf2f e-flex e-con-boxed e-con e-parent\" data-id=\"466cf2f\" data-element_type=\"container\" data-e-type=\"container\" data-settings=\"{&quot;animation&quot;:&quot;none&quot;,&quot;background_background&quot;:&quot;classic&quot;}\">\n\t\t\t\t\t<div class=\"e-con-inner\">\n\t\t<div class=\"elementor-element elementor-element-3a52f42 e-con-full e-flex e-con e-child\" data-id=\"3a52f42\" data-element_type=\"container\" data-e-type=\"container\">\n\t\t<div class=\"elementor-element elementor-element-fc23cd0 e-con-full sticky-section e-flex e-con e-child\" data-id=\"fc23cd0\" data-element_type=\"container\" data-e-type=\"container\">\n\t\t<div class=\"elementor-element elementor-element-63f4ef4 e-con-full e-flex e-con e-child\" data-id=\"63f4ef4\" data-element_type=\"container\" data-e-type=\"container\">\n\t\t\t\t<div class=\"elementor-element elementor-element-e8745ee elementor-widget elementor-widget-text-editor\" data-id=\"e8745ee\" data-element_type=\"widget\" data-e-type=\"widget\" data-settings=\"{&quot;ekit_we_effect_on&quot;:&quot;none&quot;}\" data-widget_type=\"text-editor.default\">\n\t\t\t\t<div class=\"elementor-widget-container\">\n\t\t\t\t\t\t\t\t\t<p>Los segundos pasaportes se expiden a discreci\u00f3n del Departamento de Estado de EEUU. Los segundos pasaportes ordinarios tienen una validez m\u00e1xima de cuatro a\u00f1os. Entre las razones m\u00e1s comunes para tener un segundo pasaporte se incluyen: que un pa\u00eds extranjero deniegue la entrada porque el pasaporte contenga marcas de un pa\u00eds concreto, que no se disponga de pasaporte debido a retrasos en la tramitaci\u00f3n asociados a una solicitud de visado extranjero, o si el solicitante tiene la necesidad de obtener varios visados de forma continuada.  <\/p><div class=\"o-flex o-flex--middle gw-brand-font gw-resources-instructions-header u-pv-small u-mb\"><div class=\"u-ml u-fz-delta\">Sigue estos sencillos pasos para solicitar un <strong>Segundo Pasaporte<\/strong><\/div><\/div>\t\t\t\t\t\t\t\t<\/div>\n\t\t\t\t<\/div>\n\t\t\t\t<\/div>\n\t\t\t\t<\/div>\n\t\t<div class=\"elementor-element elementor-element-9047ae3 e-con-full sticky-section e-flex e-con e-child\" data-id=\"9047ae3\" data-element_type=\"container\" data-e-type=\"container\">\n\t\t<div class=\"elementor-element elementor-element-d171295 e-con-full e-flex e-con e-child\" data-id=\"d171295\" data-element_type=\"container\" data-e-type=\"container\">\n\t\t\t\t<div class=\"elementor-element elementor-element-9e898fb animated-fast elementor-invisible elementor-widget elementor-widget-elementskit-heading\" data-id=\"9e898fb\" data-element_type=\"widget\" data-e-type=\"widget\" data-settings=\"{&quot;_animation&quot;:&quot;fadeIn&quot;,&quot;_animation_delay&quot;:100,&quot;ekit_we_effect_on&quot;:&quot;none&quot;}\" data-widget_type=\"elementskit-heading.default\">\n\t\t\t\t<div class=\"elementor-widget-container\">\n\t\t\t\t\t<div class=\"ekit-wid-con\" ><div class=\"ekit-heading elementskit-section-title-wraper text_left   ekit_heading_tablet-   ekit_heading_mobile-\"><h3 class=\"ekit-heading--title elementskit-section-title \">Paso 1: Compra el segundo pasaporte en passportexpress.co<\/h3>\t\t\t\t<div class='ekit-heading__description'>\n\t\t\t\t\t<div class=\"gw-resources-instructions-step\">\n<p>Selecciona el servicio que mejor se adapte a tus necesidades de viaje y adquiere tu segundo pasaporte acelerado.<\/p>\n<\/div>\n\t\t\t\t<\/div>\n\t\t\t<\/div><\/div>\t\t\t\t<\/div>\n\t\t\t\t<\/div>\n\t\t\t\t<div class=\"elementor-element elementor-element-0d4fb08 animated-fast elementor-invisible elementor-widget elementor-widget-elementskit-heading\" data-id=\"0d4fb08\" data-element_type=\"widget\" data-e-type=\"widget\" data-settings=\"{&quot;_animation&quot;:&quot;fadeIn&quot;,&quot;_animation_delay&quot;:100,&quot;ekit_we_effect_on&quot;:&quot;none&quot;}\" data-widget_type=\"elementskit-heading.default\">\n\t\t\t\t<div class=\"elementor-widget-container\">\n\t\t\t\t\t<div class=\"ekit-wid-con\" ><div class=\"ekit-heading elementskit-section-title-wraper text_left   ekit_heading_tablet-   ekit_heading_mobile-\"><h3 class=\"ekit-heading--title elementskit-section-title \">Paso:2 Completa el Asistente de Pasaporte<\/h3>\t\t\t\t<div class='ekit-heading__description'>\n\t\t\t\t\t<p>Tras la compra, se te redirigir\u00e1 a la plataforma segura <strong>govWorks<\/strong>.<br>. All\u00ed, crea una cuenta y completa la solicitud de pasaporte de tu hijo mediante un sencillo asistente guiado.<\/p>\n\t\t\t\t<\/div>\n\t\t\t<\/div><\/div>\t\t\t\t<\/div>\n\t\t\t\t<\/div>\n\t\t\t\t<div class=\"elementor-element elementor-element-5abc6f9 animated-fast elementor-invisible elementor-widget elementor-widget-elementskit-heading\" data-id=\"5abc6f9\" data-element_type=\"widget\" data-e-type=\"widget\" data-settings=\"{&quot;_animation&quot;:&quot;fadeIn&quot;,&quot;_animation_delay&quot;:100,&quot;ekit_we_effect_on&quot;:&quot;none&quot;}\" data-widget_type=\"elementskit-heading.default\">\n\t\t\t\t<div class=\"elementor-widget-container\">\n\t\t\t\t\t<div class=\"ekit-wid-con\" ><div class=\"ekit-heading elementskit-section-title-wraper text_left   ekit_heading_tablet-   ekit_heading_mobile-\"><h3 class=\"ekit-heading--title elementskit-section-title \">Paso 3: Re\u00fane los elementos necesarios<\/h3>\t\t\t\t<div class='ekit-heading__description'>\n\t\t\t\t\t<p>Una vez completada la solicitud, govWorks generar\u00e1 un paquete de documentos personalizado. Aseg\u00farate de que todos los documentos se <strong>imprimen por una sola cara<\/strong>. <\/p>\n\t\t\t\t<\/div>\n\t\t\t<\/div><\/div>\t\t\t\t<\/div>\n\t\t\t\t<\/div>\n\t\t\t\t<div class=\"elementor-element elementor-element-b6a02fc elementor-widget elementor-widget-text-editor\" data-id=\"b6a02fc\" data-element_type=\"widget\" data-e-type=\"widget\" data-settings=\"{&quot;ekit_we_effect_on&quot;:&quot;none&quot;}\" data-widget_type=\"text-editor.default\">\n\t\t\t\t<div class=\"elementor-widget-container\">\n\t\t\t\t\t\t\t\t\t<div class=\"gw-resources-instructions-list u-pt u-pb-small u-ph u-mb-med\"><h5 class=\"u-fz-zeta u-pl-small\">Lista de requisitos:<\/h5><ol class=\"u-pl\"><li class=\"u-fz-milli u-mb u-fw-regular\"><b>Solicitud DS-82<\/b>: Esta solicitud se generar\u00e1 autom\u00e1ticamente desde nuestra plataforma.<\/li><li class=\"u-fz-milli u-mb u-fw-regular\"><b>Pasaporte estadounidense en vigor<\/b><\/li><li class=\"u-fz-milli u-mb u-fw-regular\"><b>Prueba de viaje<\/b>: Un <a href=\"https:\/\/passportexpress.co\/es\/prueba-de-viaje\/\" target=\"_blank\" rel=\"noopener\">itinerario de viaje o una carta de negocios<\/a> que indique que vas a viajar en un plazo de 2 semanas (o 4 semanas si necesitas un visado de viaje). Si no has hecho planes de viaje y no tienes una prueba de itinerario, no te preocupes, podemos ayudarte a obtener un documento alternativo. <\/li><li class=\"u-fz-milli u-mb u-fw-regular\"><b>Foto de pasaporte<\/b>: <a href=\"https:\/\/passportexpress.co\/es\/requisitos-fotograficos-para-los-pasaportes-estadounidenses\/\" target=\"_blank\" rel=\"noopener\">Ver foto de muestra<\/a><\/li><li class=\"u-fz-milli u-mb u-fw-regular\"><b>Carta de solicitud<\/b>: Carta indicando por qu\u00e9 necesitas un segundo pasaporte. <a href=\"https:\/\/www.apvi.net\/Files\/Second%20Valid%20Request%20Letter.pdf\" target=\"_blank\" rel=\"noopener\">(Ver ejemplo)<\/a><\/li><li class=\"u-fz-milli u-mb u-fw-regular\"><b>Tasa gubernamental<\/b>: Se requiere un cheque o giro postal adicional pagadero a \u201cUS Department of State\u201d para todos los pedidos. El importe exacto puede variar entre 160 y 190 d\u00f3lares, dependiendo del tipo de solicitud de pasaporte. Una vez que hagas el pedido, la plataforma te indicar\u00e1 el importe exacto del cheque y c\u00f3mo extenderlo.  <\/li><li class=\"u-fz-milli u-mb u-fw-regular\"><b>Carta de Autorizaci\u00f3n<\/b>: Te proporcionaremos una Carta de Autorizaci\u00f3n que nos permite tramitar tu pasaporte en tu nombre. Debes firmar y fechar este documento, preferiblemente con tinta azul, e incluirlo con tus documentos. <\/li><\/ol><\/div>\t\t\t\t\t\t\t\t<\/div>\n\t\t\t\t<\/div>\n\t\t\t\t<div class=\"elementor-element elementor-element-759f23d elementor-widget elementor-widget-elementskit-heading\" data-id=\"759f23d\" data-element_type=\"widget\" data-e-type=\"widget\" data-settings=\"{&quot;ekit_we_effect_on&quot;:&quot;none&quot;}\" data-widget_type=\"elementskit-heading.default\">\n\t\t\t\t<div class=\"elementor-widget-container\">\n\t\t\t\t\t<div class=\"ekit-wid-con\" ><div class=\"ekit-heading elementskit-section-title-wraper text_left   ekit_heading_tablet-   ekit_heading_mobile-\"><h3 class=\"ekit-heading--title elementskit-section-title \">Paso 4: Env\u00edanos tu paquete de solicitud de pasaporte por FedEx<\/h3><\/div><\/div>\t\t\t\t<\/div>\n\t\t\t\t<\/div>\n\t\t\t\t<div class=\"elementor-element elementor-element-4842b99 elementor-widget elementor-widget-text-editor\" data-id=\"4842b99\" data-element_type=\"widget\" data-e-type=\"widget\" data-settings=\"{&quot;ekit_we_effect_on&quot;:&quot;none&quot;}\" data-widget_type=\"text-editor.default\">\n\t\t\t\t<div class=\"elementor-widget-container\">\n\t\t\t\t\t\t\t\t\t<ul>\n<li>Ponte en contacto con tu Representante de Satisfacci\u00f3n del Cliente asignado para revisar r\u00e1pidamente tus documentos antes de envi\u00e1rnoslos y para obtener tu etiqueta de env\u00edo Fedex prepagada.<\/li>\n<li>Coloca tu solicitud y los documentos justificativos en un sobre de FedEx.<\/li>\n<li>Env\u00eda tu solicitud y los documentos justificativos a nuestra oficina utilizando la etiqueta FedEx proporcionada por Passportexpress.co<\/li>\n<\/ul>\n<p>En cuanto tu pasaporte est\u00e9 listo, lo recogeremos en la oficina del gobierno y te lo enviaremos inmediatamente por FedEx.<\/p>\t\t\t\t\t\t\t\t<\/div>\n\t\t\t\t<\/div>\n\t\t\t\t<\/div>\n\t\t\t\t<\/div>\n\t\t\t\t<\/div>\n\t\t\t\t\t<\/div>\n\t\t\t\t<\/div>\n\t\t\t\t<\/div>\n\t\t","protected":false},"excerpt":{"rendered":"<p>Segundo pasaporte Los segundos pasaportes se expiden a discreci\u00f3n del Departamento de Estado de EEUU. Los segundos pasaportes ordinarios tienen una validez m\u00e1xima de cuatro a\u00f1os. Entre las razones m\u00e1s comunes para tener un segundo pasaporte se incluyen: que un pa\u00eds extranjero deniegue la entrada porque el pasaporte contenga marcas de un pa\u00eds concreto, que [&hellip;]<\/p>\n","protected":false},"author":6,"featured_media":0,"parent":0,"menu_order":0,"comment_status":"closed","ping_status":"closed","template":"","meta":{"footnotes":""},"class_list":["post-24376","page","type-page","status-publish","hentry"],"aioseo_notices":[],"_links":{"self":[{"href":"https:\/\/passportexpress.co\/es\/wp-json\/wp\/v2\/pages\/24376","targetHints":{"allow":["GET"]}}],"collection":[{"href":"https:\/\/passportexpress.co\/es\/wp-json\/wp\/v2\/pages"}],"about":[{"href":"https:\/\/passportexpress.co\/es\/wp-json\/wp\/v2\/types\/page"}],"author":[{"embeddable":true,"href":"https:\/\/passportexpress.co\/es\/wp-json\/wp\/v2\/users\/6"}],"replies":[{"embeddable":true,"href":"https:\/\/passportexpress.co\/es\/wp-json\/wp\/v2\/comments?post=24376"}],"version-history":[{"count":4,"href":"https:\/\/passportexpress.co\/es\/wp-json\/wp\/v2\/pages\/24376\/revisions"}],"predecessor-version":[{"id":24450,"href":"https:\/\/passportexpress.co\/es\/wp-json\/wp\/v2\/pages\/24376\/revisions\/24450"}],"wp:attachment":[{"href":"https:\/\/passportexpress.co\/es\/wp-json\/wp\/v2\/media?parent=24376"}],"curies":[{"name":"wp","href":"https:\/\/api.w.org\/{rel}","templated":true}]}}