{"id":24360,"date":"2025-06-03T11:26:52","date_gmt":"2025-06-03T11:26:52","guid":{"rendered":"https:\/\/passportexpress.co\/contrasena-danada\/"},"modified":"2025-06-25T10:41:21","modified_gmt":"2025-06-25T10:41:21","slug":"contrasena-danada","status":"publish","type":"page","link":"https:\/\/passportexpress.co\/es\/contrasena-danada\/","title":{"rendered":"Pasaporte da\u00f1ado"},"content":{"rendered":"\t\t<div data-elementor-type=\"wp-page\" data-elementor-id=\"24360\" class=\"elementor elementor-24360 elementor-24355\">\n\t\t\t\t<div class=\"elementor-element elementor-element-716f4453 e-flex e-con-boxed e-con e-parent\" data-id=\"716f4453\" data-element_type=\"container\" data-e-type=\"container\" data-settings=\"{&quot;background_background&quot;:&quot;classic&quot;}\">\n\t\t\t\t\t<div class=\"e-con-inner\">\n\t\t<div class=\"elementor-element elementor-element-53e0858f e-con-full e-flex e-con e-child\" data-id=\"53e0858f\" data-element_type=\"container\" data-e-type=\"container\">\n\t\t\t\t<div class=\"elementor-element elementor-element-4d614cb9 animated-fast elementor-invisible elementor-widget elementor-widget-elementskit-heading\" data-id=\"4d614cb9\" data-element_type=\"widget\" data-e-type=\"widget\" data-settings=\"{&quot;ekit_we_effect_on&quot;:&quot;css&quot;,&quot;_animation&quot;:&quot;fadeIn&quot;,&quot;_animation_delay&quot;:100}\" data-widget_type=\"elementskit-heading.default\">\n\t\t\t\t<div class=\"elementor-widget-container\">\n\t\t\t\t\t<div class=\"ekit-wid-con\" ><div class=\"ekit-heading elementskit-section-title-wraper text_center   ekit_heading_tablet-   ekit_heading_mobile-\"><h1 class=\"ekit-heading--title elementskit-section-title \">  Instrucciones para sustituir un pasaporte da\u00f1ado  <\/h1><div class=\"ekit_heading_separetor_wraper ekit_heading_elementskit-border-divider ekit-dotted\"><div class=\"elementskit-border-divider ekit-dotted\"><\/div><\/div><\/div><\/div>\t\t\t\t<\/div>\n\t\t\t\t<\/div>\n\t\t\t\t<\/div>\n\t\t\t\t\t<\/div>\n\t\t\t\t<\/div>\n\t\t<div class=\"elementor-element elementor-element-f8b8f73 e-flex e-con-boxed e-con e-parent\" data-id=\"f8b8f73\" data-element_type=\"container\" data-e-type=\"container\" data-settings=\"{&quot;animation&quot;:&quot;none&quot;,&quot;background_background&quot;:&quot;classic&quot;}\">\n\t\t\t\t\t<div class=\"e-con-inner\">\n\t\t<div class=\"elementor-element elementor-element-8bae5fa e-con-full e-flex e-con e-child\" data-id=\"8bae5fa\" data-element_type=\"container\" data-e-type=\"container\">\n\t\t<div class=\"elementor-element elementor-element-14f1acc e-con-full sticky-section e-flex e-con e-child\" data-id=\"14f1acc\" data-element_type=\"container\" data-e-type=\"container\">\n\t\t<div class=\"elementor-element elementor-element-d5972e9 e-con-full e-flex e-con e-child\" data-id=\"d5972e9\" data-element_type=\"container\" data-e-type=\"container\">\n\t\t\t\t<div class=\"elementor-element elementor-element-18285fb elementor-widget elementor-widget-text-editor\" data-id=\"18285fb\" data-element_type=\"widget\" data-e-type=\"widget\" data-settings=\"{&quot;ekit_we_effect_on&quot;:&quot;none&quot;}\" data-widget_type=\"text-editor.default\">\n\t\t\t\t<div class=\"elementor-widget-container\">\n\t\t\t\t\t\t\t\t\t<p>Los pasaportes significativamente da\u00f1ados no son v\u00e1lidos y ya no pueden utilizarse para viajes internacionales. Los pasaportes no pueden tener desgarros significativos, separaci\u00f3n de p\u00e1ginas, agujeros, ni estar materialmente alterados en su aspecto f\u00edsico o composici\u00f3n. <\/p>\t\t\t\t\t\t\t\t<\/div>\n\t\t\t\t<\/div>\n\t\t\t\t<\/div>\n\t\t\t\t<\/div>\n\t\t<div class=\"elementor-element elementor-element-8532cc9 e-con-full sticky-section e-flex e-con e-child\" data-id=\"8532cc9\" data-element_type=\"container\" data-e-type=\"container\">\n\t\t<div class=\"elementor-element elementor-element-67ee41f e-con-full e-flex e-con e-child\" data-id=\"67ee41f\" data-element_type=\"container\" data-e-type=\"container\">\n\t\t\t\t<div class=\"elementor-element elementor-element-1036f7e animated-fast elementor-invisible elementor-widget elementor-widget-elementskit-heading\" data-id=\"1036f7e\" data-element_type=\"widget\" data-e-type=\"widget\" data-settings=\"{&quot;_animation&quot;:&quot;fadeIn&quot;,&quot;_animation_delay&quot;:100,&quot;ekit_we_effect_on&quot;:&quot;none&quot;}\" data-widget_type=\"elementskit-heading.default\">\n\t\t\t\t<div class=\"elementor-widget-container\">\n\t\t\t\t\t<div class=\"ekit-wid-con\" ><div class=\"ekit-heading elementskit-section-title-wraper text_left   ekit_heading_tablet-   ekit_heading_mobile-\"><h3 class=\"ekit-heading--title elementskit-section-title \">Paso 1: Compra un pasaporte de sustituci\u00f3n en passportexpress.co<\/h3>\t\t\t\t<div class='ekit-heading__description'>\n\t\t\t\t\t<p>Selecciona el servicio que mejor se adapte a tus necesidades de viaje y compra tu sustituci\u00f3n de pasaporte acelerada.<\/p>\n\t\t\t\t<\/div>\n\t\t\t<\/div><\/div>\t\t\t\t<\/div>\n\t\t\t\t<\/div>\n\t\t\t\t<div class=\"elementor-element elementor-element-3d047a9 animated-fast elementor-invisible elementor-widget elementor-widget-elementskit-heading\" data-id=\"3d047a9\" data-element_type=\"widget\" data-e-type=\"widget\" data-settings=\"{&quot;_animation&quot;:&quot;fadeIn&quot;,&quot;_animation_delay&quot;:100,&quot;ekit_we_effect_on&quot;:&quot;none&quot;}\" data-widget_type=\"elementskit-heading.default\">\n\t\t\t\t<div class=\"elementor-widget-container\">\n\t\t\t\t\t<div class=\"ekit-wid-con\" ><div class=\"ekit-heading elementskit-section-title-wraper text_left   ekit_heading_tablet-   ekit_heading_mobile-\"><h3 class=\"ekit-heading--title elementskit-section-title \">Paso:2 Completa el Asistente de Pasaporte<\/h3>\t\t\t\t<div class='ekit-heading__description'>\n\t\t\t\t\t<p>Tras la compra, se te redirigir\u00e1 a la plataforma segura <strong>govWorks<\/strong>.<br>. All\u00ed, crea una cuenta y completa la solicitud de pasaporte de tu hijo mediante un sencillo asistente guiado.<\/p>\n\t\t\t\t<\/div>\n\t\t\t<\/div><\/div>\t\t\t\t<\/div>\n\t\t\t\t<\/div>\n\t\t\t\t<div class=\"elementor-element elementor-element-f6cd51b animated-fast elementor-invisible elementor-widget elementor-widget-elementskit-heading\" data-id=\"f6cd51b\" data-element_type=\"widget\" data-e-type=\"widget\" data-settings=\"{&quot;_animation&quot;:&quot;fadeIn&quot;,&quot;_animation_delay&quot;:100,&quot;ekit_we_effect_on&quot;:&quot;none&quot;}\" data-widget_type=\"elementskit-heading.default\">\n\t\t\t\t<div class=\"elementor-widget-container\">\n\t\t\t\t\t<div class=\"ekit-wid-con\" ><div class=\"ekit-heading elementskit-section-title-wraper text_left   ekit_heading_tablet-   ekit_heading_mobile-\"><h3 class=\"ekit-heading--title elementskit-section-title \">Paso 3: Re\u00fane los elementos necesarios<\/h3>\t\t\t\t<div class='ekit-heading__description'>\n\t\t\t\t\t<p>Una vez completada la solicitud, govWorks generar\u00e1 un paquete de documentos personalizado. Aseg\u00farate de que todos los documentos se <strong>imprimen por una sola cara<\/strong>. <\/p>\n\t\t\t\t<\/div>\n\t\t\t<\/div><\/div>\t\t\t\t<\/div>\n\t\t\t\t<\/div>\n\t\t\t\t<div class=\"elementor-element elementor-element-597d672 elementor-widget elementor-widget-text-editor\" data-id=\"597d672\" data-element_type=\"widget\" data-e-type=\"widget\" data-settings=\"{&quot;ekit_we_effect_on&quot;:&quot;none&quot;}\" data-widget_type=\"text-editor.default\">\n\t\t\t\t<div class=\"elementor-widget-container\">\n\t\t\t\t\t\t\t\t\t<div class=\"gw-resources-instructions-list u-pt u-pb-small u-ph u-mb-med\"><h5 class=\"u-fz-zeta u-pl-small\">Lista de requisitos:<\/h5><ol class=\"u-pl\"><li class=\"u-fz-milli u-mb u-fw-regular\"><b>Solicitud DS-11<\/b>: Esta solicitud se generar\u00e1 autom\u00e1ticamente desde nuestra plataforma.<\/li><li class=\"u-fz-milli u-mb u-fw-regular\"><b>Pasaporte mutilado\/da\u00f1ado<\/b><\/li><li class=\"u-fz-milli u-mb u-fw-regular\"><b>Prueba de ciudadan\u00eda estadounidense<\/b>: <a href=\"https:\/\/passportexpress.co\/es\/prueba-de-ciudadania-estadounidense\/\" target=\"_blank\" rel=\"noopener\">Ver lista de ejemplos<\/a><\/li><li class=\"u-fz-milli u-mb u-fw-regular\"><b>Prueba de identidad<\/b>: <a href=\"https:\/\/passportexpress.co\/es\/como-presentar-tu-prueba-de-identidad\/\" target=\"_blank\" rel=\"noopener\">Ver lista de ejemplos<\/a><\/li><li class=\"u-fz-milli u-mb u-fw-regular\"><b>Prueba de viaje<\/b>: Un <a href=\"https:\/\/passportexpress.co\/es\/prueba-de-viaje\/\" target=\"_blank\" rel=\"noopener\">itinerario de viaje o una carta de negocios<\/a> que indique que vas a viajar en un plazo de 2 semanas (o 4 semanas si necesitas un visado de viaje). Si no has hecho planes de viaje y no tienes una prueba de itinerario, no te preocupes, podemos ayudarte a obtener un documento alternativo. <\/li><li class=\"u-fz-milli u-mb u-fw-regular\"><b>Foto de pasaporte<\/b>: <a href=\"https:\/\/passportexpress.co\/es\/requisitos-fotograficos-para-los-pasaportes-estadounidenses\/\" target=\"_blank\" rel=\"noopener\">Ver foto de muestra<\/a><\/li><li class=\"u-fz-milli u-mb u-fw-regular\"><b>Tasa gubernamental<\/b>: Se requiere un cheque o giro postal adicional pagadero a \u201cUS Department of State\u201d para todos los pedidos. El importe exacto puede variar entre 160 y 190 d\u00f3lares, dependiendo del tipo de solicitud de pasaporte. Una vez que hagas el pedido, la plataforma te indicar\u00e1 el importe exacto del cheque y c\u00f3mo extenderlo.  <\/li><li class=\"u-fz-milli u-mb u-fw-regular\"><b>Carta de Autorizaci\u00f3n<\/b>: Te proporcionaremos una Carta de Autorizaci\u00f3n que nos permite tramitar tu pasaporte en tu nombre. Debes firmar y fechar dos copias de este documento, preferiblemente con tinta azul, e incluir una de ellas dentro del sobre cerrado y la otra fuera del sobre cerrado antes de enviarnos tus documentos. <\/li><li class=\"u-fz-milli u-mb u-fw-regular\"><b>Una declaraci\u00f3n firmada explicando el estado da\u00f1ado o mutilado de tu pasaporte.<\/b><\/li><\/ol><\/div>\t\t\t\t\t\t\t\t<\/div>\n\t\t\t\t<\/div>\n\t\t\t\t<div class=\"elementor-element elementor-element-74d4e62 elementor-widget elementor-widget-elementskit-heading\" data-id=\"74d4e62\" data-element_type=\"widget\" data-e-type=\"widget\" data-settings=\"{&quot;ekit_we_effect_on&quot;:&quot;none&quot;}\" data-widget_type=\"elementskit-heading.default\">\n\t\t\t\t<div class=\"elementor-widget-container\">\n\t\t\t\t\t<div class=\"ekit-wid-con\" ><div class=\"ekit-heading elementskit-section-title-wraper text_left   ekit_heading_tablet-   ekit_heading_mobile-\"><h3 class=\"ekit-heading--title elementskit-section-title \">Paso 4: Visita a un Agente de Aceptaci\u00f3n de Pasaportes<\/h3>\t\t\t\t<div class='ekit-heading__description'>\n\t\t\t\t\t<p>Despu\u00e9s de rellenar tu solicitud de pasaporte y reunir todos los elementos de la lista de control, debes llevarla a un Agente de Aceptaci\u00f3n de Pasaportes (AA), que la revisar\u00e1 y ser\u00e1 testigo de tu firma. Los Agentes de Aceptaci\u00f3n de Pasaportes son muy comunes y f\u00e1ciles de encontrar en tu zona, normalmente se encuentran en las Oficinas de Correos de EE.UU. o en los Juzgados. <\/p>\n<p>Informa al Agente de Aceptaci\u00f3n de que vas a utilizar un servicio de expedici\u00f3n para \u201cllevar en mano\u201d tu solicitud de pasaporte al gobierno para su tramitaci\u00f3n.<\/p>\n\t\t\t\t<\/div>\n\t\t\t<\/div><\/div>\t\t\t\t<\/div>\n\t\t\t\t<\/div>\n\t\t\t\t<div class=\"elementor-element elementor-element-29a3222 elementor-widget elementor-widget-text-editor\" data-id=\"29a3222\" data-element_type=\"widget\" data-e-type=\"widget\" data-settings=\"{&quot;ekit_we_effect_on&quot;:&quot;none&quot;}\" data-widget_type=\"text-editor.default\">\n\t\t\t\t<div class=\"elementor-widget-container\">\n\t\t\t\t\t\t\t\t\t<div class=\"gw-resources-instructions-list u-pt u-pb-small u-ph u-mb-med\"><h5 class=\"u-fz-zeta u-pl-small\">El AA lo har\u00e1 entonces:<\/h5><ol class=\"u-pl\"><li class=\"u-fz-milli u-mb u-fw-regular\">Pedirte que firmes el DS-11 (DS-5525, si procede).<\/li><li class=\"u-fz-milli u-mb u-fw-regular\">A\u00f1ade su firma al DS-11.<\/li><li class=\"u-fz-milli u-mb u-fw-regular\">Comprueba tu identificaci\u00f3n.<\/li><li class=\"u-fz-milli u-mb u-fw-regular\">El agente recoger\u00e1 todos tus documentos justificativos y los sellar\u00e1 en un sobre con el Formulario DS-11 firmado, utilizando un sello o estampilla oficial.<\/li><\/ol><\/div><p><strong>Importante: <\/strong> Aseg\u00farate de que la (AA) te devuelve el sobre cerrado para que puedas enviarlo directamente a Passportexpress. Env\u00eda el sobre cerrado a Passportexpress en cuanto est\u00e9 cerrado. El sello del sobre caduca a los cuatro d\u00edas h\u00e1biles.  <\/p>\t\t\t\t\t\t\t\t<\/div>\n\t\t\t\t<\/div>\n\t\t\t\t<div class=\"elementor-element elementor-element-dbf9d70 elementor-widget elementor-widget-elementskit-heading\" data-id=\"dbf9d70\" data-element_type=\"widget\" data-e-type=\"widget\" data-settings=\"{&quot;ekit_we_effect_on&quot;:&quot;none&quot;}\" data-widget_type=\"elementskit-heading.default\">\n\t\t\t\t<div class=\"elementor-widget-container\">\n\t\t\t\t\t<div class=\"ekit-wid-con\" ><div class=\"ekit-heading elementskit-section-title-wraper text_left   ekit_heading_tablet-   ekit_heading_mobile-\"><h3 class=\"ekit-heading--title elementskit-section-title \">Paso 5: Env\u00edanos tu paquete de solicitud de pasaporte por FedEx<\/h3><\/div><\/div>\t\t\t\t<\/div>\n\t\t\t\t<\/div>\n\t\t\t\t<div class=\"elementor-element elementor-element-ca0d507 elementor-widget elementor-widget-text-editor\" data-id=\"ca0d507\" data-element_type=\"widget\" data-e-type=\"widget\" data-settings=\"{&quot;ekit_we_effect_on&quot;:&quot;none&quot;}\" data-widget_type=\"text-editor.default\">\n\t\t\t\t<div class=\"elementor-widget-container\">\n\t\t\t\t\t\t\t\t\t<ul><li>Ponte en contacto con tu Representante de Satisfacci\u00f3n del Cliente asignado para revisar r\u00e1pidamente tus documentos antes de envi\u00e1rnoslos y para obtener tu etiqueta de env\u00edo Fedex prepagada.<\/li><li>Escribe el nombre y apellidos del solicitante, la fecha de nacimiento y la fecha de salida en el sobre cerrado.<\/li><li>Introduce el sobre cerrado en un sobre de FedEx.<\/li><li>Las segundas copias de tus documentos acreditativos y del formulario DS-11 deben introducirse en el sobre de FedEx junto al sobre cerrado (pero separados de \u00e9l). Esto nos permite revisarlo todo para comprobar su exactitud antes de entregar tu solicitud para su tramitaci\u00f3n. Presentar la documentaci\u00f3n sin errores eliminar\u00e1 los retrasos.  <\/li><li>Env\u00eda el sobre FedEx a nuestra oficina utilizando la etiqueta FedEx proporcionada por <span style=\"font-size: 15px;\">Passportexpress<\/span>.co.<\/li><\/ul>\t\t\t\t\t\t\t\t<\/div>\n\t\t\t\t<\/div>\n\t\t\t\t<\/div>\n\t\t\t\t<\/div>\n\t\t\t\t<\/div>\n\t\t\t\t\t<\/div>\n\t\t\t\t<\/div>\n\t\t\t\t<\/div>\n\t\t","protected":false},"excerpt":{"rendered":"<p>Instrucciones para sustituir un pasaporte da\u00f1ado Los pasaportes significativamente da\u00f1ados no son v\u00e1lidos y ya no pueden utilizarse para viajes internacionales. Los pasaportes no pueden tener desgarros significativos, separaci\u00f3n de p\u00e1ginas, agujeros, ni estar materialmente alterados en su aspecto f\u00edsico o composici\u00f3n. Paso 1: Compra un pasaporte de sustituci\u00f3n en passportexpress.co Selecciona el servicio que [&hellip;]<\/p>\n","protected":false},"author":6,"featured_media":0,"parent":0,"menu_order":0,"comment_status":"closed","ping_status":"closed","template":"","meta":{"footnotes":""},"class_list":["post-24360","page","type-page","status-publish","hentry"],"aioseo_notices":[],"_links":{"self":[{"href":"https:\/\/passportexpress.co\/es\/wp-json\/wp\/v2\/pages\/24360","targetHints":{"allow":["GET"]}}],"collection":[{"href":"https:\/\/passportexpress.co\/es\/wp-json\/wp\/v2\/pages"}],"about":[{"href":"https:\/\/passportexpress.co\/es\/wp-json\/wp\/v2\/types\/page"}],"author":[{"embeddable":true,"href":"https:\/\/passportexpress.co\/es\/wp-json\/wp\/v2\/users\/6"}],"replies":[{"embeddable":true,"href":"https:\/\/passportexpress.co\/es\/wp-json\/wp\/v2\/comments?post=24360"}],"version-history":[{"count":5,"href":"https:\/\/passportexpress.co\/es\/wp-json\/wp\/v2\/pages\/24360\/revisions"}],"predecessor-version":[{"id":31188,"href":"https:\/\/passportexpress.co\/es\/wp-json\/wp\/v2\/pages\/24360\/revisions\/31188"}],"wp:attachment":[{"href":"https:\/\/passportexpress.co\/es\/wp-json\/wp\/v2\/media?parent=24360"}],"curies":[{"name":"wp","href":"https:\/\/api.w.org\/{rel}","templated":true}]}}