{"id":24313,"date":"2025-06-03T10:42:09","date_gmt":"2025-06-03T10:42:09","guid":{"rendered":"https:\/\/passportexpress.co\/instrucciones-para-el-pasaporte-infantil\/"},"modified":"2025-06-03T11:25:27","modified_gmt":"2025-06-03T11:25:27","slug":"instrucciones-para-el-pasaporte-infantil","status":"publish","type":"page","link":"https:\/\/passportexpress.co\/es\/instrucciones-para-el-pasaporte-infantil\/","title":{"rendered":"Instrucciones para el Pasaporte Infantil"},"content":{"rendered":"\t\t<div data-elementor-type=\"wp-page\" data-elementor-id=\"24313\" class=\"elementor elementor-24313 elementor-24311\">\n\t\t\t\t<div class=\"elementor-element elementor-element-2ba52440 e-flex e-con-boxed e-con e-parent\" data-id=\"2ba52440\" data-element_type=\"container\" data-e-type=\"container\" data-settings=\"{&quot;background_background&quot;:&quot;classic&quot;}\">\n\t\t\t\t\t<div class=\"e-con-inner\">\n\t\t<div class=\"elementor-element elementor-element-62c3b0c4 e-con-full e-flex e-con e-child\" data-id=\"62c3b0c4\" data-element_type=\"container\" data-e-type=\"container\">\n\t\t\t\t<div class=\"elementor-element elementor-element-307dc0c4 animated-fast elementor-invisible elementor-widget elementor-widget-elementskit-heading\" data-id=\"307dc0c4\" data-element_type=\"widget\" data-e-type=\"widget\" data-settings=\"{&quot;ekit_we_effect_on&quot;:&quot;css&quot;,&quot;_animation&quot;:&quot;fadeIn&quot;,&quot;_animation_delay&quot;:100}\" data-widget_type=\"elementskit-heading.default\">\n\t\t\t\t<div class=\"elementor-widget-container\">\n\t\t\t\t\t<div class=\"ekit-wid-con\" ><div class=\"ekit-heading elementskit-section-title-wraper text_center   ekit_heading_tablet-   ekit_heading_mobile-\"><h1 class=\"ekit-heading--title elementskit-section-title \">  Instrucciones para el Pasaporte Infantil  <\/h1><div class=\"ekit_heading_separetor_wraper ekit_heading_elementskit-border-divider ekit-dotted\"><div class=\"elementskit-border-divider ekit-dotted\"><\/div><\/div><\/div><\/div>\t\t\t\t<\/div>\n\t\t\t\t<\/div>\n\t\t\t\t<\/div>\n\t\t\t\t\t<\/div>\n\t\t\t\t<\/div>\n\t\t<div class=\"elementor-element elementor-element-311c97c3 e-flex e-con-boxed e-con e-parent\" data-id=\"311c97c3\" data-element_type=\"container\" data-e-type=\"container\" id=\"accordian-sec\" data-settings=\"{&quot;animation&quot;:&quot;none&quot;,&quot;background_background&quot;:&quot;classic&quot;}\">\n\t\t\t\t\t<div class=\"e-con-inner\">\n\t\t<div class=\"elementor-element elementor-element-6ca88b67 e-con-full e-flex e-con e-child\" data-id=\"6ca88b67\" data-element_type=\"container\" data-e-type=\"container\">\n\t\t<div class=\"elementor-element elementor-element-7b8e0bb8 e-con-full sticky-section e-flex e-con e-child\" data-id=\"7b8e0bb8\" data-element_type=\"container\" data-e-type=\"container\" id=\"section1\">\n\t\t<div class=\"elementor-element elementor-element-76827c3c e-con-full e-flex e-con e-child\" data-id=\"76827c3c\" data-element_type=\"container\" data-e-type=\"container\">\n\t\t\t\t<div class=\"elementor-element elementor-element-4c651f7b elementor-widget elementor-widget-text-editor\" data-id=\"4c651f7b\" data-element_type=\"widget\" data-e-type=\"widget\" data-settings=\"{&quot;ekit_we_effect_on&quot;:&quot;none&quot;}\" data-widget_type=\"text-editor.default\">\n\t\t\t\t<div class=\"elementor-widget-container\">\n\t\t\t\t\t\t\t\t\t<p>Los ni\u00f1os estadounidenses de 15 a\u00f1os o menos deben ser titulares de un pasaporte infantil estadounidense para viajar al extranjero. Los padres o tutores legales deben obtener un pasaporte en nombre del menor. Cada cinco a\u00f1os, los ni\u00f1os deben volver a solicitar un nuevo pasaporte infantil hasta que tengan edad suficiente para obtener un pasaporte de adulto.  <\/p>\t\t\t\t\t\t\t\t<\/div>\n\t\t\t\t<\/div>\n\t\t\t\t<\/div>\n\t\t\t\t<\/div>\n\t\t<div class=\"elementor-element elementor-element-66e6c191 e-con-full sticky-section e-flex e-con e-child\" data-id=\"66e6c191\" data-element_type=\"container\" data-e-type=\"container\">\n\t\t<div class=\"elementor-element elementor-element-100ffaed e-con-full e-flex e-con e-child\" data-id=\"100ffaed\" data-element_type=\"container\" data-e-type=\"container\">\n\t\t\t\t<div class=\"elementor-element elementor-element-51bacf4 animated-fast elementor-invisible elementor-widget elementor-widget-elementskit-heading\" data-id=\"51bacf4\" data-element_type=\"widget\" data-e-type=\"widget\" data-settings=\"{&quot;_animation&quot;:&quot;fadeIn&quot;,&quot;_animation_delay&quot;:100,&quot;ekit_we_effect_on&quot;:&quot;none&quot;}\" data-widget_type=\"elementskit-heading.default\">\n\t\t\t\t<div class=\"elementor-widget-container\">\n\t\t\t\t\t<div class=\"ekit-wid-con\" ><div class=\"ekit-heading elementskit-section-title-wraper text_left   ekit_heading_tablet-   ekit_heading_mobile-\"><h3 class=\"ekit-heading--title elementskit-section-title \">Paso 1: Compra el Pasaporte Infantil en OnlineExpeditors.com<\/h3>\t\t\t\t<div class='ekit-heading__description'>\n\t\t\t\t\t<p>Elige el servicio que se ajuste a la urgencia de tu viaje y <strong>compra el pasaporte acelerado de tu hijo<\/strong>.<\/p>\n\t\t\t\t<\/div>\n\t\t\t<\/div><\/div>\t\t\t\t<\/div>\n\t\t\t\t<\/div>\n\t\t\t\t<div class=\"elementor-element elementor-element-3272e6c animated-fast elementor-invisible elementor-widget elementor-widget-elementskit-heading\" data-id=\"3272e6c\" data-element_type=\"widget\" data-e-type=\"widget\" data-settings=\"{&quot;_animation&quot;:&quot;fadeIn&quot;,&quot;_animation_delay&quot;:100,&quot;ekit_we_effect_on&quot;:&quot;none&quot;}\" data-widget_type=\"elementskit-heading.default\">\n\t\t\t\t<div class=\"elementor-widget-container\">\n\t\t\t\t\t<div class=\"ekit-wid-con\" ><div class=\"ekit-heading elementskit-section-title-wraper text_left   ekit_heading_tablet-   ekit_heading_mobile-\"><h3 class=\"ekit-heading--title elementskit-section-title \">Paso:2 Completa el Asistente de Pasaporte<\/h3>\t\t\t\t<div class='ekit-heading__description'>\n\t\t\t\t\t<p>Tras la compra, se te redirigir\u00e1 a la plataforma segura <strong>govWorks<\/strong>.<br>. All\u00ed, crea una cuenta y completa la solicitud de pasaporte de tu hijo mediante un sencillo asistente guiado.<\/p>\n\t\t\t\t<\/div>\n\t\t\t<\/div><\/div>\t\t\t\t<\/div>\n\t\t\t\t<\/div>\n\t\t\t\t<div class=\"elementor-element elementor-element-04807db animated-fast elementor-invisible elementor-widget elementor-widget-elementskit-heading\" data-id=\"04807db\" data-element_type=\"widget\" data-e-type=\"widget\" data-settings=\"{&quot;_animation&quot;:&quot;fadeIn&quot;,&quot;_animation_delay&quot;:100,&quot;ekit_we_effect_on&quot;:&quot;none&quot;}\" data-widget_type=\"elementskit-heading.default\">\n\t\t\t\t<div class=\"elementor-widget-container\">\n\t\t\t\t\t<div class=\"ekit-wid-con\" ><div class=\"ekit-heading elementskit-section-title-wraper text_left   ekit_heading_tablet-   ekit_heading_mobile-\"><h3 class=\"ekit-heading--title elementskit-section-title \">Paso 3: Re\u00fane los elementos necesarios<\/h3>\t\t\t\t<div class='ekit-heading__description'>\n\t\t\t\t\t<p>Una vez completada la solicitud, govWorks generar\u00e1 un paquete de documentos personalizado. Aseg\u00farate de que todos los documentos se <strong>imprimen por una sola cara<\/strong>. <\/p>\n\t\t\t\t<\/div>\n\t\t\t<\/div><\/div>\t\t\t\t<\/div>\n\t\t\t\t<\/div>\n\t\t\t\t<div class=\"elementor-element elementor-element-a7e03a2 elementor-widget elementor-widget-text-editor\" data-id=\"a7e03a2\" data-element_type=\"widget\" data-e-type=\"widget\" data-settings=\"{&quot;ekit_we_effect_on&quot;:&quot;none&quot;}\" data-widget_type=\"text-editor.default\">\n\t\t\t\t<div class=\"elementor-widget-container\">\n\t\t\t\t\t\t\t\t\t<div class=\"gw-resources-instructions-list u-pt u-pb-small u-ph u-mb-med\"><h5 class=\"u-fz-zeta u-pl-small\">Lista de requisitos:<\/h5><ol class=\"u-pl\"><li class=\"u-fz-milli u-mb u-fw-regular\"><b>Solicitud de pasaporte (DS-11)<\/b>: Esta solicitud se generar\u00e1 autom\u00e1ticamente desde nuestra plataforma.<\/li><li class=\"u-fz-milli u-mb u-fw-regular\"><b>Prueba de ciudadan\u00eda estadounidense<\/b>: <a href=\"https:\/\/www.onlineexpeditors.com\/requirements\/proof-of-citizenship\" target=\"_blank\" rel=\"noopener\">Ver lista de ejemplos<\/a><\/li><li class=\"u-fz-milli u-mb u-fw-regular\"><b>Prueba de identidad de los padres<\/b>: <a href=\"https:\/\/www.onlineexpeditors.com\/requirements\/proof-of-identity\" target=\"_blank\" rel=\"noopener\">Ver lista de ejemplos<\/a><\/li><li class=\"u-fz-milli u-mb u-fw-regular\"><b>Prueba de parentesco con los padres<\/b>: <a href=\"https:\/\/www.onlineexpeditors.com\/requirements\/proof-of-relationship\" target=\"_blank\" rel=\"noopener\">Ver lista de ejemplos<\/a><\/li><li class=\"u-fz-milli u-mb u-fw-regular\"><b>Foto de pasaporte<\/b>: <a href=\"https:\/\/www.onlineexpeditors.com\/requirements\/passport-photos\" target=\"_blank\" rel=\"noopener\">Ver foto de muestra<\/a><\/li><li class=\"u-fz-milli u-mb u-fw-regular\"><b>Prueba de viaje<\/b>: Un <a href=\"https:\/\/www.onlineexpeditors.com\/requirements\/proof-of-travel\" target=\"_blank\" rel=\"noopener\">itinerario de viaje o una carta de negocios<\/a> que indique que vas a viajar en un plazo de 2 semanas (o 4 semanas si necesitas un visado de viaje). Si no has hecho planes de viaje y no tienes una prueba de itinerario, no te preocupes, podemos ayudarte a obtener un documento alternativo. <\/li><li class=\"u-fz-milli u-mb u-fw-regular\"><b>Tasa gubernamental<\/b>: Se requiere un cheque o giro postal adicional pagadero a \u201cUS Department of State\u201d para todos los pedidos. El importe exacto puede variar entre 160 y 190 d\u00f3lares, dependiendo del tipo de solicitud de pasaporte. Una vez que hagas el pedido, la plataforma te indicar\u00e1 el importe exacto del cheque y c\u00f3mo extenderlo.  <\/li><li class=\"u-fz-milli u-mb u-fw-regular\"><b>Carta de Autorizaci\u00f3n<\/b>: Te proporcionaremos una Carta de Autorizaci\u00f3n que nos permite tramitar tu pasaporte en tu nombre. Debes firmar y fechar dos copias de este documento, preferiblemente con tinta azul, e incluir una de ellas dentro del sobre cerrado y la otra fuera del sobre cerrado antes de enviarnos tus documentos. <\/li><\/ol><\/div>\t\t\t\t\t\t\t\t<\/div>\n\t\t\t\t<\/div>\n\t\t\t\t<div class=\"elementor-element elementor-element-9da35a8 elementor-widget elementor-widget-text-editor\" data-id=\"9da35a8\" data-element_type=\"widget\" data-e-type=\"widget\" data-settings=\"{&quot;ekit_we_effect_on&quot;:&quot;none&quot;}\" data-widget_type=\"text-editor.default\">\n\t\t\t\t<div class=\"elementor-widget-container\">\n\t\t\t\t\t\t\t\t\t<div class=\"gw-resources-instructions-list u-pt u-pb-small u-ph u-mb-med\"><p class=\"u-fz-zeta u-pl-small\"><strong>Importante: <\/strong> Tanto los padres como el menor deben acudir juntos al Agente de Aceptaci\u00f3n de Pasaportes. Sin embargo, como est\u00e1s solicitando un pasaporte en nombre de un menor, pueden darse varias circunstancias especiales en las que se requiera documentaci\u00f3n adicional. <\/p><\/div>\t\t\t\t\t\t\t\t<\/div>\n\t\t\t\t<\/div>\n\t\t\t\t<div class=\"elementor-element elementor-element-5a8062e elementor-widget elementor-widget-text-editor\" data-id=\"5a8062e\" data-element_type=\"widget\" data-e-type=\"widget\" data-settings=\"{&quot;ekit_we_effect_on&quot;:&quot;none&quot;}\" data-widget_type=\"text-editor.default\">\n\t\t\t\t<div class=\"elementor-widget-container\">\n\t\t\t\t\t\t\t\t\t<div class=\"gw-resources-instructions-list u-pt u-pb-small u-ph u-mb-med\"><div class=\"gw-resources-instructions-list u-pt u-pb-small u-ph u-mb-med\"><div class=\"gw-resources-instructions-list u-pt u-pb-small u-ph u-mb-med\"><h5 class=\"u-fz-zeta u-pl-small\">Circunstancias especiales<\/h5><ul class=\"u-pl\"><li class=\"u-fz-milli u-mb-small u-fw-regular\">Cuando uno de los progenitores\/tutor legal no est\u00e9 disponible en el momento de la ejecuci\u00f3n del pasaporte, deber\u00e1 incluirse un formulario de consentimiento DS-3053 cumplimentado y firmado ante notario.<\/li><li class=\"u-fz-milli u-mb-small u-fw-regular\">Debe incluirse el formulario DS-5525 si uno de los progenitores\/tutores legales no est\u00e1 disponible y no puede firmar el formulario de consentimiento DS-3053 al solicitar el pasaporte de un menor.<\/li><li class=\"u-fz-milli u-mb-small u-fw-regular\">Si uno de los progenitores tiene la custodia exclusiva del menor, debe presentar documentaci\u00f3n legal que demuestre que tiene la custodia exclusiva.<\/li><li class=\"u-fz-milli u-mb-small u-fw-regular\">Si ninguno de los progenitores puede comparecer, un tercero puede solicitar el pasaporte del menor con una declaraci\u00f3n notarial de ambos progenitores\/tutores que autorice a ese tercero a solicitarlo en nombre del menor.<\/li><li class=\"u-fz-milli u-mb-small u-fw-regular\">Si un menor no tiene n\u00famero de la Seguridad Social, debe presentar una declaraci\u00f3n firmada y fechada. La declaraci\u00f3n debe decir \u201cDeclaro bajo pena de perjurio en virtud de las leyes de los Estados Unidos de Am\u00e9rica que lo siguiente es cierto y correcto: (Nombre completo del menor) nunca ha recibido un n\u00famero de la Seguridad Social de la Administraci\u00f3n de la Seguridad Social.\u201d <\/li><\/ul><\/div><\/div><\/div>\t\t\t\t\t\t\t\t<\/div>\n\t\t\t\t<\/div>\n\t\t\t\t<div class=\"elementor-element elementor-element-1fddcd6 elementor-widget elementor-widget-elementskit-heading\" data-id=\"1fddcd6\" data-element_type=\"widget\" data-e-type=\"widget\" data-settings=\"{&quot;ekit_we_effect_on&quot;:&quot;none&quot;}\" data-widget_type=\"elementskit-heading.default\">\n\t\t\t\t<div class=\"elementor-widget-container\">\n\t\t\t\t\t<div class=\"ekit-wid-con\" ><div class=\"ekit-heading elementskit-section-title-wraper text_left   ekit_heading_tablet-   ekit_heading_mobile-\"><h3 class=\"ekit-heading--title elementskit-section-title \">Paso 4: Visita a un Agente de Aceptaci\u00f3n de Pasaportes<\/h3>\t\t\t\t<div class='ekit-heading__description'>\n\t\t\t\t\t<p>Despu\u00e9s de rellenar tu solicitud de pasaporte y reunir todos los elementos de la lista de control, debes llevarla a un Agente de Aceptaci\u00f3n de Pasaportes (AA), que la revisar\u00e1 y ser\u00e1 testigo de tu firma. Los Agentes de Aceptaci\u00f3n de Pasaportes son muy comunes y f\u00e1ciles de encontrar en tu zona, normalmente se encuentran en las Oficinas de Correos de EE.UU. o en los Juzgados. <\/p>\n<p>Informa al Agente de Aceptaci\u00f3n de que vas a utilizar un servicio de expedici\u00f3n para \u201cllevar en mano\u201d tu solicitud de pasaporte al gobierno para su tramitaci\u00f3n.<\/p>\n\t\t\t\t<\/div>\n\t\t\t<\/div><\/div>\t\t\t\t<\/div>\n\t\t\t\t<\/div>\n\t\t\t\t<div class=\"elementor-element elementor-element-fa853e7 elementor-widget elementor-widget-text-editor\" data-id=\"fa853e7\" data-element_type=\"widget\" data-e-type=\"widget\" data-settings=\"{&quot;ekit_we_effect_on&quot;:&quot;none&quot;}\" data-widget_type=\"text-editor.default\">\n\t\t\t\t<div class=\"elementor-widget-container\">\n\t\t\t\t\t\t\t\t\t<div class=\"gw-resources-instructions-list u-pt u-pb-small u-ph u-mb-med\"><h5 class=\"u-fz-zeta u-pl-small\">El AA lo har\u00e1 entonces:<\/h5><ol class=\"u-pl\"><li class=\"u-fz-milli u-mb u-fw-regular\">Pedirte que firmes el DS-11 (DS-5525, si procede).<\/li><li class=\"u-fz-milli u-mb u-fw-regular\">A\u00f1ade su firma al DS-11.<\/li><li class=\"u-fz-milli u-mb u-fw-regular\">Comprueba tu identificaci\u00f3n.<\/li><li class=\"u-fz-milli u-mb u-fw-regular\">El agente recoger\u00e1 todos tus documentos justificativos y los sellar\u00e1 en un sobre con el Formulario DS-11 firmado, utilizando un sello o estampilla oficial.<\/li><\/ol><\/div><p><strong>Importante: <\/strong> Aseg\u00farate de que el (AA) te devuelve el sobre cerrado para que puedas enviarlo directamente a OnlineExpeditors. Env\u00eda el sobre cerrado a OnlineExpeditors en cuanto est\u00e9 cerrado. El precinto del sobre caduca a los cuatro d\u00edas h\u00e1biles.  <\/p>\t\t\t\t\t\t\t\t<\/div>\n\t\t\t\t<\/div>\n\t\t\t\t<div class=\"elementor-element elementor-element-2be0d39 elementor-widget elementor-widget-elementskit-heading\" data-id=\"2be0d39\" data-element_type=\"widget\" data-e-type=\"widget\" data-settings=\"{&quot;ekit_we_effect_on&quot;:&quot;none&quot;}\" data-widget_type=\"elementskit-heading.default\">\n\t\t\t\t<div class=\"elementor-widget-container\">\n\t\t\t\t\t<div class=\"ekit-wid-con\" ><div class=\"ekit-heading elementskit-section-title-wraper text_left   ekit_heading_tablet-   ekit_heading_mobile-\"><h3 class=\"ekit-heading--title elementskit-section-title \">Paso 5: Env\u00edanos tu paquete de solicitud de pasaporte por FedEx<\/h3><\/div><\/div>\t\t\t\t<\/div>\n\t\t\t\t<\/div>\n\t\t\t\t<div class=\"elementor-element elementor-element-f1dad44 elementor-widget elementor-widget-text-editor\" data-id=\"f1dad44\" data-element_type=\"widget\" data-e-type=\"widget\" data-settings=\"{&quot;ekit_we_effect_on&quot;:&quot;none&quot;}\" data-widget_type=\"text-editor.default\">\n\t\t\t\t<div class=\"elementor-widget-container\">\n\t\t\t\t\t\t\t\t\t<ul class=\"gw-resources-instructions-regularlist\"><li>Ponte en contacto con tu Representante de Satisfacci\u00f3n del Cliente asignado para revisar r\u00e1pidamente tus documentos antes de envi\u00e1rnoslos y para obtener tu etiqueta de env\u00edo Fedex prepagada.<\/li><li>Escribe el nombre y apellidos del solicitante, la fecha de nacimiento y la fecha de salida en el sobre cerrado.<\/li><li>Introduce el sobre cerrado en un sobre de FedEx.<\/li><li>Las segundas copias de tus documentos acreditativos y del formulario DS-11 deben introducirse en el sobre de FedEx junto al sobre cerrado (pero separados de \u00e9l). Esto nos permite revisarlo todo para comprobar su exactitud antes de entregar tu solicitud para su tramitaci\u00f3n. Presentar la documentaci\u00f3n sin errores eliminar\u00e1 los retrasos.  <\/li><li>Env\u00eda el sobre FedEx a nuestra oficina utilizando la etiqueta FedEx proporcionada por OnlineExpeditors.com.<\/li><\/ul>\t\t\t\t\t\t\t\t<\/div>\n\t\t\t\t<\/div>\n\t\t\t\t<\/div>\n\t\t\t\t<\/div>\n\t\t\t\t<\/div>\n\t\t\t\t\t<\/div>\n\t\t\t\t<\/div>\n\t\t\t\t<\/div>\n\t\t","protected":false},"excerpt":{"rendered":"<p>Instrucciones para el Pasaporte Infantil Los ni\u00f1os estadounidenses de 15 a\u00f1os o menos deben ser titulares de un pasaporte infantil estadounidense para viajar al extranjero. Los padres o tutores legales deben obtener un pasaporte en nombre del menor. Cada cinco a\u00f1os, los ni\u00f1os deben volver a solicitar un nuevo pasaporte infantil hasta que tengan edad [&hellip;]<\/p>\n","protected":false},"author":6,"featured_media":0,"parent":0,"menu_order":0,"comment_status":"closed","ping_status":"closed","template":"","meta":{"footnotes":""},"class_list":["post-24313","page","type-page","status-publish","hentry"],"aioseo_notices":[],"_links":{"self":[{"href":"https:\/\/passportexpress.co\/es\/wp-json\/wp\/v2\/pages\/24313","targetHints":{"allow":["GET"]}}],"collection":[{"href":"https:\/\/passportexpress.co\/es\/wp-json\/wp\/v2\/pages"}],"about":[{"href":"https:\/\/passportexpress.co\/es\/wp-json\/wp\/v2\/types\/page"}],"author":[{"embeddable":true,"href":"https:\/\/passportexpress.co\/es\/wp-json\/wp\/v2\/users\/6"}],"replies":[{"embeddable":true,"href":"https:\/\/passportexpress.co\/es\/wp-json\/wp\/v2\/comments?post=24313"}],"version-history":[{"count":10,"href":"https:\/\/passportexpress.co\/es\/wp-json\/wp\/v2\/pages\/24313\/revisions"}],"predecessor-version":[{"id":24354,"href":"https:\/\/passportexpress.co\/es\/wp-json\/wp\/v2\/pages\/24313\/revisions\/24354"}],"wp:attachment":[{"href":"https:\/\/passportexpress.co\/es\/wp-json\/wp\/v2\/media?parent=24313"}],"curies":[{"name":"wp","href":"https:\/\/api.w.org\/{rel}","templated":true}]}}