{"id":24241,"date":"2025-06-03T07:18:30","date_gmt":"2025-06-03T07:18:30","guid":{"rendered":"https:\/\/passportexpress.co\/carta-de-empresa\/"},"modified":"2025-06-03T09:40:30","modified_gmt":"2025-06-03T09:40:30","slug":"carta-de-empresa","status":"publish","type":"page","link":"https:\/\/passportexpress.co\/es\/carta-de-empresa\/","title":{"rendered":"Carta de empresa"},"content":{"rendered":"\t\t<div data-elementor-type=\"wp-page\" data-elementor-id=\"24241\" class=\"elementor elementor-24241 elementor-24239\">\n\t\t\t\t<div class=\"elementor-element elementor-element-3ce56601 e-flex e-con-boxed e-con e-parent\" data-id=\"3ce56601\" data-element_type=\"container\" data-e-type=\"container\" data-settings=\"{&quot;background_background&quot;:&quot;classic&quot;}\">\n\t\t\t\t\t<div class=\"e-con-inner\">\n\t\t<div class=\"elementor-element elementor-element-3dd06bc2 e-con-full e-flex e-con e-child\" data-id=\"3dd06bc2\" data-element_type=\"container\" data-e-type=\"container\">\n\t\t\t\t<div class=\"elementor-element elementor-element-1132ecc8 animated-fast elementor-invisible elementor-widget elementor-widget-elementskit-heading\" data-id=\"1132ecc8\" data-element_type=\"widget\" data-e-type=\"widget\" data-settings=\"{&quot;ekit_we_effect_on&quot;:&quot;css&quot;,&quot;_animation&quot;:&quot;fadeIn&quot;,&quot;_animation_delay&quot;:100}\" data-widget_type=\"elementskit-heading.default\">\n\t\t\t\t<div class=\"elementor-widget-container\">\n\t\t\t\t\t<div class=\"ekit-wid-con\" ><div class=\"ekit-heading elementskit-section-title-wraper text_center   ekit_heading_tablet-   ekit_heading_mobile-\"><h1 class=\"ekit-heading--title elementskit-section-title \">Carta de empresa<\/h1><div class=\"ekit_heading_separetor_wraper ekit_heading_elementskit-border-divider ekit-dotted\"><div class=\"elementskit-border-divider ekit-dotted\"><\/div><\/div><\/div><\/div>\t\t\t\t<\/div>\n\t\t\t\t<\/div>\n\t\t\t\t<\/div>\n\t\t\t\t\t<\/div>\n\t\t\t\t<\/div>\n\t\t<div class=\"elementor-element elementor-element-ef2c460 e-flex e-con-boxed e-con e-parent\" data-id=\"ef2c460\" data-element_type=\"container\" data-e-type=\"container\" id=\"accordian-sec\" data-settings=\"{&quot;animation&quot;:&quot;none&quot;,&quot;background_background&quot;:&quot;classic&quot;}\">\n\t\t\t\t\t<div class=\"e-con-inner\">\n\t\t<div class=\"elementor-element elementor-element-7c1e915e e-con-full e-flex e-con e-child\" data-id=\"7c1e915e\" data-element_type=\"container\" data-e-type=\"container\">\n\t\t<div class=\"elementor-element elementor-element-1c488e6f e-con-full sticky-section e-flex e-con e-child\" data-id=\"1c488e6f\" data-element_type=\"container\" data-e-type=\"container\" id=\"section1\">\n\t\t<div class=\"elementor-element elementor-element-794e7489 e-con-full e-flex e-con e-child\" data-id=\"794e7489\" data-element_type=\"container\" data-e-type=\"container\">\n\t\t\t\t<div class=\"elementor-element elementor-element-2b077823 elementor-widget elementor-widget-text-editor\" data-id=\"2b077823\" data-element_type=\"widget\" data-e-type=\"widget\" data-settings=\"{&quot;ekit_we_effect_on&quot;:&quot;none&quot;}\" data-widget_type=\"text-editor.default\">\n\t\t\t\t<div class=\"elementor-widget-container\">\n\t\t\t\t\t\t\t\t\t<p class=\"u-fw-light\">  Para los clientes que no puedan obtener un itinerario de viaje, la Agencia de Pasaportes de EE.UU. aceptar\u00e1 una carta de empresa que se utilizar\u00e1 en lugar de los billetes de avi\u00f3n o de un itinerario de viaje.  <\/p>\t\t\t\t\t\t\t\t<\/div>\n\t\t\t\t<\/div>\n\t\t\t\t<\/div>\n\t\t\t\t<\/div>\n\t\t<div class=\"elementor-element elementor-element-1ab3730a e-con-full sticky-section e-flex e-con e-child\" data-id=\"1ab3730a\" data-element_type=\"container\" data-e-type=\"container\">\n\t\t<div class=\"elementor-element elementor-element-511991f4 e-con-full e-flex e-con e-child\" data-id=\"511991f4\" data-element_type=\"container\" data-e-type=\"container\">\n\t\t\t\t<div class=\"elementor-element elementor-element-6a7db513 animated-fast elementor-invisible elementor-widget elementor-widget-elementskit-heading\" data-id=\"6a7db513\" data-element_type=\"widget\" data-e-type=\"widget\" data-settings=\"{&quot;_animation&quot;:&quot;fadeIn&quot;,&quot;_animation_delay&quot;:100,&quot;ekit_we_effect_on&quot;:&quot;none&quot;}\" data-widget_type=\"elementskit-heading.default\">\n\t\t\t\t<div class=\"elementor-widget-container\">\n\t\t\t\t\t<div class=\"ekit-wid-con\" ><div class=\"ekit-heading elementskit-section-title-wraper text_left   ekit_heading_tablet-   ekit_heading_mobile-\"><h3 class=\"ekit-heading--title elementskit-section-title \">  La carta debe contener lo siguiente  <\/h3><\/div><\/div>\t\t\t\t<\/div>\n\t\t\t\t<\/div>\n\t\t\t\t<div class=\"elementor-element elementor-element-7dc16792 elementor-widget elementor-widget-text-editor\" data-id=\"7dc16792\" data-element_type=\"widget\" data-e-type=\"widget\" data-settings=\"{&quot;ekit_we_effect_on&quot;:&quot;none&quot;}\" data-widget_type=\"text-editor.default\">\n\t\t\t\t<div class=\"elementor-widget-container\">\n\t\t\t\t\t\t\t\t\t<ul>\n<li><strong>La carta debe estar escrita en papel con membrete de la empresa<\/strong><\/li>\n<li><strong>El nombre del solicitante del pasaporte empleado por la empresa<\/strong><\/li>\n<li><strong>El pa\u00eds a visitar<\/strong><\/li>\n<li><strong>Fecha de salida del solicitante (si puedes viajar en cualquier momento, indica la fecha aproximada m\u00e1s pr\u00f3xima)<\/strong><\/li>\n<li><strong>La carta debe estar firmada por una persona distinta del solicitante<\/strong><\/li>\n<\/ul>\t\t\t\t\t\t\t\t<\/div>\n\t\t\t\t<\/div>\n\t\t\t\t<div class=\"elementor-element elementor-element-5ebd696 elementor-widget elementor-widget-text-editor\" data-id=\"5ebd696\" data-element_type=\"widget\" data-e-type=\"widget\" data-settings=\"{&quot;ekit_we_effect_on&quot;:&quot;none&quot;}\" data-widget_type=\"text-editor.default\">\n\t\t\t\t<div class=\"elementor-widget-container\">\n\t\t\t\t\t\t\t\t\t<p><strong>Nota:<\/strong> No puedes firmar tu propia carta y la fecha de salida en la carta debe ser inferior a 14 d\u00edas.<\/p>\t\t\t\t\t\t\t\t<\/div>\n\t\t\t\t<\/div>\n\t\t\t\t<\/div>\n\t\t\t\t<\/div>\n\t\t\t\t<\/div>\n\t\t\t\t\t<\/div>\n\t\t\t\t<\/div>\n\t\t\t\t<\/div>\n\t\t","protected":false},"excerpt":{"rendered":"<p>Carta de empresa Para los clientes que no puedan obtener un itinerario de viaje, la Agencia de Pasaportes de EE.UU. aceptar\u00e1 una carta de empresa que se utilizar\u00e1 en lugar de los billetes de avi\u00f3n o de un itinerario de viaje. La carta debe contener lo siguiente La carta debe estar escrita en papel con [&hellip;]<\/p>\n","protected":false},"author":6,"featured_media":0,"parent":0,"menu_order":0,"comment_status":"closed","ping_status":"closed","template":"","meta":{"footnotes":""},"class_list":["post-24241","page","type-page","status-publish","hentry"],"aioseo_notices":[],"_links":{"self":[{"href":"https:\/\/passportexpress.co\/es\/wp-json\/wp\/v2\/pages\/24241","targetHints":{"allow":["GET"]}}],"collection":[{"href":"https:\/\/passportexpress.co\/es\/wp-json\/wp\/v2\/pages"}],"about":[{"href":"https:\/\/passportexpress.co\/es\/wp-json\/wp\/v2\/types\/page"}],"author":[{"embeddable":true,"href":"https:\/\/passportexpress.co\/es\/wp-json\/wp\/v2\/users\/6"}],"replies":[{"embeddable":true,"href":"https:\/\/passportexpress.co\/es\/wp-json\/wp\/v2\/comments?post=24241"}],"version-history":[{"count":4,"href":"https:\/\/passportexpress.co\/es\/wp-json\/wp\/v2\/pages\/24241\/revisions"}],"predecessor-version":[{"id":24264,"href":"https:\/\/passportexpress.co\/es\/wp-json\/wp\/v2\/pages\/24241\/revisions\/24264"}],"wp:attachment":[{"href":"https:\/\/passportexpress.co\/es\/wp-json\/wp\/v2\/media?parent=24241"}],"curies":[{"name":"wp","href":"https:\/\/api.w.org\/{rel}","templated":true}]}}