{"id":24238,"date":"2025-06-03T07:18:02","date_gmt":"2025-06-03T07:18:02","guid":{"rendered":"https:\/\/passportexpress.co\/prueba-de-viaje\/"},"modified":"2025-06-03T10:23:40","modified_gmt":"2025-06-03T10:23:40","slug":"prueba-de-viaje","status":"publish","type":"page","link":"https:\/\/passportexpress.co\/es\/prueba-de-viaje\/","title":{"rendered":"Prueba de viaje"},"content":{"rendered":"\t\t<div data-elementor-type=\"wp-page\" data-elementor-id=\"24238\" class=\"elementor elementor-24238 elementor-24236\">\n\t\t\t\t<div class=\"elementor-element elementor-element-c3bbd34 e-flex e-con-boxed e-con e-parent\" data-id=\"c3bbd34\" data-element_type=\"container\" data-e-type=\"container\" data-settings=\"{&quot;background_background&quot;:&quot;classic&quot;}\">\n\t\t\t\t\t<div class=\"e-con-inner\">\n\t\t<div class=\"elementor-element elementor-element-76ce8964 e-con-full e-flex e-con e-child\" data-id=\"76ce8964\" data-element_type=\"container\" data-e-type=\"container\">\n\t\t\t\t<div class=\"elementor-element elementor-element-73cfbf8b animated-fast elementor-invisible elementor-widget elementor-widget-elementskit-heading\" data-id=\"73cfbf8b\" data-element_type=\"widget\" data-e-type=\"widget\" data-settings=\"{&quot;ekit_we_effect_on&quot;:&quot;css&quot;,&quot;_animation&quot;:&quot;fadeIn&quot;,&quot;_animation_delay&quot;:100}\" data-widget_type=\"elementskit-heading.default\">\n\t\t\t\t<div class=\"elementor-widget-container\">\n\t\t\t\t\t<div class=\"ekit-wid-con\" ><div class=\"ekit-heading elementskit-section-title-wraper text_center   ekit_heading_tablet-   ekit_heading_mobile-\"><h1 class=\"ekit-heading--title elementskit-section-title \">  Requisitos de la prueba de viaje  <\/h1><div class=\"ekit_heading_separetor_wraper ekit_heading_elementskit-border-divider ekit-dotted\"><div class=\"elementskit-border-divider ekit-dotted\"><\/div><\/div><\/div><\/div>\t\t\t\t<\/div>\n\t\t\t\t<\/div>\n\t\t\t\t<\/div>\n\t\t\t\t\t<\/div>\n\t\t\t\t<\/div>\n\t\t<div class=\"elementor-element elementor-element-28061c7e e-flex e-con-boxed e-con e-parent\" data-id=\"28061c7e\" data-element_type=\"container\" data-e-type=\"container\" id=\"accordian-sec\" data-settings=\"{&quot;animation&quot;:&quot;none&quot;,&quot;background_background&quot;:&quot;classic&quot;}\">\n\t\t\t\t\t<div class=\"e-con-inner\">\n\t\t<div class=\"elementor-element elementor-element-4b8d6290 e-con-full e-flex e-con e-child\" data-id=\"4b8d6290\" data-element_type=\"container\" data-e-type=\"container\">\n\t\t<div class=\"elementor-element elementor-element-2f02a116 e-con-full sticky-section e-flex e-con e-child\" data-id=\"2f02a116\" data-element_type=\"container\" data-e-type=\"container\" id=\"section1\">\n\t\t<div class=\"elementor-element elementor-element-57ca11af e-con-full e-flex e-con e-child\" data-id=\"57ca11af\" data-element_type=\"container\" data-e-type=\"container\">\n\t\t\t\t<div class=\"elementor-element elementor-element-45916e9e elementor-widget elementor-widget-text-editor\" data-id=\"45916e9e\" data-element_type=\"widget\" data-e-type=\"widget\" data-settings=\"{&quot;ekit_we_effect_on&quot;:&quot;none&quot;}\" data-widget_type=\"text-editor.default\">\n\t\t\t\t<div class=\"elementor-widget-container\">\n\t\t\t\t\t\t\t\t\t<p data-start=\"170\" data-end=\"386\">Si vas a <strong data-start=\"181\" data-end=\"209\">acelerar la tramitaci\u00f3n de tu pasaporte<\/strong>, el gobierno de EE.UU. exige <strong data-start=\"240\" data-end=\"268\">una prueba de viaje inminente<\/strong>, normalmente en las pr\u00f3ximas dos semanas. Esta documentaci\u00f3n ayuda a acelerar la tramitaci\u00f3n de tu solicitud de pasaporte. <\/p><p data-start=\"388\" data-end=\"517\">Revisa a continuaci\u00f3n las formas aceptadas de prueba de viaje y aseg\u00farate de que tus documentos incluyen tu <strong data-start=\"482\" data-end=\"495\">nombre completo<\/strong> y <strong data-start=\"500\" data-end=\"516\">las fechas del viaje<\/strong>.<\/p>\t\t\t\t\t\t\t\t<\/div>\n\t\t\t\t<\/div>\n\t\t\t\t<\/div>\n\t\t\t\t<\/div>\n\t\t<div class=\"elementor-element elementor-element-1942f990 e-con-full sticky-section e-flex e-con e-child\" data-id=\"1942f990\" data-element_type=\"container\" data-e-type=\"container\">\n\t\t<div class=\"elementor-element elementor-element-5628ed4f e-con-full e-flex e-con e-child\" data-id=\"5628ed4f\" data-element_type=\"container\" data-e-type=\"container\">\n\t\t\t\t<div class=\"elementor-element elementor-element-58b704e0 animated-fast elementor-invisible elementor-widget elementor-widget-elementskit-heading\" data-id=\"58b704e0\" data-element_type=\"widget\" data-e-type=\"widget\" data-settings=\"{&quot;_animation&quot;:&quot;fadeIn&quot;,&quot;_animation_delay&quot;:100,&quot;ekit_we_effect_on&quot;:&quot;none&quot;}\" data-widget_type=\"elementskit-heading.default\">\n\t\t\t\t<div class=\"elementor-widget-container\">\n\t\t\t\t\t<div class=\"ekit-wid-con\" ><div class=\"ekit-heading elementskit-section-title-wraper text_left   ekit_heading_tablet-   ekit_heading_mobile-\"><h3 class=\"ekit-heading--title elementskit-section-title \">  Billete de avi\u00f3n o itinerario de viaje  <\/h3>\t\t\t\t<div class='ekit-heading__description'>\n\t\t\t\t\t<p class=\"u-fw-light\">Una copia de tu billete de avi\u00f3n o un itinerario de viaje generado por una agencia de viajes en el que aparezca tu nombre y la fecha del viaje.<\/p>\n\t\t\t\t<\/div>\n\t\t\t<\/div><\/div>\t\t\t\t<\/div>\n\t\t\t\t<\/div>\n\t\t\t\t<div class=\"elementor-element elementor-element-57ebdd1 animated-fast elementor-invisible elementor-widget elementor-widget-elementskit-heading\" data-id=\"57ebdd1\" data-element_type=\"widget\" data-e-type=\"widget\" data-settings=\"{&quot;_animation&quot;:&quot;fadeIn&quot;,&quot;_animation_delay&quot;:100,&quot;ekit_we_effect_on&quot;:&quot;none&quot;}\" data-widget_type=\"elementskit-heading.default\">\n\t\t\t\t<div class=\"elementor-widget-container\">\n\t\t\t\t\t<div class=\"ekit-wid-con\" ><div class=\"ekit-heading elementskit-section-title-wraper text_left   ekit_heading_tablet-   ekit_heading_mobile-\"><h3 class=\"ekit-heading--title elementskit-section-title \">  Carta comercial  <\/h3>\t\t\t\t<div class='ekit-heading__description'>\n\t\t\t\t\t<p class=\"u-fw-light\">Los viajeros de negocios pueden presentar una carta de negocios si no disponen de ninguna de las anteriores.<\/p>\n\t\t\t\t<\/div>\n\t\t\t<\/div><\/div>\t\t\t\t<\/div>\n\t\t\t\t<\/div>\n\t\t\t\t<div class=\"elementor-element elementor-element-4ac5dac animated-fast elementor-invisible elementor-widget elementor-widget-elementskit-heading\" data-id=\"4ac5dac\" data-element_type=\"widget\" data-e-type=\"widget\" data-settings=\"{&quot;_animation&quot;:&quot;fadeIn&quot;,&quot;_animation_delay&quot;:100,&quot;ekit_we_effect_on&quot;:&quot;none&quot;}\" data-widget_type=\"elementskit-heading.default\">\n\t\t\t\t<div class=\"elementor-widget-container\">\n\t\t\t\t\t<div class=\"ekit-wid-con\" ><div class=\"ekit-heading elementskit-section-title-wraper text_left   ekit_heading_tablet-   ekit_heading_mobile-\"><h3 class=\"ekit-heading--title elementskit-section-title \">  Viajes por motivos de trabajo  <\/h3>\t\t\t\t<div class='ekit-heading__description'>\n\t\t\t\t\t<p class=\"u-fw-light\">Si necesitas el pasaporte por motivos laborales, tambi\u00e9n puede ser necesaria una carta justificativa del Departamento de RRHH de tu empresa.<\/p>\n\t\t\t\t<\/div>\n\t\t\t<\/div><\/div>\t\t\t\t<\/div>\n\t\t\t\t<\/div>\n\t\t\t\t<\/div>\n\t\t\t\t<\/div>\n\t\t\t\t<\/div>\n\t\t\t\t\t<\/div>\n\t\t\t\t<\/div>\n\t\t\t\t<\/div>\n\t\t","protected":false},"excerpt":{"rendered":"<p>Requisitos de la prueba de viaje Si vas a acelerar la tramitaci\u00f3n de tu pasaporte, el gobierno de EE.UU. exige una prueba de viaje inminente, normalmente en las pr\u00f3ximas dos semanas. Esta documentaci\u00f3n ayuda a acelerar la tramitaci\u00f3n de tu solicitud de pasaporte. Revisa a continuaci\u00f3n las formas aceptadas de prueba de viaje y aseg\u00farate [&hellip;]<\/p>\n","protected":false},"author":6,"featured_media":0,"parent":0,"menu_order":0,"comment_status":"closed","ping_status":"closed","template":"","meta":{"footnotes":""},"class_list":["post-24238","page","type-page","status-publish","hentry"],"aioseo_notices":[],"_links":{"self":[{"href":"https:\/\/passportexpress.co\/es\/wp-json\/wp\/v2\/pages\/24238","targetHints":{"allow":["GET"]}}],"collection":[{"href":"https:\/\/passportexpress.co\/es\/wp-json\/wp\/v2\/pages"}],"about":[{"href":"https:\/\/passportexpress.co\/es\/wp-json\/wp\/v2\/types\/page"}],"author":[{"embeddable":true,"href":"https:\/\/passportexpress.co\/es\/wp-json\/wp\/v2\/users\/6"}],"replies":[{"embeddable":true,"href":"https:\/\/passportexpress.co\/es\/wp-json\/wp\/v2\/comments?post=24238"}],"version-history":[{"count":3,"href":"https:\/\/passportexpress.co\/es\/wp-json\/wp\/v2\/pages\/24238\/revisions"}],"predecessor-version":[{"id":24295,"href":"https:\/\/passportexpress.co\/es\/wp-json\/wp\/v2\/pages\/24238\/revisions\/24295"}],"wp:attachment":[{"href":"https:\/\/passportexpress.co\/es\/wp-json\/wp\/v2\/media?parent=24238"}],"curies":[{"name":"wp","href":"https:\/\/api.w.org\/{rel}","templated":true}]}}