{"id":24229,"date":"2025-06-03T07:16:35","date_gmt":"2025-06-03T07:16:35","guid":{"rendered":"https:\/\/passportexpress.co\/recursos-gubernamentales\/"},"modified":"2025-06-11T06:46:36","modified_gmt":"2025-06-11T06:46:36","slug":"recursos-gubernamentales","status":"publish","type":"page","link":"https:\/\/passportexpress.co\/es\/recursos-gubernamentales\/","title":{"rendered":"Recursos gubernamentales"},"content":{"rendered":"\t\t<div data-elementor-type=\"wp-page\" data-elementor-id=\"24229\" class=\"elementor elementor-24229 elementor-24226\">\n\t\t\t\t<div class=\"elementor-element elementor-element-4f11258 e-flex e-con-boxed e-con e-parent\" data-id=\"4f11258\" data-element_type=\"container\" data-e-type=\"container\" data-settings=\"{&quot;background_background&quot;:&quot;classic&quot;}\">\n\t\t\t\t\t<div class=\"e-con-inner\">\n\t\t<div class=\"elementor-element elementor-element-2c7f4b94 e-con-full e-flex e-con e-child\" data-id=\"2c7f4b94\" data-element_type=\"container\" data-e-type=\"container\">\n\t\t\t\t<div class=\"elementor-element elementor-element-8a65d2 animated-fast elementor-invisible elementor-widget elementor-widget-elementskit-heading\" data-id=\"8a65d2\" data-element_type=\"widget\" data-e-type=\"widget\" data-settings=\"{&quot;ekit_we_effect_on&quot;:&quot;css&quot;,&quot;_animation&quot;:&quot;fadeIn&quot;,&quot;_animation_delay&quot;:100}\" data-widget_type=\"elementskit-heading.default\">\n\t\t\t\t<div class=\"elementor-widget-container\">\n\t\t\t\t\t<div class=\"ekit-wid-con\" ><div class=\"ekit-heading elementskit-section-title-wraper text_center   ekit_heading_tablet-   ekit_heading_mobile-\"><h1 class=\"ekit-heading--title elementskit-section-title \">Recursos del Gobierno de EE.UU.<\/h1><div class=\"ekit_heading_separetor_wraper ekit_heading_elementskit-border-divider ekit-dotted\"><div class=\"elementskit-border-divider ekit-dotted\"><\/div><\/div><\/div><\/div>\t\t\t\t<\/div>\n\t\t\t\t<\/div>\n\t\t\t\t<\/div>\n\t\t\t\t\t<\/div>\n\t\t\t\t<\/div>\n\t\t<div class=\"elementor-element elementor-element-5cc57fa0 e-flex e-con-boxed e-con e-parent\" data-id=\"5cc57fa0\" data-element_type=\"container\" data-e-type=\"container\" id=\"accordian-sec\" data-settings=\"{&quot;animation&quot;:&quot;none&quot;,&quot;background_background&quot;:&quot;classic&quot;}\">\n\t\t\t\t\t<div class=\"e-con-inner\">\n\t\t<div class=\"elementor-element elementor-element-310f5fb1 e-con-full e-flex e-con e-child\" data-id=\"310f5fb1\" data-element_type=\"container\" data-e-type=\"container\">\n\t\t<div class=\"elementor-element elementor-element-5d9f41c7 e-con-full sticky-section e-flex e-con e-child\" data-id=\"5d9f41c7\" data-element_type=\"container\" data-e-type=\"container\" id=\"section1\">\n\t\t<div class=\"elementor-element elementor-element-1339cab3 e-con-full e-flex e-con e-child\" data-id=\"1339cab3\" data-element_type=\"container\" data-e-type=\"container\">\n\t\t\t\t<div class=\"elementor-element elementor-element-26e7bca3 elementor-widget elementor-widget-text-editor\" data-id=\"26e7bca3\" data-element_type=\"widget\" data-e-type=\"widget\" data-settings=\"{&quot;ekit_we_effect_on&quot;:&quot;none&quot;}\" data-widget_type=\"text-editor.default\">\n\t\t\t\t<div class=\"elementor-widget-container\">\n\t\t\t\t\t\t\t\t\t<h3 class=\"gw-brand-font\">\u00bfBuscas informaci\u00f3n sobre el pasaporte estadounidense?<\/h3><div class=\"u-fz-epsilon\"><p>govWorks ha recopilado algunas magn\u00edficas herramientas y recursos del gobierno de EE.UU. para ayudarte a entender tus opciones de pasaporte y visado de viaje. A continuaci\u00f3n encontrar\u00e1s formularios del Departamento de Estado de EE.UU., junto con instrucciones detalladas, consejos \u00fatiles e informaci\u00f3n relacionada. <\/p><p>govWorks es una empresa privada que ofrece servicios de expedici\u00f3n de pasaportes de guante blanco por una tarifa adicional. Podemos conseguirte un pasaporte en 1-14 d\u00edas. <\/p><p><strong>Nota:<\/strong> Los siguientes formularios s\u00f3lo deben utilizarse si decides acudir directamente al gobierno para la tramitaci\u00f3n est\u00e1ndar del pasaporte. Si decides acelerar el proceso con nuestra empresa, consulta las p\u00e1ginas de instrucciones al final de nuestro sitio web. <\/p><\/div>\t\t\t\t\t\t\t\t<\/div>\n\t\t\t\t<\/div>\n\t\t\t\t<div class=\"elementor-element elementor-element-3ea06d6 elementor-widget elementor-widget-heading\" data-id=\"3ea06d6\" data-element_type=\"widget\" data-e-type=\"widget\" data-settings=\"{&quot;ekit_we_effect_on&quot;:&quot;none&quot;}\" data-widget_type=\"heading.default\">\n\t\t\t\t<div class=\"elementor-widget-container\">\n\t\t\t\t\t<h3 class=\"elementor-heading-title elementor-size-default\">Formularios de pasaporte del Departamento de Estado\n<\/h3>\t\t\t\t<\/div>\n\t\t\t\t<\/div>\n\t\t<div class=\"elementor-element elementor-element-dabf180 e-con-full e-grid e-con e-child\" data-id=\"dabf180\" data-element_type=\"container\" data-e-type=\"container\">\n\t\t<div class=\"elementor-element elementor-element-c0f645e e-con-full e-flex e-con e-child\" data-id=\"c0f645e\" data-element_type=\"container\" data-e-type=\"container\">\n\t\t\t\t<div class=\"elementor-element elementor-element-4b210aa animated-fast elementor-invisible elementor-widget elementor-widget-elementskit-heading\" data-id=\"4b210aa\" data-element_type=\"widget\" data-e-type=\"widget\" data-settings=\"{&quot;_animation&quot;:&quot;fadeIn&quot;,&quot;_animation_delay&quot;:100,&quot;ekit_we_effect_on&quot;:&quot;none&quot;}\" data-widget_type=\"elementskit-heading.default\">\n\t\t\t\t<div class=\"elementor-widget-container\">\n\t\t\t\t\t<div class=\"ekit-wid-con\" ><div class=\"ekit-heading elementskit-section-title-wraper text_left   ekit_heading_tablet-   ekit_heading_mobile-\"><h3 class=\"ekit-heading--title elementskit-section-title \">DS-11: Solicitud de pasaporte estadounidense<\/h3><\/div><\/div>\t\t\t\t<\/div>\n\t\t\t\t<\/div>\n\t\t\t\t<div class=\"elementor-element elementor-element-9cd1582 elementor-widget elementor-widget-text-editor\" data-id=\"9cd1582\" data-element_type=\"widget\" data-e-type=\"widget\" data-settings=\"{&quot;ekit_we_effect_on&quot;:&quot;none&quot;}\" data-widget_type=\"text-editor.default\">\n\t\t\t\t<div class=\"elementor-widget-container\">\n\t\t\t\t\t\t\t\t\t<ul class=\"e-list\"><li><div class=\"richText undefined\" data-testid=\"rich-text\"><p class=\"u-mb-none\">Para todos los solicitantes que se presentan por primera vez, todos los menores y los solicitantes que no pueden utilizar el DS-82<\/p><\/div><\/li><\/ul>\t\t\t\t\t\t\t\t<\/div>\n\t\t\t\t<\/div>\n\t\t\t\t<div class=\"elementor-element elementor-element-e30e0e6 elementor-align-center elementor-widget elementor-widget-button\" data-id=\"e30e0e6\" data-element_type=\"widget\" data-e-type=\"widget\" data-settings=\"{&quot;ekit_we_effect_on&quot;:&quot;none&quot;}\" data-widget_type=\"button.default\">\n\t\t\t\t<div class=\"elementor-widget-container\">\n\t\t\t\t\t\t\t\t\t<div class=\"elementor-button-wrapper\">\n\t\t\t\t\t<a class=\"elementor-button elementor-button-link elementor-size-sm\" href=\"https:\/\/pptform.state.gov\/?Submit2=Complete+Online+%26+Print\">\n\t\t\t\t\t\t<span class=\"elementor-button-content-wrapper\">\n\t\t\t\t\t\t\t\t\t<span class=\"elementor-button-text\">Formulario gubernamental en l\u00ednea<\/span>\n\t\t\t\t\t<\/span>\n\t\t\t\t\t<\/a>\n\t\t\t\t<\/div>\n\t\t\t\t\t\t\t\t<\/div>\n\t\t\t\t<\/div>\n\t\t\t\t<\/div>\n\t\t<div class=\"elementor-element elementor-element-97e369d e-con-full e-flex e-con e-child\" data-id=\"97e369d\" data-element_type=\"container\" data-e-type=\"container\">\n\t\t\t\t<div class=\"elementor-element elementor-element-fbb07d1 animated-fast elementor-invisible elementor-widget elementor-widget-elementskit-heading\" data-id=\"fbb07d1\" data-element_type=\"widget\" data-e-type=\"widget\" data-settings=\"{&quot;_animation&quot;:&quot;fadeIn&quot;,&quot;_animation_delay&quot;:100,&quot;ekit_we_effect_on&quot;:&quot;none&quot;}\" data-widget_type=\"elementskit-heading.default\">\n\t\t\t\t<div class=\"elementor-widget-container\">\n\t\t\t\t\t<div class=\"ekit-wid-con\" ><div class=\"ekit-heading elementskit-section-title-wraper text_left   ekit_heading_tablet-   ekit_heading_mobile-\"><h3 class=\"ekit-heading--title elementskit-section-title \">DS-3053: Declaraci\u00f3n de consentimiento<\/h3><\/div><\/div>\t\t\t\t<\/div>\n\t\t\t\t<\/div>\n\t\t\t\t<div class=\"elementor-element elementor-element-bccabba elementor-widget elementor-widget-text-editor\" data-id=\"bccabba\" data-element_type=\"widget\" data-e-type=\"widget\" data-settings=\"{&quot;ekit_we_effect_on&quot;:&quot;none&quot;}\" data-widget_type=\"text-editor.default\">\n\t\t\t\t<div class=\"elementor-widget-container\">\n\t\t\t\t\t\t\t\t\t<ul class=\"e-list\"><li><div class=\"richText undefined\" data-testid=\"rich-text\"><div class=\"richText undefined\" data-testid=\"rich-text\"><p class=\"u-mb-none\">Expedici\u00f3n de un pasaporte a un menor de 16 a\u00f1os<\/p><\/div><\/div><\/li><\/ul>\t\t\t\t\t\t\t\t<\/div>\n\t\t\t\t<\/div>\n\t\t\t\t<div class=\"elementor-element elementor-element-14d600a elementor-align-center elementor-widget elementor-widget-button\" data-id=\"14d600a\" data-element_type=\"widget\" data-e-type=\"widget\" data-settings=\"{&quot;ekit_we_effect_on&quot;:&quot;none&quot;}\" data-widget_type=\"button.default\">\n\t\t\t\t<div class=\"elementor-widget-container\">\n\t\t\t\t\t\t\t\t\t<div class=\"elementor-button-wrapper\">\n\t\t\t\t\t<a class=\"elementor-button elementor-button-link elementor-size-sm\" href=\"https:\/\/eforms.state.gov\/Forms\/ds3053.pdf\">\n\t\t\t\t\t\t<span class=\"elementor-button-content-wrapper\">\n\t\t\t\t\t\t\t\t\t<span class=\"elementor-button-text\">Formulario PDF<\/span>\n\t\t\t\t\t<\/span>\n\t\t\t\t\t<\/a>\n\t\t\t\t<\/div>\n\t\t\t\t\t\t\t\t<\/div>\n\t\t\t\t<\/div>\n\t\t\t\t<\/div>\n\t\t<div class=\"elementor-element elementor-element-b2ca45c e-con-full e-flex e-con e-child\" data-id=\"b2ca45c\" data-element_type=\"container\" data-e-type=\"container\">\n\t\t\t\t<div class=\"elementor-element elementor-element-4a8fed8 animated-fast elementor-invisible elementor-widget elementor-widget-elementskit-heading\" data-id=\"4a8fed8\" data-element_type=\"widget\" data-e-type=\"widget\" data-settings=\"{&quot;_animation&quot;:&quot;fadeIn&quot;,&quot;_animation_delay&quot;:100,&quot;ekit_we_effect_on&quot;:&quot;none&quot;}\" data-widget_type=\"elementskit-heading.default\">\n\t\t\t\t<div class=\"elementor-widget-container\">\n\t\t\t\t\t<div class=\"ekit-wid-con\" ><div class=\"ekit-heading elementskit-section-title-wraper text_left   ekit_heading_tablet-   ekit_heading_mobile-\"><h3 class=\"ekit-heading--title elementskit-section-title \">DS-82: Solicitud de renovaci\u00f3n de pasaporte de EE.UU.<\/h3><\/div><\/div>\t\t\t\t<\/div>\n\t\t\t\t<\/div>\n\t\t\t\t<div class=\"elementor-element elementor-element-51c99b5 elementor-widget elementor-widget-text-editor\" data-id=\"51c99b5\" data-element_type=\"widget\" data-e-type=\"widget\" data-settings=\"{&quot;ekit_we_effect_on&quot;:&quot;none&quot;}\" data-widget_type=\"text-editor.default\">\n\t\t\t\t<div class=\"elementor-widget-container\">\n\t\t\t\t\t\t\t\t\t<ul class=\"e-list\"><li><div class=\"richText undefined\" data-testid=\"rich-text\"><div class=\"richText undefined\" data-testid=\"rich-text\"><p class=\"u-mb-none\">Para personas elegibles (por correo)<\/p><\/div><\/div><\/li><\/ul>\t\t\t\t\t\t\t\t<\/div>\n\t\t\t\t<\/div>\n\t\t\t\t<div class=\"elementor-element elementor-element-ffeab5c elementor-align-center elementor-widget elementor-widget-button\" data-id=\"ffeab5c\" data-element_type=\"widget\" data-e-type=\"widget\" data-settings=\"{&quot;ekit_we_effect_on&quot;:&quot;none&quot;}\" data-widget_type=\"button.default\">\n\t\t\t\t<div class=\"elementor-widget-container\">\n\t\t\t\t\t\t\t\t\t<div class=\"elementor-button-wrapper\">\n\t\t\t\t\t<a class=\"elementor-button elementor-button-link elementor-size-sm\" href=\"https:\/\/pptform.state.gov\/?Submit2=Complete+Online+%26+Print\">\n\t\t\t\t\t\t<span class=\"elementor-button-content-wrapper\">\n\t\t\t\t\t\t\t\t\t<span class=\"elementor-button-text\">Formulario gubernamental en l\u00ednea<\/span>\n\t\t\t\t\t<\/span>\n\t\t\t\t\t<\/a>\n\t\t\t\t<\/div>\n\t\t\t\t\t\t\t\t<\/div>\n\t\t\t\t<\/div>\n\t\t\t\t<\/div>\n\t\t<div class=\"elementor-element elementor-element-edbaea8 e-con-full e-flex e-con e-child\" data-id=\"edbaea8\" data-element_type=\"container\" data-e-type=\"container\">\n\t\t\t\t<div class=\"elementor-element elementor-element-861cc6c animated-fast elementor-invisible elementor-widget elementor-widget-elementskit-heading\" data-id=\"861cc6c\" data-element_type=\"widget\" data-e-type=\"widget\" data-settings=\"{&quot;_animation&quot;:&quot;fadeIn&quot;,&quot;_animation_delay&quot;:100,&quot;ekit_we_effect_on&quot;:&quot;none&quot;}\" data-widget_type=\"elementskit-heading.default\">\n\t\t\t\t<div class=\"elementor-widget-container\">\n\t\t\t\t\t<div class=\"ekit-wid-con\" ><div class=\"ekit-heading elementskit-section-title-wraper text_left   ekit_heading_tablet-   ekit_heading_mobile-\"><h3 class=\"ekit-heading--title elementskit-section-title \">DS-5525: Declaraci\u00f3n de Circunstancias Familiares Exigentes\/Especiales<\/h3><\/div><\/div>\t\t\t\t<\/div>\n\t\t\t\t<\/div>\n\t\t\t\t<div class=\"elementor-element elementor-element-4bb0864 elementor-widget elementor-widget-text-editor\" data-id=\"4bb0864\" data-element_type=\"widget\" data-e-type=\"widget\" data-settings=\"{&quot;ekit_we_effect_on&quot;:&quot;none&quot;}\" data-widget_type=\"text-editor.default\">\n\t\t\t\t<div class=\"elementor-widget-container\">\n\t\t\t\t\t\t\t\t\t<ul class=\"e-list\"><li><div class=\"richText undefined\" data-testid=\"rich-text\"><div class=\"richText undefined\" data-testid=\"rich-text\"><p class=\"u-mb-none\">Para la expedici\u00f3n de un pasaporte a un menor de 16 a\u00f1os<\/p><\/div><\/div><\/li><\/ul>\t\t\t\t\t\t\t\t<\/div>\n\t\t\t\t<\/div>\n\t\t\t\t<div class=\"elementor-element elementor-element-6c1d2f4 elementor-align-center elementor-widget elementor-widget-button\" data-id=\"6c1d2f4\" data-element_type=\"widget\" data-e-type=\"widget\" data-settings=\"{&quot;ekit_we_effect_on&quot;:&quot;none&quot;}\" data-widget_type=\"button.default\">\n\t\t\t\t<div class=\"elementor-widget-container\">\n\t\t\t\t\t\t\t\t\t<div class=\"elementor-button-wrapper\">\n\t\t\t\t\t<a class=\"elementor-button elementor-button-link elementor-size-sm\" href=\"https:\/\/eforms.state.gov\/Forms\/ds5525.pdf\">\n\t\t\t\t\t\t<span class=\"elementor-button-content-wrapper\">\n\t\t\t\t\t\t\t\t\t<span class=\"elementor-button-text\">Formulario PDF<\/span>\n\t\t\t\t\t<\/span>\n\t\t\t\t\t<\/a>\n\t\t\t\t<\/div>\n\t\t\t\t\t\t\t\t<\/div>\n\t\t\t\t<\/div>\n\t\t\t\t<\/div>\n\t\t<div class=\"elementor-element elementor-element-2e28deb e-con-full e-flex e-con e-child\" data-id=\"2e28deb\" data-element_type=\"container\" data-e-type=\"container\">\n\t\t\t\t<div class=\"elementor-element elementor-element-1722124 animated-fast elementor-invisible elementor-widget elementor-widget-elementskit-heading\" data-id=\"1722124\" data-element_type=\"widget\" data-e-type=\"widget\" data-settings=\"{&quot;_animation&quot;:&quot;fadeIn&quot;,&quot;_animation_delay&quot;:100,&quot;ekit_we_effect_on&quot;:&quot;none&quot;}\" data-widget_type=\"elementskit-heading.default\">\n\t\t\t\t<div class=\"elementor-widget-container\">\n\t\t\t\t\t<div class=\"ekit-wid-con\" ><div class=\"ekit-heading elementskit-section-title-wraper text_left   ekit_heading_tablet-   ekit_heading_mobile-\"><h3 class=\"ekit-heading--title elementskit-section-title \">DS-5504: Solicitud de pasaporte estadounidense<\/h3><\/div><\/div>\t\t\t\t<\/div>\n\t\t\t\t<\/div>\n\t\t\t\t<div class=\"elementor-element elementor-element-f70cd39 elementor-widget elementor-widget-text-editor\" data-id=\"f70cd39\" data-element_type=\"widget\" data-e-type=\"widget\" data-settings=\"{&quot;ekit_we_effect_on&quot;:&quot;none&quot;}\" data-widget_type=\"text-editor.default\">\n\t\t\t\t<div class=\"elementor-widget-container\">\n\t\t\t\t\t\t\t\t\t<ul class=\"e-list\"><li><div class=\"richText undefined\" data-testid=\"rich-text\"><div class=\"richText undefined\" data-testid=\"rich-text\"><p class=\"u-mb-none\">Correcciones, cambio de nombre en el plazo de 1 a\u00f1o desde la expedici\u00f3n del pasaporte y titulares de pasaportes limitados<\/p><\/div><\/div><\/li><\/ul>\t\t\t\t\t\t\t\t<\/div>\n\t\t\t\t<\/div>\n\t\t\t\t<div class=\"elementor-element elementor-element-8dec38d elementor-align-center elementor-widget elementor-widget-button\" data-id=\"8dec38d\" data-element_type=\"widget\" data-e-type=\"widget\" data-settings=\"{&quot;ekit_we_effect_on&quot;:&quot;none&quot;}\" data-widget_type=\"button.default\">\n\t\t\t\t<div class=\"elementor-widget-container\">\n\t\t\t\t\t\t\t\t\t<div class=\"elementor-button-wrapper\">\n\t\t\t\t\t<a class=\"elementor-button elementor-button-link elementor-size-sm\" href=\"https:\/\/pptform.state.gov\/?Submit2=Complete+Online+%26+Print\">\n\t\t\t\t\t\t<span class=\"elementor-button-content-wrapper\">\n\t\t\t\t\t\t\t\t\t<span class=\"elementor-button-text\">Formulario gubernamental en l\u00ednea<\/span>\n\t\t\t\t\t<\/span>\n\t\t\t\t\t<\/a>\n\t\t\t\t<\/div>\n\t\t\t\t\t\t\t\t<\/div>\n\t\t\t\t<\/div>\n\t\t\t\t<\/div>\n\t\t<div class=\"elementor-element elementor-element-45f2b9c e-con-full e-flex e-con e-child\" data-id=\"45f2b9c\" data-element_type=\"container\" data-e-type=\"container\">\n\t\t\t\t<div class=\"elementor-element elementor-element-5f1a014 animated-fast elementor-invisible elementor-widget elementor-widget-elementskit-heading\" data-id=\"5f1a014\" data-element_type=\"widget\" data-e-type=\"widget\" data-settings=\"{&quot;_animation&quot;:&quot;fadeIn&quot;,&quot;_animation_delay&quot;:100,&quot;ekit_we_effect_on&quot;:&quot;none&quot;}\" data-widget_type=\"elementskit-heading.default\">\n\t\t\t\t<div class=\"elementor-widget-container\">\n\t\t\t\t\t<div class=\"ekit-wid-con\" ><div class=\"ekit-heading elementskit-section-title-wraper text_left   ekit_heading_tablet-   ekit_heading_mobile-\"><h3 class=\"ekit-heading--title elementskit-section-title \">DS-86: Declaraci\u00f3n de no recepci\u00f3n de pasaporte estadounidense<\/h3><\/div><\/div>\t\t\t\t<\/div>\n\t\t\t\t<\/div>\n\t\t\t\t<div class=\"elementor-element elementor-element-cfa5ae5 elementor-align-center elementor-widget elementor-widget-button\" data-id=\"cfa5ae5\" data-element_type=\"widget\" data-e-type=\"widget\" data-settings=\"{&quot;ekit_we_effect_on&quot;:&quot;none&quot;}\" data-widget_type=\"button.default\">\n\t\t\t\t<div class=\"elementor-widget-container\">\n\t\t\t\t\t\t\t\t\t<div class=\"elementor-button-wrapper\">\n\t\t\t\t\t<a class=\"elementor-button elementor-button-link elementor-size-sm\" href=\"https:\/\/eforms.state.gov\/Forms\/ds86.pdf\">\n\t\t\t\t\t\t<span class=\"elementor-button-content-wrapper\">\n\t\t\t\t\t\t\t\t\t<span class=\"elementor-button-text\">Formulario PDF<\/span>\n\t\t\t\t\t<\/span>\n\t\t\t\t\t<\/a>\n\t\t\t\t<\/div>\n\t\t\t\t\t\t\t\t<\/div>\n\t\t\t\t<\/div>\n\t\t\t\t<\/div>\n\t\t<div class=\"elementor-element elementor-element-c9b036b e-con-full e-flex e-con e-child\" data-id=\"c9b036b\" data-element_type=\"container\" data-e-type=\"container\">\n\t\t\t\t<div class=\"elementor-element elementor-element-61e0f98 animated-fast elementor-invisible elementor-widget elementor-widget-elementskit-heading\" data-id=\"61e0f98\" data-element_type=\"widget\" data-e-type=\"widget\" data-settings=\"{&quot;_animation&quot;:&quot;fadeIn&quot;,&quot;_animation_delay&quot;:100,&quot;ekit_we_effect_on&quot;:&quot;none&quot;}\" data-widget_type=\"elementskit-heading.default\">\n\t\t\t\t<div class=\"elementor-widget-container\">\n\t\t\t\t\t<div class=\"ekit-wid-con\" ><div class=\"ekit-heading elementskit-section-title-wraper text_left   ekit_heading_tablet-   ekit_heading_mobile-\"><h3 class=\"ekit-heading--title elementskit-section-title \">DS-64: Declaraci\u00f3n de p\u00e9rdida o robo de pasaporte<\/h3><\/div><\/div>\t\t\t\t<\/div>\n\t\t\t\t<\/div>\n\t\t\t\t<div class=\"elementor-element elementor-element-a702c8a elementor-align-center elementor-widget elementor-widget-button\" data-id=\"a702c8a\" data-element_type=\"widget\" data-e-type=\"widget\" data-settings=\"{&quot;ekit_we_effect_on&quot;:&quot;none&quot;}\" data-widget_type=\"button.default\">\n\t\t\t\t<div class=\"elementor-widget-container\">\n\t\t\t\t\t\t\t\t\t<div class=\"elementor-button-wrapper\">\n\t\t\t\t\t<a class=\"elementor-button elementor-button-link elementor-size-sm\" href=\"https:\/\/pptform.state.gov\/?Submit2=Complete+Online+%26+Print\">\n\t\t\t\t\t\t<span class=\"elementor-button-content-wrapper\">\n\t\t\t\t\t\t\t\t\t<span class=\"elementor-button-text\">Informe en l\u00ednea<\/span>\n\t\t\t\t\t<\/span>\n\t\t\t\t\t<\/a>\n\t\t\t\t<\/div>\n\t\t\t\t\t\t\t\t<\/div>\n\t\t\t\t<\/div>\n\t\t\t\t<\/div>\n\t\t\t\t<\/div>\n\t\t\t\t<div class=\"elementor-element elementor-element-31b99f0 elementor-widget elementor-widget-text-editor\" data-id=\"31b99f0\" data-element_type=\"widget\" data-e-type=\"widget\" data-settings=\"{&quot;ekit_we_effect_on&quot;:&quot;none&quot;}\" data-widget_type=\"text-editor.default\">\n\t\t\t\t<div class=\"elementor-widget-container\">\n\t\t\t\t\t\t\t\t\t<h4 class=\"u-fz-epsilon u-mb-none\">Informaci\u00f3n \u00fatil relacionada<\/h4>\n<ul class=\"gw-passports-forms-list u-mt\">\n \t<li><a href=\"https:\/\/travel.state.gov\/content\/travel\/en\/passports\/requirements\/where-to-apply\/passport-agencies.html\" target=\"_blank\" rel=\"noopener\">Agencias regionales de pasaportes de EE.UU.<\/a><\/li>\n \t<li><a href=\"https:\/\/www.dhs.gov\/real-id\" target=\"_blank\" rel=\"noopener\">Departamento de Seguridad Nacional REAL ID<\/a><\/li>\n \t<li><a href=\"https:\/\/passportexpress.co\/agent\" target=\"_blank\" rel=\"noopener\">Directorio de Agentes de Aceptaci\u00f3n de Pasaportes<\/a><\/li>\n<\/ul>\n<h4 class=\"u-fz-epsilon u-mb-none\">Informaci\u00f3n para viajar al extranjero<\/h4>\n<ul class=\"gw-passports-forms-list u-mt\">\n \t<li><a href=\"https:\/\/www.cia.gov\/library\/publications\/the-world-factbook\/\" target=\"_blank\" rel=\"noopener\">CIA World Factbook<\/a><\/li>\n \t<li><a href=\"https:\/\/www.state.gov\/misc\/list\/index.htm\" target=\"_blank\" rel=\"noopener\">Directorio de pa\u00edses del Departamento de Estado<\/a><\/li>\n \t<li><a href=\"https:\/\/travel.state.gov\/content\/travel.html\" target=\"_blank\" rel=\"noopener\">Avisos de viaje del Departamento de Estado de EE.UU.<\/a><\/li>\n \t<li><a href=\"https:\/\/wwwnc.cdc.gov\/travel\/destinations\/list\" target=\"_blank\" rel=\"noopener\">Centros para el Control y la Prevenci\u00f3n de Enfermedades<\/a><\/li>\n<\/ul>\n<h4 class=\"u-fz-epsilon u-mb-none\">Mantente al d\u00eda de las \u00faltimas noticias sobre viajes<\/h4>\n<ul class=\"gw-passports-forms-list u-mt\">\n \t<li><a href=\"https:\/\/twitter.com\/TravelGov\" target=\"_blank\" rel=\"noopener\">Twitter de viajes del Departamento de Estado<\/a><\/li>\n \t<li><a href=\"https:\/\/travel.state.gov\/content\/travel\/en\/News\/newsroom.html\" target=\"_blank\" rel=\"noopener\">Sala de prensa de viajes del Departamento de Estado<\/a><\/li>\n<\/ul>\n<h4 class=\"u-fz-epsilon u-mb-none\">Otros sitios \u00fatiles<\/h4>\n<ul class=\"gw-passports-forms-list u-mt\">\n \t<li><a href=\"https:\/\/travel.state.gov\/content\/travel\/en\/us-visas\/tourism-visit\/visitor.html\" target=\"_blank\" rel=\"noopener\">Visados para viajar a EE.UU.<\/a><\/li>\n \t<li><a href=\"https:\/\/www.usa.gov\/travel-abroad\" target=\"_blank\" rel=\"noopener\">Ciudadanos estadounidenses que viajan al extranjero<\/a><\/li>\n<\/ul>\n<b>Nota<\/b>: Este sitio web contiene documentos PDF que requieren Adobe Acrobat para su visualizaci\u00f3n. <a href=\"https:\/\/get.adobe.com\/reader\/\" target=\"_blank\" rel=\"external noopener\">Descarga Acrobat Reader aqu\u00ed<\/a>.\t\t\t\t\t\t\t\t<\/div>\n\t\t\t\t<\/div>\n\t\t\t\t<\/div>\n\t\t\t\t<\/div>\n\t\t\t\t<\/div>\n\t\t\t\t\t<\/div>\n\t\t\t\t<\/div>\n\t\t\t\t<\/div>\n\t\t","protected":false},"excerpt":{"rendered":"<p>Recursos del Gobierno de EE.UU. \u00bfBuscas informaci\u00f3n sobre el pasaporte estadounidense? govWorks ha recopilado algunas magn\u00edficas herramientas y recursos del gobierno de EE.UU. para ayudarte a entender tus opciones de pasaporte y visado de viaje. A continuaci\u00f3n encontrar\u00e1s formularios del Departamento de Estado de EE.UU., junto con instrucciones detalladas, consejos \u00fatiles e informaci\u00f3n relacionada. govWorks [&hellip;]<\/p>\n","protected":false},"author":6,"featured_media":0,"parent":0,"menu_order":0,"comment_status":"closed","ping_status":"closed","template":"","meta":{"footnotes":""},"class_list":["post-24229","page","type-page","status-publish","hentry"],"aioseo_notices":[],"_links":{"self":[{"href":"https:\/\/passportexpress.co\/es\/wp-json\/wp\/v2\/pages\/24229","targetHints":{"allow":["GET"]}}],"collection":[{"href":"https:\/\/passportexpress.co\/es\/wp-json\/wp\/v2\/pages"}],"about":[{"href":"https:\/\/passportexpress.co\/es\/wp-json\/wp\/v2\/types\/page"}],"author":[{"embeddable":true,"href":"https:\/\/passportexpress.co\/es\/wp-json\/wp\/v2\/users\/6"}],"replies":[{"embeddable":true,"href":"https:\/\/passportexpress.co\/es\/wp-json\/wp\/v2\/comments?post=24229"}],"version-history":[{"count":7,"href":"https:\/\/passportexpress.co\/es\/wp-json\/wp\/v2\/pages\/24229\/revisions"}],"predecessor-version":[{"id":31111,"href":"https:\/\/passportexpress.co\/es\/wp-json\/wp\/v2\/pages\/24229\/revisions\/31111"}],"wp:attachment":[{"href":"https:\/\/passportexpress.co\/es\/wp-json\/wp\/v2\/media?parent=24229"}],"curies":[{"name":"wp","href":"https:\/\/api.w.org\/{rel}","templated":true}]}}