{"id":23543,"date":"2025-05-10T14:35:42","date_gmt":"2025-05-10T14:35:42","guid":{"rendered":"https:\/\/passportexpress.co\/requisitos-fotograficos-para-los-pasaportes-estadounidenses\/"},"modified":"2025-05-12T14:52:14","modified_gmt":"2025-05-12T14:52:14","slug":"requisitos-fotograficos-para-los-pasaportes-estadounidenses","status":"publish","type":"page","link":"https:\/\/passportexpress.co\/es\/requisitos-fotograficos-para-los-pasaportes-estadounidenses\/","title":{"rendered":"Requisitos fotogr\u00e1ficos para los pasaportes estadounidenses"},"content":{"rendered":"\t\t<div data-elementor-type=\"wp-page\" data-elementor-id=\"23543\" class=\"elementor elementor-23543 elementor-22934\">\n\t\t\t\t<div class=\"elementor-element elementor-element-50c5dd3 e-flex e-con-boxed e-con e-parent\" data-id=\"50c5dd3\" data-element_type=\"container\" data-e-type=\"container\" data-settings=\"{&quot;background_background&quot;:&quot;classic&quot;}\">\n\t\t\t\t\t<div class=\"e-con-inner\">\n\t\t<div class=\"elementor-element elementor-element-264a96f e-con-full e-flex e-con e-child\" data-id=\"264a96f\" data-element_type=\"container\" data-e-type=\"container\">\n\t\t\t\t<div class=\"elementor-element elementor-element-2f0e04b animated-fast elementor-invisible elementor-widget elementor-widget-elementskit-heading\" data-id=\"2f0e04b\" data-element_type=\"widget\" data-e-type=\"widget\" data-settings=\"{&quot;ekit_we_effect_on&quot;:&quot;css&quot;,&quot;_animation&quot;:&quot;fadeIn&quot;,&quot;_animation_delay&quot;:100}\" data-widget_type=\"elementskit-heading.default\">\n\t\t\t\t<div class=\"elementor-widget-container\">\n\t\t\t\t\t<div class=\"ekit-wid-con\" ><div class=\"ekit-heading elementskit-section-title-wraper text_center   ekit_heading_tablet-   ekit_heading_mobile-\"><h1 class=\"ekit-heading--title elementskit-section-title \">Requisitos fotogr\u00e1ficos para los pasaportes estadounidenses<\/h1><div class=\"ekit_heading_separetor_wraper ekit_heading_elementskit-border-divider ekit-dotted\"><div class=\"elementskit-border-divider ekit-dotted\"><\/div><\/div><\/div><\/div>\t\t\t\t<\/div>\n\t\t\t\t<\/div>\n\t\t\t\t<\/div>\n\t\t\t\t\t<\/div>\n\t\t\t\t<\/div>\n\t\t<div class=\"elementor-element elementor-element-5118163 e-flex e-con-boxed e-con e-parent\" data-id=\"5118163\" data-element_type=\"container\" data-e-type=\"container\" id=\"accordian-sec\" data-settings=\"{&quot;animation&quot;:&quot;none&quot;,&quot;background_background&quot;:&quot;classic&quot;}\">\n\t\t\t\t\t<div class=\"e-con-inner\">\n\t\t<div class=\"elementor-element elementor-element-c325955 e-con-full e-flex e-con e-child\" data-id=\"c325955\" data-element_type=\"container\" data-e-type=\"container\">\n\t\t<div class=\"elementor-element elementor-element-197b4ea e-con-full sticky-section e-flex e-con e-child\" data-id=\"197b4ea\" data-element_type=\"container\" data-e-type=\"container\" id=\"section1\">\n\t\t<div class=\"elementor-element elementor-element-1057779 e-con-full e-flex e-con e-child\" data-id=\"1057779\" data-element_type=\"container\" data-e-type=\"container\">\n\t\t\t\t<div class=\"elementor-element elementor-element-2b05020 elementor-widget elementor-widget-text-editor\" data-id=\"2b05020\" data-element_type=\"widget\" data-e-type=\"widget\" data-settings=\"{&quot;ekit_we_effect_on&quot;:&quot;none&quot;}\" data-widget_type=\"text-editor.default\">\n\t\t\t\t<div class=\"elementor-widget-container\">\n\t\t\t\t\t\t\t\t\t<p class=\"\">Cuando presentes tu solicitud de pasaporte estadounidense, deber\u00e1s adjuntar <b>una foto<\/b> a tus formularios cumplimentados para que los funcionarios de fronteras puedan identificarte cuando viajes. La foto que adjuntes con tus formularios debe <b>cumplir una serie de criterios<\/b> para que el Departamento de Estado la acepte cuando tramite tu solicitud. <\/p><p class=\"\">La siguiente gu\u00eda explica <b>los requisitos necesarios<\/b> para preparar con \u00e9xito tu foto de pasaporte para el formulario de solicitud, de modo que pueda presentarse y tramitarse sin retrasos ni rechazos.<\/p>\t\t\t\t\t\t\t\t<\/div>\n\t\t\t\t<\/div>\n\t\t\t\t<\/div>\n\t\t\t\t<\/div>\n\t\t<div class=\"elementor-element elementor-element-e8b190f e-con-full sticky-section e-flex e-con e-child\" data-id=\"e8b190f\" data-element_type=\"container\" data-e-type=\"container\">\n\t\t<div class=\"elementor-element elementor-element-ad7cb71 e-con-full e-flex e-con e-child\" data-id=\"ad7cb71\" data-element_type=\"container\" data-e-type=\"container\">\n\t\t\t\t<div class=\"elementor-element elementor-element-5d47b03 animated-fast elementor-invisible elementor-widget elementor-widget-elementskit-heading\" data-id=\"5d47b03\" data-element_type=\"widget\" data-e-type=\"widget\" data-settings=\"{&quot;_animation&quot;:&quot;fadeIn&quot;,&quot;_animation_delay&quot;:100,&quot;ekit_we_effect_on&quot;:&quot;none&quot;}\" data-widget_type=\"elementskit-heading.default\">\n\t\t\t\t<div class=\"elementor-widget-container\">\n\t\t\t\t\t<div class=\"ekit-wid-con\" ><div class=\"ekit-heading elementskit-section-title-wraper text_left   ekit_heading_tablet-   ekit_heading_mobile-\"><h3 class=\"ekit-heading--title elementskit-section-title \">Tama\u00f1o de la foto:<\/h3><\/div><\/div>\t\t\t\t<\/div>\n\t\t\t\t<\/div>\n\t\t\t\t<div class=\"elementor-element elementor-element-6bc141d elementor-widget elementor-widget-text-editor\" data-id=\"6bc141d\" data-element_type=\"widget\" data-e-type=\"widget\" data-settings=\"{&quot;ekit_we_effect_on&quot;:&quot;none&quot;}\" data-widget_type=\"text-editor.default\">\n\t\t\t\t<div class=\"elementor-widget-container\">\n\t\t\t\t\t\t\t\t\t<ul class=\"e-list\"><li><p class=\"\">Tu foto debe tener un tama\u00f1o de 51 x 51 mm ( <b>2 x 2 pulgadas)<\/b> <\/p><\/li><li><p class=\"\"><b>Tama\u00f1o de la cabeza:<\/b> La parte superior de la cabeza debe estar a 25-35 mm (1-1 \u215c pulgadas) de la parte inferior de la barbilla.<\/p><\/li><li><p class=\"\">La l\u00ednea de tus ojos debe estar aproximadamente a 1 \u215b &#8211; 1 \u215c pulgadas de la parte inferior de la foto<\/p><\/li><\/ul>\t\t\t\t\t\t\t\t<\/div>\n\t\t\t\t<\/div>\n\t\t\t\t<\/div>\n\t\t\t\t<\/div>\n\t\t<div class=\"elementor-element elementor-element-8069d83 e-con-full sticky-section e-flex e-con e-child\" data-id=\"8069d83\" data-element_type=\"container\" data-e-type=\"container\">\n\t\t<div class=\"elementor-element elementor-element-8d53717 e-con-full e-flex e-con e-child\" data-id=\"8d53717\" data-element_type=\"container\" data-e-type=\"container\">\n\t\t\t\t<div class=\"elementor-element elementor-element-7784a8f animated-fast elementor-invisible elementor-widget elementor-widget-elementskit-heading\" data-id=\"7784a8f\" data-element_type=\"widget\" data-e-type=\"widget\" data-settings=\"{&quot;_animation&quot;:&quot;fadeIn&quot;,&quot;_animation_delay&quot;:100,&quot;ekit_we_effect_on&quot;:&quot;none&quot;}\" data-widget_type=\"elementskit-heading.default\">\n\t\t\t\t<div class=\"elementor-widget-container\">\n\t\t\t\t\t<div class=\"ekit-wid-con\" ><div class=\"ekit-heading elementskit-section-title-wraper text_left   ekit_heading_tablet-   ekit_heading_mobile-\"><h3 class=\"ekit-heading--title elementskit-section-title \">Fotos aceptables:<\/h3><\/div><\/div>\t\t\t\t<\/div>\n\t\t\t\t<\/div>\n\t\t\t\t<div class=\"elementor-element elementor-element-aff42aa elementor-widget elementor-widget-text-editor\" data-id=\"aff42aa\" data-element_type=\"widget\" data-e-type=\"widget\" data-settings=\"{&quot;ekit_we_effect_on&quot;:&quot;none&quot;}\" data-widget_type=\"text-editor.default\">\n\t\t\t\t<div class=\"elementor-widget-container\">\n\t\t\t\t\t\t\t\t\t<div class=\"photoRequirements--item\"><img decoding=\"async\" src=\"https:\/\/app.mypassporthub.com\/static\/Man-Passport-f478d8a0bc48bb4bf7c4582e0341b31e.jpg\" alt=\"ejemplo requisitos hombre\">   <img decoding=\"async\" src=\"https:\/\/app.mypassporthub.com\/static\/woman-passport-05e9ce1a4fb796d8c82abd46e5cb4f7e.jpg\" alt=\"ejemplo de requisitos mujer\">   <img decoding=\"async\" style=\"font-size: 16px;\" src=\"https:\/\/app.mypassporthub.com\/static\/Woman-muslim-passport-cd8d02d351f9d634c8459c82e02e8e4e.jpg\" alt=\"ejemplo de requisitos mujer\">   <img decoding=\"async\" style=\"font-size: 16px;\" src=\"https:\/\/app.mypassporthub.com\/static\/baby-passport-f72d036ccf2b340fb1855a22d531b97c.jpg\" alt=\"ejemplo requisitos beb\u00e9\">   <img decoding=\"async\" style=\"font-size: 16px;\" src=\"https:\/\/app.mypassporthub.com\/static\/illust-photo-2351885e6cb95c8bc19b9546b7499b84.svg\" alt=\"ejemplo de requisitos\"><\/div>\t\t\t\t\t\t\t\t<\/div>\n\t\t\t\t<\/div>\n\t\t\t\t<\/div>\n\t\t<div class=\"elementor-element elementor-element-76bbbc1 e-con-full sticky-section e-flex e-con e-child\" data-id=\"76bbbc1\" data-element_type=\"container\" data-e-type=\"container\">\n\t\t<div class=\"elementor-element elementor-element-f09ad0d e-con-full e-flex e-con e-child\" data-id=\"f09ad0d\" data-element_type=\"container\" data-e-type=\"container\">\n\t\t\t\t<div class=\"elementor-element elementor-element-f3c5b98 animated-fast elementor-invisible elementor-widget elementor-widget-elementskit-heading\" data-id=\"f3c5b98\" data-element_type=\"widget\" data-e-type=\"widget\" data-settings=\"{&quot;_animation&quot;:&quot;fadeIn&quot;,&quot;_animation_delay&quot;:100,&quot;ekit_we_effect_on&quot;:&quot;none&quot;}\" data-widget_type=\"elementskit-heading.default\">\n\t\t\t\t<div class=\"elementor-widget-container\">\n\t\t\t\t\t<div class=\"ekit-wid-con\" ><div class=\"ekit-heading elementskit-section-title-wraper text_left   ekit_heading_tablet-   ekit_heading_mobile-\"><h3 class=\"ekit-heading--title elementskit-section-title \">Requisitos para las fotos de pasaporte aceptadas:<\/h3><\/div><\/div>\t\t\t\t<\/div>\n\t\t\t\t<\/div>\n\t\t\t\t<div class=\"elementor-element elementor-element-84f5870 elementor-widget elementor-widget-text-editor\" data-id=\"84f5870\" data-element_type=\"widget\" data-e-type=\"widget\" data-settings=\"{&quot;ekit_we_effect_on&quot;:&quot;none&quot;}\" data-widget_type=\"text-editor.default\">\n\t\t\t\t<div class=\"elementor-widget-container\">\n\t\t\t\t\t\t\t\t\t<ul class=\"e-list\"><li><p class=\"\">La foto debe ser en <b>color<\/b><\/p><\/li><li><p class=\"\">Impreso en <b>papel mate o de calidad fotogr\u00e1fica<\/b><\/p><\/li><li><p class=\"\">Tomado recientemente (en los \u00faltimos <b>seis meses<\/b>)<\/p><\/li><li><p class=\"\"><b>Fondo<\/b> blanco o blanquecino<\/p><\/li><li><p class=\"\"><b>Expresi\u00f3n facial neutra<\/b> o sonrisa natural<\/p><\/li><li><p class=\"\">Tus dos ojos <b>deben estar abiertos<\/b><\/p><\/li><li><p class=\"\">Ropa que usas <b>a<\/b> diario<\/p><\/li><li><p class=\"\">Tu <b>rostro completo<\/b> debe ser visible<\/p><\/li><li><p class=\"\"><b>Sin gafas, auriculares o<\/b> dispositivos <b>manos libres<\/b> <\/p><\/li><li><p class=\"\"><b>No llevar sombreros ni cubrecabezas<\/b> (a menos que se lleven a diario por motivos religiosos y no cubran ni proyecten sombra sobre la cara).<\/p><\/li><\/ul>\t\t\t\t\t\t\t\t<\/div>\n\t\t\t\t<\/div>\n\t\t\t\t<\/div>\n\t\t\t\t<\/div>\n\t\t<div class=\"elementor-element elementor-element-2d454ac e-con-full sticky-section e-flex e-con e-child\" data-id=\"2d454ac\" data-element_type=\"container\" data-e-type=\"container\">\n\t\t<div class=\"elementor-element elementor-element-f74d508 e-con-full e-flex e-con e-child\" data-id=\"f74d508\" data-element_type=\"container\" data-e-type=\"container\">\n\t\t\t\t<div class=\"elementor-element elementor-element-02281db animated-fast elementor-invisible elementor-widget elementor-widget-elementskit-heading\" data-id=\"02281db\" data-element_type=\"widget\" data-e-type=\"widget\" data-settings=\"{&quot;_animation&quot;:&quot;fadeIn&quot;,&quot;_animation_delay&quot;:100,&quot;ekit_we_effect_on&quot;:&quot;none&quot;}\" data-widget_type=\"elementskit-heading.default\">\n\t\t\t\t<div class=\"elementor-widget-container\">\n\t\t\t\t\t<div class=\"ekit-wid-con\" ><div class=\"ekit-heading elementskit-section-title-wraper text_left   ekit_heading_tablet-   ekit_heading_mobile-\"><h3 class=\"ekit-heading--title elementskit-section-title \">Requisitos para las fotos de pasaporte de ni\u00f1os:<\/h3><\/div><\/div>\t\t\t\t<\/div>\n\t\t\t\t<\/div>\n\t\t\t\t<div class=\"elementor-element elementor-element-3fa2c59 elementor-widget elementor-widget-text-editor\" data-id=\"3fa2c59\" data-element_type=\"widget\" data-e-type=\"widget\" data-settings=\"{&quot;ekit_we_effect_on&quot;:&quot;none&quot;}\" data-widget_type=\"text-editor.default\">\n\t\t\t\t<div class=\"elementor-widget-container\">\n\t\t\t\t\t\t\t\t\t<ul class=\"e-list\"><li><p class=\"\">En la foto <b>s\u00f3lo<\/b> puede aparecer <b>el menor<\/b> que solicita el pasaporte<\/p><\/li><li><p class=\"\">El ni\u00f1o debe estar <b>mirando a la c\u00e1mara<\/b><\/p><\/li><li><p class=\"\">Los dos <b>ojos<\/b> del ni\u00f1o <b>deben estar abiertos<\/b> en la foto (las fotos de reci\u00e9n nacidos y lactantes suelen aceptarse aunque los ojos del ni\u00f1o no est\u00e9n abiertos o no lo est\u00e9n del todo).  <\/p><\/li><\/ul>\t\t\t\t\t\t\t\t<\/div>\n\t\t\t\t<\/div>\n\t\t\t\t<\/div>\n\t\t\t\t<\/div>\n\t\t<div class=\"elementor-element elementor-element-f08ec13 e-con-full sticky-section e-flex e-con e-child\" data-id=\"f08ec13\" data-element_type=\"container\" data-e-type=\"container\">\n\t\t<div class=\"elementor-element elementor-element-1e42189 e-con-full e-flex e-con e-child\" data-id=\"1e42189\" data-element_type=\"container\" data-e-type=\"container\">\n\t\t\t\t<div class=\"elementor-element elementor-element-e765f41 animated-fast elementor-invisible elementor-widget elementor-widget-elementskit-heading\" data-id=\"e765f41\" data-element_type=\"widget\" data-e-type=\"widget\" data-settings=\"{&quot;_animation&quot;:&quot;fadeIn&quot;,&quot;_animation_delay&quot;:100,&quot;ekit_we_effect_on&quot;:&quot;none&quot;}\" data-widget_type=\"elementskit-heading.default\">\n\t\t\t\t<div class=\"elementor-widget-container\">\n\t\t\t\t\t<div class=\"ekit-wid-con\" ><div class=\"ekit-heading elementskit-section-title-wraper text_left   ekit_heading_tablet-   ekit_heading_mobile-\"><h3 class=\"ekit-heading--title elementskit-section-title \">Qu\u00e9 hacer si quieres hacer tu propia foto:<\/h3><\/div><\/div>\t\t\t\t<\/div>\n\t\t\t\t<\/div>\n\t\t\t\t<div class=\"elementor-element elementor-element-f710941 elementor-widget elementor-widget-text-editor\" data-id=\"f710941\" data-element_type=\"widget\" data-e-type=\"widget\" data-settings=\"{&quot;ekit_we_effect_on&quot;:&quot;none&quot;}\" data-widget_type=\"text-editor.default\">\n\t\t\t\t<div class=\"elementor-widget-container\">\n\t\t\t\t\t\t\t\t\t<p class=\"\">En lugar de utilizar un servicio fotogr\u00e1fico profesional, puedes optar por hacerte t\u00fa mismo una foto en casa y enviarla con tu solicitud. Las fotos hechas en casa son aceptadas por las agencias de pasaportes estadounidenses. Sin embargo, para asegurarte de que tu foto sea aceptada, necesitar\u00e1s que un amigo o un familiar te haga la foto.    <b>Los selfies NO est\u00e1n permitidos.<\/b><\/p><p class=\"\">Para asegurarte de que tu foto sea aceptada en el momento de enviarla, <b>tu foto debe cumplir los requisitos principales para fotos de pasaporte indicados anteriormente<\/b> y tambi\u00e9n debe cumplir las siguientes normas:<\/p><ul class=\"e-list\"><li><p class=\"\"><b>Dimensiones: <\/b>Tama\u00f1o m\u00ednimo de la imagen: 600&#215;600 p\u00edxeles Tama\u00f1o m\u00e1ximo de la imagen: 1200 x 1200 p\u00edxeles  <\/p><\/li><li><p class=\"\"><b>Color:<\/b> La foto debe ser en color en sRGB<\/p><\/li><\/ul>\t\t\t\t\t\t\t\t<\/div>\n\t\t\t\t<\/div>\n\t\t\t\t<\/div>\n\t\t\t\t<\/div>\n\t\t<div class=\"elementor-element elementor-element-101f7b9 e-con-full sticky-section e-flex e-con e-child\" data-id=\"101f7b9\" data-element_type=\"container\" data-e-type=\"container\">\n\t\t<div class=\"elementor-element elementor-element-5907a4c e-con-full e-flex e-con e-child\" data-id=\"5907a4c\" data-element_type=\"container\" data-e-type=\"container\">\n\t\t\t\t<div class=\"elementor-element elementor-element-8b707d8 animated-fast elementor-invisible elementor-widget elementor-widget-elementskit-heading\" data-id=\"8b707d8\" data-element_type=\"widget\" data-e-type=\"widget\" data-settings=\"{&quot;_animation&quot;:&quot;fadeIn&quot;,&quot;_animation_delay&quot;:100,&quot;ekit_we_effect_on&quot;:&quot;none&quot;}\" data-widget_type=\"elementskit-heading.default\">\n\t\t\t\t<div class=\"elementor-widget-container\">\n\t\t\t\t\t<div class=\"ekit-wid-con\" ><div class=\"ekit-heading elementskit-section-title-wraper text_left   ekit_heading_tablet-   ekit_heading_mobile-\"><h3 class=\"ekit-heading--title elementskit-section-title \">Si vas a renovar tu pasaporte por correo:<\/h3><\/div><\/div>\t\t\t\t<\/div>\n\t\t\t\t<\/div>\n\t\t\t\t<div class=\"elementor-element elementor-element-6b86cb7 elementor-widget elementor-widget-text-editor\" data-id=\"6b86cb7\" data-element_type=\"widget\" data-e-type=\"widget\" data-settings=\"{&quot;ekit_we_effect_on&quot;:&quot;none&quot;}\" data-widget_type=\"text-editor.default\">\n\t\t\t\t<div class=\"elementor-widget-container\">\n\t\t\t\t\t\t\t\t\t<p class=\"\">Para renovar tu pasaporte por correo tendr\u00e1s que adjuntar <b>1 foto<\/b> al env\u00edo de la solicitud. Cuando adjuntes la foto a tus formularios sigue estas normas para evitar retrasos en la tramitaci\u00f3n: <\/p><ul class=\"e-list\"><li><p class=\"\">La foto debe graparse a la solicitud. Utiliza 4 grapas colocadas verticalmente en las esquinas. Las grapas deben estar lo m\u00e1s cerca posible de los bordes exteriores  <\/p><\/li><li><p class=\"\">La foto <b>no<\/b> debe <b>estar doblada<\/b> de ninguna manera  <\/p><\/li><\/ul>\t\t\t\t\t\t\t\t<\/div>\n\t\t\t\t<\/div>\n\t\t\t\t<\/div>\n\t\t\t\t<\/div>\n\t\t\t\t<\/div>\n\t\t\t\t<\/div>\n\t\t\t\t\t<\/div>\n\t\t\t\t<\/div>\n\t\t\t\t<\/div>\n\t\t","protected":false},"excerpt":{"rendered":"<p>Requisitos fotogr\u00e1ficos para los pasaportes estadounidenses Cuando presentes tu solicitud de pasaporte estadounidense, deber\u00e1s adjuntar una foto a tus formularios cumplimentados para que los funcionarios de fronteras puedan identificarte cuando viajes. La foto que adjuntes con tus formularios debe cumplir una serie de criterios para que el Departamento de Estado la acepte cuando tramite tu [&hellip;]<\/p>\n","protected":false},"author":1,"featured_media":0,"parent":0,"menu_order":0,"comment_status":"closed","ping_status":"closed","template":"","meta":{"footnotes":""},"class_list":["post-23543","page","type-page","status-publish","hentry"],"aioseo_notices":[],"_links":{"self":[{"href":"https:\/\/passportexpress.co\/es\/wp-json\/wp\/v2\/pages\/23543","targetHints":{"allow":["GET"]}}],"collection":[{"href":"https:\/\/passportexpress.co\/es\/wp-json\/wp\/v2\/pages"}],"about":[{"href":"https:\/\/passportexpress.co\/es\/wp-json\/wp\/v2\/types\/page"}],"author":[{"embeddable":true,"href":"https:\/\/passportexpress.co\/es\/wp-json\/wp\/v2\/users\/1"}],"replies":[{"embeddable":true,"href":"https:\/\/passportexpress.co\/es\/wp-json\/wp\/v2\/comments?post=23543"}],"version-history":[{"count":1,"href":"https:\/\/passportexpress.co\/es\/wp-json\/wp\/v2\/pages\/23543\/revisions"}],"predecessor-version":[{"id":23545,"href":"https:\/\/passportexpress.co\/es\/wp-json\/wp\/v2\/pages\/23543\/revisions\/23545"}],"wp:attachment":[{"href":"https:\/\/passportexpress.co\/es\/wp-json\/wp\/v2\/media?parent=23543"}],"curies":[{"name":"wp","href":"https:\/\/api.w.org\/{rel}","templated":true}]}}