{"id":23527,"date":"2025-05-10T15:07:34","date_gmt":"2025-05-10T15:07:34","guid":{"rendered":"https:\/\/passportexpress.co\/solicitar-un-pasaporte-en-persona-instrucciones-ds-11\/"},"modified":"2025-05-30T09:51:43","modified_gmt":"2025-05-30T09:51:43","slug":"solicitar-un-pasaporte-en-persona-instrucciones-ds-11","status":"publish","type":"page","link":"https:\/\/passportexpress.co\/es\/solicitar-un-pasaporte-en-persona-instrucciones-ds-11\/","title":{"rendered":"Solicitar un pasaporte en persona &#8211; Instrucciones DS-11"},"content":{"rendered":"\t\t<div data-elementor-type=\"wp-page\" data-elementor-id=\"23527\" class=\"elementor elementor-23527 elementor-22963\">\n\t\t\t\t<div class=\"elementor-element elementor-element-50c5dd3 e-flex e-con-boxed e-con e-parent\" data-id=\"50c5dd3\" data-element_type=\"container\" data-e-type=\"container\" data-settings=\"{&quot;background_background&quot;:&quot;classic&quot;}\">\n\t\t\t\t\t<div class=\"e-con-inner\">\n\t\t<div class=\"elementor-element elementor-element-264a96f e-con-full e-flex e-con e-child\" data-id=\"264a96f\" data-element_type=\"container\" data-e-type=\"container\">\n\t\t\t\t<div class=\"elementor-element elementor-element-2f0e04b animated-fast elementor-invisible elementor-widget elementor-widget-elementskit-heading\" data-id=\"2f0e04b\" data-element_type=\"widget\" data-e-type=\"widget\" data-settings=\"{&quot;ekit_we_effect_on&quot;:&quot;css&quot;,&quot;_animation&quot;:&quot;fadeIn&quot;,&quot;_animation_delay&quot;:100}\" data-widget_type=\"elementskit-heading.default\">\n\t\t\t\t<div class=\"elementor-widget-container\">\n\t\t\t\t\t<div class=\"ekit-wid-con\" ><div class=\"ekit-heading elementskit-section-title-wraper text_center   ekit_heading_tablet-   ekit_heading_mobile-\"><h1 class=\"ekit-heading--title elementskit-section-title \">Solicitar un pasaporte en persona - Instrucciones DS-11<\/h1><div class=\"ekit_heading_separetor_wraper ekit_heading_elementskit-border-divider ekit-dotted\"><div class=\"elementskit-border-divider ekit-dotted\"><\/div><\/div><\/div><\/div>\t\t\t\t<\/div>\n\t\t\t\t<\/div>\n\t\t\t\t<\/div>\n\t\t\t\t\t<\/div>\n\t\t\t\t<\/div>\n\t\t<div class=\"elementor-element elementor-element-5118163 e-flex e-con-boxed e-con e-parent\" data-id=\"5118163\" data-element_type=\"container\" data-e-type=\"container\" id=\"accordian-sec\" data-settings=\"{&quot;animation&quot;:&quot;none&quot;,&quot;background_background&quot;:&quot;classic&quot;}\">\n\t\t\t\t\t<div class=\"e-con-inner\">\n\t\t<div class=\"elementor-element elementor-element-c325955 e-con-full e-flex e-con e-child\" data-id=\"c325955\" data-element_type=\"container\" data-e-type=\"container\">\n\t\t<div class=\"elementor-element elementor-element-e8b190f e-con-full sticky-section e-flex e-con e-child\" data-id=\"e8b190f\" data-element_type=\"container\" data-e-type=\"container\">\n\t\t<div class=\"elementor-element elementor-element-ad7cb71 e-con-full e-flex e-con e-child\" data-id=\"ad7cb71\" data-element_type=\"container\" data-e-type=\"container\">\n\t\t\t\t<div class=\"elementor-element elementor-element-5d47b03 animated-fast elementor-invisible elementor-widget elementor-widget-elementskit-heading\" data-id=\"5d47b03\" data-element_type=\"widget\" data-e-type=\"widget\" data-settings=\"{&quot;_animation&quot;:&quot;fadeIn&quot;,&quot;_animation_delay&quot;:100,&quot;ekit_we_effect_on&quot;:&quot;none&quot;}\" data-widget_type=\"elementskit-heading.default\">\n\t\t\t\t<div class=\"elementor-widget-container\">\n\t\t\t\t\t<div class=\"ekit-wid-con\" ><div class=\"ekit-heading elementskit-section-title-wraper text_left   ekit_heading_tablet-   ekit_heading_mobile-\"><h3 class=\"ekit-heading--title elementskit-section-title \">C\u00f3mo presentar el formulario de solicitud DS-11<\/h3><\/div><\/div>\t\t\t\t<\/div>\n\t\t\t\t<\/div>\n\t\t\t\t<div class=\"elementor-element elementor-element-6bc141d elementor-widget elementor-widget-text-editor\" data-id=\"6bc141d\" data-element_type=\"widget\" data-e-type=\"widget\" data-settings=\"{&quot;ekit_we_effect_on&quot;:&quot;none&quot;}\" data-widget_type=\"text-editor.default\">\n\t\t\t\t<div class=\"elementor-widget-container\">\n\t\t\t\t\t\t\t\t\t<p>Una vez cumplimentado tu formulario DS-11, ya puedes presentar tu documentaci\u00f3n para que sea procesada. Para ello, tendr\u00e1s que <b>presentar tu solicitud en persona en un Centro de Aceptaci\u00f3n de Pasaportes o en una Agencia de Pasaportes<\/b>. El proceso de solicitud es el mismo independientemente de si solicitas una libreta de pasaporte, una tarjeta de pasaporte o ambas cosas simult\u00e1neamente. Para completar tu solicitud de pasaporte estadounidense, s\u00f3lo tienes que seguir estos pasos:   <\/p>\t\t\t\t\t\t\t\t<\/div>\n\t\t\t\t<\/div>\n\t\t\t\t<\/div>\n\t\t\t\t<\/div>\n\t\t<div class=\"elementor-element elementor-element-8069d83 e-con-full sticky-section e-flex e-con e-child\" data-id=\"8069d83\" data-element_type=\"container\" data-e-type=\"container\">\n\t\t<div class=\"elementor-element elementor-element-8d53717 e-con-full e-flex e-con e-child\" data-id=\"8d53717\" data-element_type=\"container\" data-e-type=\"container\">\n\t\t\t\t<div class=\"elementor-element elementor-element-7784a8f animated-fast elementor-invisible elementor-widget elementor-widget-elementskit-heading\" data-id=\"7784a8f\" data-element_type=\"widget\" data-e-type=\"widget\" data-settings=\"{&quot;_animation&quot;:&quot;fadeIn&quot;,&quot;_animation_delay&quot;:100,&quot;ekit_we_effect_on&quot;:&quot;none&quot;}\" data-widget_type=\"elementskit-heading.default\">\n\t\t\t\t<div class=\"elementor-widget-container\">\n\t\t\t\t\t<div class=\"ekit-wid-con\" ><div class=\"ekit-heading elementskit-section-title-wraper text_left   ekit_heading_tablet-   ekit_heading_mobile-\"><h3 class=\"ekit-heading--title elementskit-section-title \">Descarga e imprime el formulario que te hemos enviado por correo electr\u00f3nico<\/h3><\/div><\/div>\t\t\t\t<\/div>\n\t\t\t\t<\/div>\n\t\t\t\t<div class=\"elementor-element elementor-element-aff42aa elementor-widget elementor-widget-text-editor\" data-id=\"aff42aa\" data-element_type=\"widget\" data-e-type=\"widget\" data-settings=\"{&quot;ekit_we_effect_on&quot;:&quot;none&quot;}\" data-widget_type=\"text-editor.default\">\n\t\t\t\t<div class=\"elementor-widget-container\">\n\t\t\t\t\t\t\t\t\t<ul class=\"e-list\"><li><p class=\"\">Descarga el formulario de solicitud DS-11 cumplimentado que te hemos enviado por correo electr\u00f3nico<\/p><\/li><li><p class=\"\">Para abrir correctamente tu formulario, necesitar\u00e1s utilizar <strong><a href=\"https:\/\/get.adobe.com\/es\/reader\/\" target=\"_blank\" rel=\"noopener\"><u>Adobe Acrobat Reader<\/u><\/a><\/strong><\/p><\/li><li><p class=\"\">Imprime tu formulario de solicitud y sigue el resto de las instrucciones que figuran a continuaci\u00f3n<\/p><\/li><\/ul><p class=\"\"><b>Recuerda: <\/b>no debes firmar tu formulario DS-11.<\/p>\t\t\t\t\t\t\t\t<\/div>\n\t\t\t\t<\/div>\n\t\t\t\t<\/div>\n\t\t<div class=\"elementor-element elementor-element-76bbbc1 e-con-full sticky-section e-flex e-con e-child\" data-id=\"76bbbc1\" data-element_type=\"container\" data-e-type=\"container\">\n\t\t<div class=\"elementor-element elementor-element-f09ad0d e-con-full e-flex e-con e-child\" data-id=\"f09ad0d\" data-element_type=\"container\" data-e-type=\"container\">\n\t\t\t\t<div class=\"elementor-element elementor-element-f3c5b98 animated-fast elementor-invisible elementor-widget elementor-widget-elementskit-heading\" data-id=\"f3c5b98\" data-element_type=\"widget\" data-e-type=\"widget\" data-settings=\"{&quot;_animation&quot;:&quot;fadeIn&quot;,&quot;_animation_delay&quot;:100,&quot;ekit_we_effect_on&quot;:&quot;none&quot;}\" data-widget_type=\"elementskit-heading.default\">\n\t\t\t\t<div class=\"elementor-widget-container\">\n\t\t\t\t\t<div class=\"ekit-wid-con\" ><div class=\"ekit-heading elementskit-section-title-wraper text_left   ekit_heading_tablet-   ekit_heading_mobile-\"><h3 class=\"ekit-heading--title elementskit-section-title \">Documentos que debes presentar con tus formularios<\/h3><\/div><\/div>\t\t\t\t<\/div>\n\t\t\t\t<\/div>\n\t\t<div class=\"elementor-element elementor-element-952e5c9 e-con-full e-grid e-con e-child\" data-id=\"952e5c9\" data-element_type=\"container\" data-e-type=\"container\">\n\t\t<div class=\"elementor-element elementor-element-feb9bc6 e-con-full e-flex e-con e-child\" data-id=\"feb9bc6\" data-element_type=\"container\" data-e-type=\"container\">\n\t\t\t\t<div class=\"elementor-element elementor-element-f44de8a animated-fast elementor-invisible elementor-widget elementor-widget-elementskit-heading\" data-id=\"f44de8a\" data-element_type=\"widget\" data-e-type=\"widget\" data-settings=\"{&quot;_animation&quot;:&quot;fadeIn&quot;,&quot;_animation_delay&quot;:100,&quot;ekit_we_effect_on&quot;:&quot;none&quot;}\" data-widget_type=\"elementskit-heading.default\">\n\t\t\t\t<div class=\"elementor-widget-container\">\n\t\t\t\t\t<div class=\"ekit-wid-con\" ><div class=\"ekit-heading elementskit-section-title-wraper text_left   ekit_heading_tablet-   ekit_heading_mobile-\"><h3 class=\"ekit-heading--title elementskit-section-title \">Una foto reciente de pasaporte<\/h3><\/div><\/div>\t\t\t\t<\/div>\n\t\t\t\t<\/div>\n\t\t\t\t<div class=\"elementor-element elementor-element-17a7cc3 elementor-widget elementor-widget-text-editor\" data-id=\"17a7cc3\" data-element_type=\"widget\" data-e-type=\"widget\" data-settings=\"{&quot;ekit_we_effect_on&quot;:&quot;none&quot;}\" data-widget_type=\"text-editor.default\">\n\t\t\t\t<div class=\"elementor-widget-container\">\n\t\t\t\t\t\t\t\t\t<ul class=\"e-list\"><li><div class=\"richText undefined\" data-testid=\"rich-text\"><p class=\"\">Adjunta una fotograf\u00eda tuya a la solicitud. La foto debe cumplir <b>unos requisitos espec\u00edficos<\/b> para ser aceptada. <\/p><\/div><\/li><\/ul>\t\t\t\t\t\t\t\t<\/div>\n\t\t\t\t<\/div>\n\t\t\t\t<div class=\"elementor-element elementor-element-3f1e3d0 elementor-align-center elementor-widget elementor-widget-button\" data-id=\"3f1e3d0\" data-element_type=\"widget\" data-e-type=\"widget\" data-settings=\"{&quot;ekit_we_effect_on&quot;:&quot;none&quot;}\" data-widget_type=\"button.default\">\n\t\t\t\t<div class=\"elementor-widget-container\">\n\t\t\t\t\t\t\t\t\t<div class=\"elementor-button-wrapper\">\n\t\t\t\t\t<a class=\"elementor-button elementor-button-link elementor-size-sm\" href=\"https:\/\/passportexpress.co\/es\/requisitos-fotograficos-para-los-pasaportes-estadounidenses\/\">\n\t\t\t\t\t\t<span class=\"elementor-button-content-wrapper\">\n\t\t\t\t\t\t\t\t\t<span class=\"elementor-button-text\">Ver los requisitos para la foto de pasaporte<\/span>\n\t\t\t\t\t<\/span>\n\t\t\t\t\t<\/a>\n\t\t\t\t<\/div>\n\t\t\t\t\t\t\t\t<\/div>\n\t\t\t\t<\/div>\n\t\t\t\t<\/div>\n\t\t<div class=\"elementor-element elementor-element-1019e10 e-con-full e-flex e-con e-child\" data-id=\"1019e10\" data-element_type=\"container\" data-e-type=\"container\">\n\t\t\t\t<div class=\"elementor-element elementor-element-5385fdd animated-fast elementor-invisible elementor-widget elementor-widget-elementskit-heading\" data-id=\"5385fdd\" data-element_type=\"widget\" data-e-type=\"widget\" data-settings=\"{&quot;_animation&quot;:&quot;fadeIn&quot;,&quot;_animation_delay&quot;:100,&quot;ekit_we_effect_on&quot;:&quot;none&quot;}\" data-widget_type=\"elementskit-heading.default\">\n\t\t\t\t<div class=\"elementor-widget-container\">\n\t\t\t\t\t<div class=\"ekit-wid-con\" ><div class=\"ekit-heading elementskit-section-title-wraper text_left   ekit_heading_tablet-   ekit_heading_mobile-\"><h3 class=\"ekit-heading--title elementskit-section-title \">Tasas de pasaporte<\/h3><\/div><\/div>\t\t\t\t<\/div>\n\t\t\t\t<\/div>\n\t\t\t\t<div class=\"elementor-element elementor-element-ae6655d elementor-widget elementor-widget-text-editor\" data-id=\"ae6655d\" data-element_type=\"widget\" data-e-type=\"widget\" data-settings=\"{&quot;ekit_we_effect_on&quot;:&quot;none&quot;}\" data-widget_type=\"text-editor.default\">\n\t\t\t\t<div class=\"elementor-widget-container\">\n\t\t\t\t\t\t\t\t\t<ul class=\"e-list\"><li><div class=\"richText undefined\" data-testid=\"rich-text\"><div class=\"richText undefined\" data-testid=\"rich-text\"><p class=\"\">Debes incluir las <b>tasas gubernamentales de tramitaci\u00f3n<\/b> de tu pasaporte en forma de cheque personal o giro postal.<\/p><\/div><\/div><\/li><\/ul>\t\t\t\t\t\t\t\t<\/div>\n\t\t\t\t<\/div>\n\t\t\t\t<div class=\"elementor-element elementor-element-87b2a4f elementor-align-center elementor-widget elementor-widget-button\" data-id=\"87b2a4f\" data-element_type=\"widget\" data-e-type=\"widget\" data-settings=\"{&quot;ekit_we_effect_on&quot;:&quot;none&quot;}\" data-widget_type=\"button.default\">\n\t\t\t\t<div class=\"elementor-widget-container\">\n\t\t\t\t\t\t\t\t\t<div class=\"elementor-button-wrapper\">\n\t\t\t\t\t<a class=\"elementor-button elementor-button-link elementor-size-sm\" href=\"https:\/\/passportexpress.co\/es\/tasas-de-pasaporte-e-instrucciones-de-pago\/\">\n\t\t\t\t\t\t<span class=\"elementor-button-content-wrapper\">\n\t\t\t\t\t\t\t\t\t<span class=\"elementor-button-text\">Calcula las tasas de tu pasaporte<\/span>\n\t\t\t\t\t<\/span>\n\t\t\t\t\t<\/a>\n\t\t\t\t<\/div>\n\t\t\t\t\t\t\t\t<\/div>\n\t\t\t\t<\/div>\n\t\t\t\t<\/div>\n\t\t<div class=\"elementor-element elementor-element-91fc9b9 e-con-full e-flex e-con e-child\" data-id=\"91fc9b9\" data-element_type=\"container\" data-e-type=\"container\">\n\t\t\t\t<div class=\"elementor-element elementor-element-f057194 animated-fast elementor-invisible elementor-widget elementor-widget-elementskit-heading\" data-id=\"f057194\" data-element_type=\"widget\" data-e-type=\"widget\" data-settings=\"{&quot;_animation&quot;:&quot;fadeIn&quot;,&quot;_animation_delay&quot;:100,&quot;ekit_we_effect_on&quot;:&quot;none&quot;}\" data-widget_type=\"elementskit-heading.default\">\n\t\t\t\t<div class=\"elementor-widget-container\">\n\t\t\t\t\t<div class=\"ekit-wid-con\" ><div class=\"ekit-heading elementskit-section-title-wraper text_left   ekit_heading_tablet-   ekit_heading_mobile-\"><h3 class=\"ekit-heading--title elementskit-section-title \">Prueba de ciudadan\u00eda estadounidense<\/h3><\/div><\/div>\t\t\t\t<\/div>\n\t\t\t\t<\/div>\n\t\t\t\t<div class=\"elementor-element elementor-element-6054420 elementor-widget elementor-widget-text-editor\" data-id=\"6054420\" data-element_type=\"widget\" data-e-type=\"widget\" data-settings=\"{&quot;ekit_we_effect_on&quot;:&quot;none&quot;}\" data-widget_type=\"text-editor.default\">\n\t\t\t\t<div class=\"elementor-widget-container\">\n\t\t\t\t\t\t\t\t\t<p class=\"\"><b>Dependiendo de tus circunstancias<\/b>, necesitar\u00e1s una o varias de las siguientes pruebas de nacionalidad:<\/p><ul class=\"e-list\"><li><p class=\"\">Un certificado de nacimiento<\/p><\/li><li><p class=\"\">Informe consular de nacimiento en el extranjero<\/p><\/li><li><p class=\"\">Un Certificado de Naturalizaci\u00f3n<\/p><\/li><li><p class=\"\">Un Certificado de Ciudadan\u00eda<\/p><\/li><li><p class=\"\">Tu pasaporte estadounidense actual o anterior<\/p><\/li><\/ul>\t\t\t\t\t\t\t\t<\/div>\n\t\t\t\t<\/div>\n\t\t\t\t<div class=\"elementor-element elementor-element-def377a elementor-align-center elementor-widget elementor-widget-button\" data-id=\"def377a\" data-element_type=\"widget\" data-e-type=\"widget\" data-settings=\"{&quot;ekit_we_effect_on&quot;:&quot;none&quot;}\" data-widget_type=\"button.default\">\n\t\t\t\t<div class=\"elementor-widget-container\">\n\t\t\t\t\t\t\t\t\t<div class=\"elementor-button-wrapper\">\n\t\t\t\t\t<a class=\"elementor-button elementor-button-link elementor-size-sm\" href=\"https:\/\/passportexpress.co\/es\/prueba-de-ciudadania-estadounidense\/\">\n\t\t\t\t\t\t<span class=\"elementor-button-content-wrapper\">\n\t\t\t\t\t\t\t\t\t<span class=\"elementor-button-text\">Aportar pruebas de ciudadan\u00eda estadounidense<\/span>\n\t\t\t\t\t<\/span>\n\t\t\t\t\t<\/a>\n\t\t\t\t<\/div>\n\t\t\t\t\t\t\t\t<\/div>\n\t\t\t\t<\/div>\n\t\t\t\t<\/div>\n\t\t<div class=\"elementor-element elementor-element-ded813a e-con-full e-flex e-con e-child\" data-id=\"ded813a\" data-element_type=\"container\" data-e-type=\"container\">\n\t\t\t\t<div class=\"elementor-element elementor-element-5887020 animated-fast elementor-invisible elementor-widget elementor-widget-elementskit-heading\" data-id=\"5887020\" data-element_type=\"widget\" data-e-type=\"widget\" data-settings=\"{&quot;_animation&quot;:&quot;fadeIn&quot;,&quot;_animation_delay&quot;:100,&quot;ekit_we_effect_on&quot;:&quot;none&quot;}\" data-widget_type=\"elementskit-heading.default\">\n\t\t\t\t<div class=\"elementor-widget-container\">\n\t\t\t\t\t<div class=\"ekit-wid-con\" ><div class=\"ekit-heading elementskit-section-title-wraper text_left   ekit_heading_tablet-   ekit_heading_mobile-\"><h3 class=\"ekit-heading--title elementskit-section-title \">Prueba de identidad<\/h3><\/div><\/div>\t\t\t\t<\/div>\n\t\t\t\t<\/div>\n\t\t\t\t<div class=\"elementor-element elementor-element-5eb693b elementor-widget elementor-widget-text-editor\" data-id=\"5eb693b\" data-element_type=\"widget\" data-e-type=\"widget\" data-settings=\"{&quot;ekit_we_effect_on&quot;:&quot;none&quot;}\" data-widget_type=\"text-editor.default\">\n\t\t\t\t<div class=\"elementor-widget-container\">\n\t\t\t\t\t\t\t\t\t<p class=\"\">Debes acreditar tu identidad para poder tramitar tu solicitud.  <\/p><p class=\"\"><b>Las formas de<\/b> <b>formas de identificaci\u00f3n:<\/b><\/p><ul class=\"e-list\"><li><p class=\"\">Permiso de conducir<\/p><\/li><li><p class=\"\">Una Certificaci\u00f3n de Naturalizaci\u00f3n<\/p><\/li><li><p class=\"\">Un Certificado de Ciudadan\u00eda<\/p><\/li><\/ul>\t\t\t\t\t\t\t\t<\/div>\n\t\t\t\t<\/div>\n\t\t\t\t<div class=\"elementor-element elementor-element-585e695 elementor-align-center elementor-widget elementor-widget-button\" data-id=\"585e695\" data-element_type=\"widget\" data-e-type=\"widget\" data-settings=\"{&quot;ekit_we_effect_on&quot;:&quot;none&quot;}\" data-widget_type=\"button.default\">\n\t\t\t\t<div class=\"elementor-widget-container\">\n\t\t\t\t\t\t\t\t\t<div class=\"elementor-button-wrapper\">\n\t\t\t\t\t<a class=\"elementor-button elementor-button-link elementor-size-sm\" href=\"https:\/\/passportexpress.co\/es\/como-presentar-tu-prueba-de-identidad\/\">\n\t\t\t\t\t\t<span class=\"elementor-button-content-wrapper\">\n\t\t\t\t\t\t\t\t\t<span class=\"elementor-button-text\">C\u00f3mo presentar tu prueba de identidad<\/span>\n\t\t\t\t\t<\/span>\n\t\t\t\t\t<\/a>\n\t\t\t\t<\/div>\n\t\t\t\t\t\t\t\t<\/div>\n\t\t\t\t<\/div>\n\t\t\t\t<\/div>\n\t\t\t\t<\/div>\n\t\t\t\t<\/div>\n\t\t\t\t<\/div>\n\t\t<div class=\"elementor-element elementor-element-2d454ac e-con-full sticky-section e-flex e-con e-child\" data-id=\"2d454ac\" data-element_type=\"container\" data-e-type=\"container\">\n\t\t<div class=\"elementor-element elementor-element-f74d508 e-con-full e-flex e-con e-child\" data-id=\"f74d508\" data-element_type=\"container\" data-e-type=\"container\">\n\t\t\t\t<div class=\"elementor-element elementor-element-02281db animated-fast elementor-invisible elementor-widget elementor-widget-elementskit-heading\" data-id=\"02281db\" data-element_type=\"widget\" data-e-type=\"widget\" data-settings=\"{&quot;_animation&quot;:&quot;fadeIn&quot;,&quot;_animation_delay&quot;:100,&quot;ekit_we_effect_on&quot;:&quot;none&quot;}\" data-widget_type=\"elementskit-heading.default\">\n\t\t\t\t<div class=\"elementor-widget-container\">\n\t\t\t\t\t<div class=\"ekit-wid-con\" ><div class=\"ekit-heading elementskit-section-title-wraper text_left   ekit_heading_tablet-   ekit_heading_mobile-\"><h3 class=\"ekit-heading--title elementskit-section-title \">D\u00f3nde enviar tu formulario<\/h3><\/div><\/div>\t\t\t\t<\/div>\n\t\t\t\t<\/div>\n\t\t<div class=\"elementor-element elementor-element-7e3df3b e-grid e-con-full e-con e-child\" data-id=\"7e3df3b\" data-element_type=\"container\" data-e-type=\"container\">\n\t\t<div class=\"elementor-element elementor-element-687c1f1 e-con-full e-flex e-con e-child\" data-id=\"687c1f1\" data-element_type=\"container\" data-e-type=\"container\">\n\t\t\t\t<div class=\"elementor-element elementor-element-787b86d elementor-widget elementor-widget-text-editor\" data-id=\"787b86d\" data-element_type=\"widget\" data-e-type=\"widget\" data-settings=\"{&quot;ekit_we_effect_on&quot;:&quot;none&quot;}\" data-widget_type=\"text-editor.default\">\n\t\t\t\t<div class=\"elementor-widget-container\">\n\t\t\t\t\t\t\t\t\t<p class=\"\">Tendr\u00e1s que presentarte personalmente en un <b>Centro de Aceptaci\u00f3n de Pasaportes o en una Agencia de Pasaportes<\/b> con tu DS-11 cumplimentado.<\/p>\t\t\t\t\t\t\t\t<\/div>\n\t\t\t\t<\/div>\n\t\t\t\t<div class=\"elementor-element elementor-element-44e0a6e elementor-align-center elementor-widget elementor-widget-button\" data-id=\"44e0a6e\" data-element_type=\"widget\" data-e-type=\"widget\" data-settings=\"{&quot;ekit_we_effect_on&quot;:&quot;none&quot;}\" data-widget_type=\"button.default\">\n\t\t\t\t<div class=\"elementor-widget-container\">\n\t\t\t\t\t\t\t\t\t<div class=\"elementor-button-wrapper\">\n\t\t\t\t\t<a class=\"elementor-button elementor-button-link elementor-size-sm\" href=\"https:\/\/iafdb.travel.state.gov\/DefaultForm.aspx\" target=\"_blank\">\n\t\t\t\t\t\t<span class=\"elementor-button-content-wrapper\">\n\t\t\t\t\t\t\t\t\t<span class=\"elementor-button-text\">Localiza un centro o agencia cerca de ti<\/span>\n\t\t\t\t\t<\/span>\n\t\t\t\t\t<\/a>\n\t\t\t\t<\/div>\n\t\t\t\t\t\t\t\t<\/div>\n\t\t\t\t<\/div>\n\t\t\t\t<\/div>\n\t\t<div class=\"elementor-element elementor-element-2c7a40a e-con-full e-flex e-con e-child\" data-id=\"2c7a40a\" data-element_type=\"container\" data-e-type=\"container\">\n\t\t\t\t<div class=\"elementor-element elementor-element-6b19908 elementor-widget elementor-widget-text-editor\" data-id=\"6b19908\" data-element_type=\"widget\" data-e-type=\"widget\" data-settings=\"{&quot;ekit_we_effect_on&quot;:&quot;none&quot;}\" data-widget_type=\"text-editor.default\">\n\t\t\t\t<div class=\"elementor-widget-container\">\n\t\t\t\t\t\t\t\t\t<div class=\"stepbox--note--label\"><div class=\"stepbox--note--label\"><strong>Nota:<\/strong><\/div><div class=\"richText undefined\" data-testid=\"rich-text\"><p class=\"\">Si vas a viajar <b>en un plazo de 2 semanas<\/b>, puedes pedir cita en una Agencia de Pasaportes.<\/p><p class=\"\">Para concertar una cita, ponte en contacto con el Centro Nacional de Informaci\u00f3n sobre Pasaportes llamando gratuitamente al 1-877-487-2778 (TDD: 1-888-874-7793). El sistema automatizado de citas est\u00e1 <b>disponible 24 horas al d\u00eda, 7 d\u00edas a la semana<\/b>. <\/p><\/div><\/div>\t\t\t\t\t\t\t\t<\/div>\n\t\t\t\t<\/div>\n\t\t\t\t<\/div>\n\t\t\t\t<\/div>\n\t\t\t\t<\/div>\n\t\t\t\t<\/div>\n\t\t\t\t<\/div>\n\t\t\t\t<\/div>\n\t\t\t\t\t<\/div>\n\t\t\t\t<\/div>\n\t\t\t\t<\/div>\n\t\t","protected":false},"excerpt":{"rendered":"<p>Solicitar un pasaporte en persona &#8211; Instrucciones DS-11 C\u00f3mo presentar el formulario de solicitud DS-11 Una vez cumplimentado tu formulario DS-11, ya puedes presentar tu documentaci\u00f3n para que sea procesada. Para ello, tendr\u00e1s que presentar tu solicitud en persona en un Centro de Aceptaci\u00f3n de Pasaportes o en una Agencia de Pasaportes. El proceso de [&hellip;]<\/p>\n","protected":false},"author":1,"featured_media":0,"parent":0,"menu_order":0,"comment_status":"closed","ping_status":"closed","template":"","meta":{"footnotes":""},"class_list":["post-23527","page","type-page","status-publish","hentry"],"aioseo_notices":[],"_links":{"self":[{"href":"https:\/\/passportexpress.co\/es\/wp-json\/wp\/v2\/pages\/23527","targetHints":{"allow":["GET"]}}],"collection":[{"href":"https:\/\/passportexpress.co\/es\/wp-json\/wp\/v2\/pages"}],"about":[{"href":"https:\/\/passportexpress.co\/es\/wp-json\/wp\/v2\/types\/page"}],"author":[{"embeddable":true,"href":"https:\/\/passportexpress.co\/es\/wp-json\/wp\/v2\/users\/1"}],"replies":[{"embeddable":true,"href":"https:\/\/passportexpress.co\/es\/wp-json\/wp\/v2\/comments?post=23527"}],"version-history":[{"count":3,"href":"https:\/\/passportexpress.co\/es\/wp-json\/wp\/v2\/pages\/23527\/revisions"}],"predecessor-version":[{"id":23552,"href":"https:\/\/passportexpress.co\/es\/wp-json\/wp\/v2\/pages\/23527\/revisions\/23552"}],"wp:attachment":[{"href":"https:\/\/passportexpress.co\/es\/wp-json\/wp\/v2\/media?parent=23527"}],"curies":[{"name":"wp","href":"https:\/\/api.w.org\/{rel}","templated":true}]}}