{"id":23513,"date":"2025-05-10T15:35:24","date_gmt":"2025-05-10T15:35:24","guid":{"rendered":"https:\/\/passportexpress.co\/prueba-de-ciudadania-estadounidense\/"},"modified":"2025-05-12T14:52:06","modified_gmt":"2025-05-12T14:52:06","slug":"prueba-de-ciudadania-estadounidense","status":"publish","type":"page","link":"https:\/\/passportexpress.co\/es\/prueba-de-ciudadania-estadounidense\/","title":{"rendered":"Prueba de ciudadan\u00eda estadounidense"},"content":{"rendered":"\t\t<div data-elementor-type=\"wp-page\" data-elementor-id=\"23513\" class=\"elementor elementor-23513 elementor-23002\">\n\t\t\t\t<div class=\"elementor-element elementor-element-432155d0 hero-section e-con-full e-flex e-con e-parent\" data-id=\"432155d0\" data-element_type=\"container\" data-e-type=\"container\" data-settings=\"{&quot;background_background&quot;:&quot;classic&quot;}\">\n\t\t<div class=\"elementor-element elementor-element-1ebb6241 e-con-full e-flex e-con e-child\" data-id=\"1ebb6241\" data-element_type=\"container\" data-e-type=\"container\">\n\t\t<div class=\"elementor-element elementor-element-31922c1 e-con-full e-flex e-con e-child\" data-id=\"31922c1\" data-element_type=\"container\" data-e-type=\"container\">\n\t\t\t\t<div class=\"elementor-element elementor-element-54939faf animated-fast elementor-widget__width-initial elementor-invisible elementor-widget elementor-widget-elementskit-heading\" data-id=\"54939faf\" data-element_type=\"widget\" data-e-type=\"widget\" data-settings=\"{&quot;_animation&quot;:&quot;fadeIn&quot;,&quot;ekit_we_effect_on&quot;:&quot;css&quot;,&quot;_animation_delay&quot;:100}\" data-widget_type=\"elementskit-heading.default\">\n\t\t\t\t<div class=\"elementor-widget-container\">\n\t\t\t\t\t<div class=\"ekit-wid-con\" ><div class=\"ekit-heading elementskit-section-title-wraper text_center   ekit_heading_tablet-   ekit_heading_mobile-\"><h2 class=\"ekit-heading--title elementskit-section-title \">Prueba de ciudadan\u00eda estadounidense<\/h2><div class=\"ekit_heading_separetor_wraper ekit_heading_elementskit-border-divider ekit-dotted\"><div class=\"elementskit-border-divider ekit-dotted\"><\/div><\/div><\/div><\/div>\t\t\t\t<\/div>\n\t\t\t\t<\/div>\n\t\t\t\t<\/div>\n\t\t\t\t<\/div>\n\t\t\t\t<\/div>\n\t\t<div class=\"elementor-element elementor-element-7d00d60c e-flex e-con-boxed e-con e-parent\" data-id=\"7d00d60c\" data-element_type=\"container\" data-e-type=\"container\" data-settings=\"{&quot;animation&quot;:&quot;none&quot;}\">\n\t\t\t\t\t<div class=\"e-con-inner\">\n\t\t<div class=\"elementor-element elementor-element-16989eda e-con-full e-flex e-con e-child\" data-id=\"16989eda\" data-element_type=\"container\" data-e-type=\"container\">\n\t\t<div class=\"elementor-element elementor-element-5c37e888 e-con-full sticky-section e-flex e-con e-child\" data-id=\"5c37e888\" data-element_type=\"container\" data-e-type=\"container\" id=\"section1\">\n\t\t<div class=\"elementor-element elementor-element-3c2cbe34 e-con-full e-flex e-con e-child\" data-id=\"3c2cbe34\" data-element_type=\"container\" data-e-type=\"container\">\n\t\t\t\t<div class=\"elementor-element elementor-element-3bf87857 animated-fast elementor-invisible elementor-widget elementor-widget-text-editor\" data-id=\"3bf87857\" data-element_type=\"widget\" data-e-type=\"widget\" data-settings=\"{&quot;_animation&quot;:&quot;fadeIn&quot;,&quot;_animation_delay&quot;:100,&quot;ekit_we_effect_on&quot;:&quot;none&quot;}\" data-widget_type=\"text-editor.default\">\n\t\t\t\t<div class=\"elementor-widget-container\">\n\t\t\t\t\t\t\t\t\t<p class=\"\">Para solicitar tu primer pasaporte con el formulario DS-11 o denunciar la p\u00e9rdida o robo de un pasaporte (DS-64) en relaci\u00f3n con la solicitud de un nuevo pasaporte estadounidense, debes proporcionar al Departamento de Estado de EE.UU. una prueba de tu ciudadan\u00eda estadounidense. Para proporcionar al departamento las pruebas que necesita, debes presentar <b>una copia original de <\/b><u><b>uno<\/b><\/u><b> de uno de los siguientes documentos<\/b>: <\/p><ul class=\"e-list\"><li><p class=\"\">Un certificado de nacimiento estadounidense que cumpla los siguientes requisitos:<\/p><ul class=\"e-list\"><li><p class=\"\">Expedido por la ciudad, el pa\u00eds y el estado de nacimiento<\/p><\/li><li><p class=\"\">La fecha de inscripci\u00f3n debe presentarse en el registro civil (en el plazo de un a\u00f1o desde tu nacimiento)<\/p><\/li><li><p class=\"\">Con la firma del registrador<\/p><\/li><li><p class=\"\">Indica tu nombre completo, fecha y lugar de nacimiento<\/p><\/li><li><p class=\"\">Incluye el nombre completo de tus padres<\/p><\/li><li><p class=\"\">Tiene el sello de la autoridad emisora<\/p><\/li><\/ul><\/li><li><p class=\"\">Un Informe Consular de Nacimiento en el Extranjero o Certificado de Nacimiento<\/p><\/li><li><p class=\"\">Un Certificado de Naturalizaci\u00f3n<\/p><\/li><li><p class=\"\">Un Certificado de Ciudadan\u00eda<\/p><\/li><li><p class=\"\">Un pasaporte estadounidense en buen estado que se haya registrado hace m\u00e1s de 15 a\u00f1os<\/p><\/li><\/ul><p class=\"\"><b>Recuerda: s\u00f3lo debes presentar copias originales. No se aceptar\u00e1n fotocopias ni copias compulsadas. <\/b><\/p>\t\t\t\t\t\t\t\t<\/div>\n\t\t\t\t<\/div>\n\t\t\t\t<\/div>\n\t\t\t\t<\/div>\n\t\t<div class=\"elementor-element elementor-element-332b1b39 e-con-full sticky-section e-flex e-con e-child\" data-id=\"332b1b39\" data-element_type=\"container\" data-e-type=\"container\" id=\"section2\">\n\t\t<div class=\"elementor-element elementor-element-4fdae2fe e-con-full e-flex e-con e-child\" data-id=\"4fdae2fe\" data-element_type=\"container\" data-e-type=\"container\">\n\t\t\t\t<div class=\"elementor-element elementor-element-4201eb7d elementor-widget elementor-widget-spacer\" data-id=\"4201eb7d\" data-element_type=\"widget\" data-e-type=\"widget\" data-settings=\"{&quot;ekit_we_effect_on&quot;:&quot;none&quot;}\" data-widget_type=\"spacer.default\">\n\t\t\t\t<div class=\"elementor-widget-container\">\n\t\t\t\t\t\t\t<div class=\"elementor-spacer\">\n\t\t\t<div class=\"elementor-spacer-inner\"><\/div>\n\t\t<\/div>\n\t\t\t\t\t\t<\/div>\n\t\t\t\t<\/div>\n\t\t\t\t<div class=\"elementor-element elementor-element-753252ec animated-fast elementor-invisible elementor-widget elementor-widget-elementskit-heading\" data-id=\"753252ec\" data-element_type=\"widget\" data-e-type=\"widget\" data-settings=\"{&quot;_animation&quot;:&quot;fadeIn&quot;,&quot;_animation_delay&quot;:100,&quot;ekit_we_effect_on&quot;:&quot;none&quot;}\" data-widget_type=\"elementskit-heading.default\">\n\t\t\t\t<div class=\"elementor-widget-container\">\n\t\t\t\t\t<div class=\"ekit-wid-con\" ><div class=\"ekit-heading elementskit-section-title-wraper text_left   ekit_heading_tablet-   ekit_heading_mobile-\"><h3 class=\"ekit-heading--title elementskit-section-title \">Menores de 16 a\u00f1os<\/h3><\/div><\/div>\t\t\t\t<\/div>\n\t\t\t\t<\/div>\n\t\t\t\t<\/div>\n\t\t<div class=\"elementor-element elementor-element-63a55675 e-con-full e-flex e-con e-child\" data-id=\"63a55675\" data-element_type=\"container\" data-e-type=\"container\">\n\t\t\t\t<div class=\"elementor-element elementor-element-17cc277b animated-fast elementor-invisible elementor-widget elementor-widget-text-editor\" data-id=\"17cc277b\" data-element_type=\"widget\" data-e-type=\"widget\" data-settings=\"{&quot;_animation&quot;:&quot;fadeIn&quot;,&quot;_animation_delay&quot;:100,&quot;ekit_we_effect_on&quot;:&quot;none&quot;}\" data-widget_type=\"text-editor.default\">\n\t\t\t\t<div class=\"elementor-widget-container\">\n\t\t\t\t\t\t\t\t\t<p class=\"\">Si solicitas un pasaporte para un menor de 16 a\u00f1os, debes presentar un original de <u><b>un<\/b><\/u><b> de los siguientes documentos<\/b> que confirmen la ciudadan\u00eda estadounidense del menor:<\/p><ul class=\"e-list\"><li><p class=\"\">Un certificado de nacimiento estadounidense que cumpla los siguientes requisitos:<\/p><ul class=\"e-list\"><li><p class=\"\">Expedido por la ciudad, el pa\u00eds y el estado de nacimiento<\/p><\/li><li><p class=\"\">Indica tu nombre completo, fecha y lugar de nacimiento<\/p><\/li><li><p class=\"\">Incluye los nombres completos de los padres<\/p><\/li><li><p class=\"\">La fecha de inscripci\u00f3n debe presentarse en el registro civil (en el plazo de un a\u00f1o desde tu nacimiento)<\/p><\/li><li><p class=\"\">Con la firma del registrador<\/p><\/li><li><p class=\"\">Tiene el sello de la autoridad emisora<\/p><\/li><\/ul><\/li><li><p class=\"\">Un Informe Consular de Nacimiento en el Extranjero o Certificado de Nacimiento<\/p><\/li><li><p class=\"\">Un Certificado de Ciudadan\u00eda<\/p><\/li><li><p class=\"\">Un pasaporte de EE.UU. en buen estado, v\u00e1lido o caducado<\/p><\/li><\/ul><p class=\"\"><b>Recuerda: s\u00f3lo debes presentar copias originales. No se aceptar\u00e1n fotocopias ni copias compulsadas. <\/b><\/p>\t\t\t\t\t\t\t\t<\/div>\n\t\t\t\t<\/div>\n\t\t\t\t<\/div>\n\t\t\t\t<\/div>\n\t\t\t\t<\/div>\n\t\t\t\t\t<\/div>\n\t\t\t\t<\/div>\n\t\t\t\t<\/div>\n\t\t","protected":false},"excerpt":{"rendered":"<p>Prueba de ciudadan\u00eda estadounidense Para solicitar tu primer pasaporte con el formulario DS-11 o denunciar la p\u00e9rdida o robo de un pasaporte (DS-64) en relaci\u00f3n con la solicitud de un nuevo pasaporte estadounidense, debes proporcionar al Departamento de Estado de EE.UU. una prueba de tu ciudadan\u00eda estadounidense. Para proporcionar al departamento las pruebas que necesita, [&hellip;]<\/p>\n","protected":false},"author":1,"featured_media":0,"parent":0,"menu_order":0,"comment_status":"closed","ping_status":"closed","template":"","meta":{"footnotes":""},"class_list":["post-23513","page","type-page","status-publish","hentry"],"aioseo_notices":[],"_links":{"self":[{"href":"https:\/\/passportexpress.co\/es\/wp-json\/wp\/v2\/pages\/23513","targetHints":{"allow":["GET"]}}],"collection":[{"href":"https:\/\/passportexpress.co\/es\/wp-json\/wp\/v2\/pages"}],"about":[{"href":"https:\/\/passportexpress.co\/es\/wp-json\/wp\/v2\/types\/page"}],"author":[{"embeddable":true,"href":"https:\/\/passportexpress.co\/es\/wp-json\/wp\/v2\/users\/1"}],"replies":[{"embeddable":true,"href":"https:\/\/passportexpress.co\/es\/wp-json\/wp\/v2\/comments?post=23513"}],"version-history":[{"count":1,"href":"https:\/\/passportexpress.co\/es\/wp-json\/wp\/v2\/pages\/23513\/revisions"}],"predecessor-version":[{"id":23515,"href":"https:\/\/passportexpress.co\/es\/wp-json\/wp\/v2\/pages\/23513\/revisions\/23515"}],"wp:attachment":[{"href":"https:\/\/passportexpress.co\/es\/wp-json\/wp\/v2\/media?parent=23513"}],"curies":[{"name":"wp","href":"https:\/\/api.w.org\/{rel}","templated":true}]}}