{"id":23512,"date":"2025-05-10T15:19:31","date_gmt":"2025-05-10T15:19:31","guid":{"rendered":"https:\/\/passportexpress.co\/cambios-o-correcciones-de-datos-por-correo-formulario-ds-5504\/"},"modified":"2025-05-30T09:51:52","modified_gmt":"2025-05-30T09:51:52","slug":"cambios-o-correcciones-de-datos-por-correo-formulario-ds-5504","status":"publish","type":"page","link":"https:\/\/passportexpress.co\/es\/cambios-o-correcciones-de-datos-por-correo-formulario-ds-5504\/","title":{"rendered":"Cambios o correcciones de datos por correo &#8211; Instrucciones DS-5504"},"content":{"rendered":"\t\t<div data-elementor-type=\"wp-page\" data-elementor-id=\"23512\" class=\"elementor elementor-23512 elementor-22985\">\n\t\t\t\t<div class=\"elementor-element elementor-element-50c5dd3 e-flex e-con-boxed e-con e-parent\" data-id=\"50c5dd3\" data-element_type=\"container\" data-e-type=\"container\" data-settings=\"{&quot;background_background&quot;:&quot;classic&quot;}\">\n\t\t\t\t\t<div class=\"e-con-inner\">\n\t\t<div class=\"elementor-element elementor-element-264a96f e-con-full e-flex e-con e-child\" data-id=\"264a96f\" data-element_type=\"container\" data-e-type=\"container\">\n\t\t\t\t<div class=\"elementor-element elementor-element-2f0e04b animated-fast elementor-invisible elementor-widget elementor-widget-elementskit-heading\" data-id=\"2f0e04b\" data-element_type=\"widget\" data-e-type=\"widget\" data-settings=\"{&quot;ekit_we_effect_on&quot;:&quot;css&quot;,&quot;_animation&quot;:&quot;fadeIn&quot;,&quot;_animation_delay&quot;:100}\" data-widget_type=\"elementskit-heading.default\">\n\t\t\t\t<div class=\"elementor-widget-container\">\n\t\t\t\t\t<div class=\"ekit-wid-con\" ><div class=\"ekit-heading elementskit-section-title-wraper text_center   ekit_heading_tablet-   ekit_heading_mobile-\"><h1 class=\"ekit-heading--title elementskit-section-title \">Cambios o correcciones de datos por correo - Instrucciones DS-5504<\/h1><div class=\"ekit_heading_separetor_wraper ekit_heading_elementskit-border-divider ekit-dotted\"><div class=\"elementskit-border-divider ekit-dotted\"><\/div><\/div><\/div><\/div>\t\t\t\t<\/div>\n\t\t\t\t<\/div>\n\t\t\t\t<\/div>\n\t\t\t\t\t<\/div>\n\t\t\t\t<\/div>\n\t\t<div class=\"elementor-element elementor-element-5118163 e-flex e-con-boxed e-con e-parent\" data-id=\"5118163\" data-element_type=\"container\" data-e-type=\"container\" id=\"accordian-sec\" data-settings=\"{&quot;animation&quot;:&quot;none&quot;,&quot;background_background&quot;:&quot;classic&quot;}\">\n\t\t\t\t\t<div class=\"e-con-inner\">\n\t\t<div class=\"elementor-element elementor-element-c325955 e-con-full e-flex e-con e-child\" data-id=\"c325955\" data-element_type=\"container\" data-e-type=\"container\">\n\t\t<div class=\"elementor-element elementor-element-e8b190f e-con-full sticky-section e-flex e-con e-child\" data-id=\"e8b190f\" data-element_type=\"container\" data-e-type=\"container\">\n\t\t<div class=\"elementor-element elementor-element-ad7cb71 e-con-full e-flex e-con e-child\" data-id=\"ad7cb71\" data-element_type=\"container\" data-e-type=\"container\">\n\t\t\t\t<div class=\"elementor-element elementor-element-5d47b03 animated-fast elementor-invisible elementor-widget elementor-widget-elementskit-heading\" data-id=\"5d47b03\" data-element_type=\"widget\" data-e-type=\"widget\" data-settings=\"{&quot;_animation&quot;:&quot;fadeIn&quot;,&quot;_animation_delay&quot;:100,&quot;ekit_we_effect_on&quot;:&quot;none&quot;}\" data-widget_type=\"elementskit-heading.default\">\n\t\t\t\t<div class=\"elementor-widget-container\">\n\t\t\t\t\t<div class=\"ekit-wid-con\" ><div class=\"ekit-heading elementskit-section-title-wraper text_left   ekit_heading_tablet-   ekit_heading_mobile-\"><h3 class=\"ekit-heading--title elementskit-section-title \">C\u00f3mo presentar un formulario de solicitud DS-5504<\/h3><\/div><\/div>\t\t\t\t<\/div>\n\t\t\t\t<\/div>\n\t\t\t\t<div class=\"elementor-element elementor-element-6bc141d elementor-widget elementor-widget-text-editor\" data-id=\"6bc141d\" data-element_type=\"widget\" data-e-type=\"widget\" data-settings=\"{&quot;ekit_we_effect_on&quot;:&quot;none&quot;}\" data-widget_type=\"text-editor.default\">\n\t\t\t\t<div class=\"elementor-widget-container\">\n\t\t\t\t\t\t\t\t\t<div class=\"infobox\"><div class=\"richText undefined\" data-testid=\"rich-text\"><p class=\"\">Una vez cumplimentado el formulario, ya puedes presentar el documento para su tramitaci\u00f3n. El proceso de solicitud es el mismo independientemente de si solicitas una libreta de pasaporte, una tarjeta de pasaporte o ambas cosas a la vez. En todos los casos, tendr\u00e1s que <b>enviar los documentos requeridos por correo<\/b> a un Centro Nacional de Tramitaci\u00f3n de Pasaportes. Para ello, s\u00f3lo tienes que seguir estos pasos:   <\/p><\/div><\/div>\t\t\t\t\t\t\t\t<\/div>\n\t\t\t\t<\/div>\n\t\t\t\t<\/div>\n\t\t\t\t<\/div>\n\t\t<div class=\"elementor-element elementor-element-8069d83 e-con-full sticky-section e-flex e-con e-child\" data-id=\"8069d83\" data-element_type=\"container\" data-e-type=\"container\">\n\t\t<div class=\"elementor-element elementor-element-8d53717 e-con-full e-flex e-con e-child\" data-id=\"8d53717\" data-element_type=\"container\" data-e-type=\"container\">\n\t\t\t\t<div class=\"elementor-element elementor-element-7784a8f animated-fast elementor-invisible elementor-widget elementor-widget-elementskit-heading\" data-id=\"7784a8f\" data-element_type=\"widget\" data-e-type=\"widget\" data-settings=\"{&quot;_animation&quot;:&quot;fadeIn&quot;,&quot;_animation_delay&quot;:100,&quot;ekit_we_effect_on&quot;:&quot;none&quot;}\" data-widget_type=\"elementskit-heading.default\">\n\t\t\t\t<div class=\"elementor-widget-container\">\n\t\t\t\t\t<div class=\"ekit-wid-con\" ><div class=\"ekit-heading elementskit-section-title-wraper text_left   ekit_heading_tablet-   ekit_heading_mobile-\"><h3 class=\"ekit-heading--title elementskit-section-title \">Imprime el formulario que te hemos enviado por correo electr\u00f3nico<\/h3><\/div><\/div>\t\t\t\t<\/div>\n\t\t\t\t<\/div>\n\t\t\t\t<div class=\"elementor-element elementor-element-aff42aa elementor-widget elementor-widget-text-editor\" data-id=\"aff42aa\" data-element_type=\"widget\" data-e-type=\"widget\" data-settings=\"{&quot;ekit_we_effect_on&quot;:&quot;none&quot;}\" data-widget_type=\"text-editor.default\">\n\t\t\t\t<div class=\"elementor-widget-container\">\n\t\t\t\t\t\t\t\t\t<div class=\"stepbox stepbox--single\"><div class=\"richText undefined\" data-testid=\"rich-text\"><p class=\"\"><b>Importante:<\/b> <span style=\"text-decoration: underline;\"><strong>FIRMA y FECHA tu formulario DS-5504 antes de enviar tus documentos.<\/strong><\/span><\/p><\/div><\/div>\t\t\t\t\t\t\t\t<\/div>\n\t\t\t\t<\/div>\n\t\t\t\t<\/div>\n\t\t<div class=\"elementor-element elementor-element-76bbbc1 e-con-full sticky-section e-flex e-con e-child\" data-id=\"76bbbc1\" data-element_type=\"container\" data-e-type=\"container\">\n\t\t<div class=\"elementor-element elementor-element-f09ad0d e-con-full e-flex e-con e-child\" data-id=\"f09ad0d\" data-element_type=\"container\" data-e-type=\"container\">\n\t\t\t\t<div class=\"elementor-element elementor-element-f3c5b98 animated-fast elementor-invisible elementor-widget elementor-widget-elementskit-heading\" data-id=\"f3c5b98\" data-element_type=\"widget\" data-e-type=\"widget\" data-settings=\"{&quot;_animation&quot;:&quot;fadeIn&quot;,&quot;_animation_delay&quot;:100,&quot;ekit_we_effect_on&quot;:&quot;none&quot;}\" data-widget_type=\"elementskit-heading.default\">\n\t\t\t\t<div class=\"elementor-widget-container\">\n\t\t\t\t\t<div class=\"ekit-wid-con\" ><div class=\"ekit-heading elementskit-section-title-wraper text_left   ekit_heading_tablet-   ekit_heading_mobile-\"><h3 class=\"ekit-heading--title elementskit-section-title \">Documentos adicionales a presentar<\/h3><\/div><\/div>\t\t\t\t<\/div>\n\t\t\t\t<\/div>\n\t\t<div class=\"elementor-element elementor-element-952e5c9 e-con-full e-grid e-con e-child\" data-id=\"952e5c9\" data-element_type=\"container\" data-e-type=\"container\">\n\t\t<div class=\"elementor-element elementor-element-feb9bc6 e-con-full e-flex e-con e-child\" data-id=\"feb9bc6\" data-element_type=\"container\" data-e-type=\"container\">\n\t\t\t\t<div class=\"elementor-element elementor-element-f44de8a animated-fast elementor-invisible elementor-widget elementor-widget-elementskit-heading\" data-id=\"f44de8a\" data-element_type=\"widget\" data-e-type=\"widget\" data-settings=\"{&quot;_animation&quot;:&quot;fadeIn&quot;,&quot;_animation_delay&quot;:100,&quot;ekit_we_effect_on&quot;:&quot;none&quot;}\" data-widget_type=\"elementskit-heading.default\">\n\t\t\t\t<div class=\"elementor-widget-container\">\n\t\t\t\t\t<div class=\"ekit-wid-con\" ><div class=\"ekit-heading elementskit-section-title-wraper text_left   ekit_heading_tablet-   ekit_heading_mobile-\"><h3 class=\"ekit-heading--title elementskit-section-title \">Una foto reciente de pasaporte<\/h3><\/div><\/div>\t\t\t\t<\/div>\n\t\t\t\t<\/div>\n\t\t\t\t<div class=\"elementor-element elementor-element-17a7cc3 elementor-widget elementor-widget-text-editor\" data-id=\"17a7cc3\" data-element_type=\"widget\" data-e-type=\"widget\" data-settings=\"{&quot;ekit_we_effect_on&quot;:&quot;none&quot;}\" data-widget_type=\"text-editor.default\">\n\t\t\t\t<div class=\"elementor-widget-container\">\n\t\t\t\t\t\t\t\t\t<div class=\"richText undefined\" data-testid=\"rich-text\"><p class=\"\">Adjunta una fotograf\u00eda tuya a la solicitud. La foto debe cumplir <b>unos requisitos espec\u00edficos<\/b> para ser aceptada. <\/p><\/div>\t\t\t\t\t\t\t\t<\/div>\n\t\t\t\t<\/div>\n\t\t\t\t<div class=\"elementor-element elementor-element-3f1e3d0 elementor-align-center elementor-widget elementor-widget-button\" data-id=\"3f1e3d0\" data-element_type=\"widget\" data-e-type=\"widget\" data-settings=\"{&quot;ekit_we_effect_on&quot;:&quot;none&quot;}\" data-widget_type=\"button.default\">\n\t\t\t\t<div class=\"elementor-widget-container\">\n\t\t\t\t\t\t\t\t\t<div class=\"elementor-button-wrapper\">\n\t\t\t\t\t<a class=\"elementor-button elementor-button-link elementor-size-sm\" href=\"https:\/\/passportexpress.co\/es\/requisitos-fotograficos-para-los-pasaportes-estadounidenses\/\">\n\t\t\t\t\t\t<span class=\"elementor-button-content-wrapper\">\n\t\t\t\t\t\t\t\t\t<span class=\"elementor-button-text\">Ver los requisitos para la foto de pasaporte<\/span>\n\t\t\t\t\t<\/span>\n\t\t\t\t\t<\/a>\n\t\t\t\t<\/div>\n\t\t\t\t\t\t\t\t<\/div>\n\t\t\t\t<\/div>\n\t\t\t\t<\/div>\n\t\t<div class=\"elementor-element elementor-element-1019e10 e-con-full e-flex e-con e-child\" data-id=\"1019e10\" data-element_type=\"container\" data-e-type=\"container\">\n\t\t\t\t<div class=\"elementor-element elementor-element-5385fdd animated-fast elementor-invisible elementor-widget elementor-widget-elementskit-heading\" data-id=\"5385fdd\" data-element_type=\"widget\" data-e-type=\"widget\" data-settings=\"{&quot;_animation&quot;:&quot;fadeIn&quot;,&quot;_animation_delay&quot;:100,&quot;ekit_we_effect_on&quot;:&quot;none&quot;}\" data-widget_type=\"elementskit-heading.default\">\n\t\t\t\t<div class=\"elementor-widget-container\">\n\t\t\t\t\t<div class=\"ekit-wid-con\" ><div class=\"ekit-heading elementskit-section-title-wraper text_left   ekit_heading_tablet-   ekit_heading_mobile-\"><h3 class=\"ekit-heading--title elementskit-section-title \">Tasas de pasaporte<\/h3><\/div><\/div>\t\t\t\t<\/div>\n\t\t\t\t<\/div>\n\t\t\t\t<div class=\"elementor-element elementor-element-ae6655d elementor-widget elementor-widget-text-editor\" data-id=\"ae6655d\" data-element_type=\"widget\" data-e-type=\"widget\" data-settings=\"{&quot;ekit_we_effect_on&quot;:&quot;none&quot;}\" data-widget_type=\"text-editor.default\">\n\t\t\t\t<div class=\"elementor-widget-container\">\n\t\t\t\t\t\t\t\t\t<div class=\"richText undefined\" data-testid=\"rich-text\"><div class=\"richText undefined\" data-testid=\"rich-text\"><p class=\"\">No se cobran tasas de pasaporte a menos que se solicite<b> SERVICIO EXPEDITIVO<\/b>.<\/p><p class=\"\">Si un pasaporte contiene un error de impresi\u00f3n o de datos, puede corregirse sin coste alguno si el pasaporte sigue siendo v\u00e1lido.<\/p><\/div><\/div>\t\t\t\t\t\t\t\t<\/div>\n\t\t\t\t<\/div>\n\t\t\t\t<div class=\"elementor-element elementor-element-87b2a4f elementor-align-center elementor-widget elementor-widget-button\" data-id=\"87b2a4f\" data-element_type=\"widget\" data-e-type=\"widget\" data-settings=\"{&quot;ekit_we_effect_on&quot;:&quot;none&quot;}\" data-widget_type=\"button.default\">\n\t\t\t\t<div class=\"elementor-widget-container\">\n\t\t\t\t\t\t\t\t\t<div class=\"elementor-button-wrapper\">\n\t\t\t\t\t<a class=\"elementor-button elementor-button-link elementor-size-sm\" href=\"https:\/\/passportexpress.co\/es\/tasas-de-pasaporte-e-instrucciones-de-pago\/\">\n\t\t\t\t\t\t<span class=\"elementor-button-content-wrapper\">\n\t\t\t\t\t\t\t\t\t<span class=\"elementor-button-text\">Consulta las tasas de tu pasaporte<\/span>\n\t\t\t\t\t<\/span>\n\t\t\t\t\t<\/a>\n\t\t\t\t<\/div>\n\t\t\t\t\t\t\t\t<\/div>\n\t\t\t\t<\/div>\n\t\t\t\t<\/div>\n\t\t<div class=\"elementor-element elementor-element-91fc9b9 e-con-full e-flex e-con e-child\" data-id=\"91fc9b9\" data-element_type=\"container\" data-e-type=\"container\">\n\t\t\t\t<div class=\"elementor-element elementor-element-f057194 animated-fast elementor-invisible elementor-widget elementor-widget-elementskit-heading\" data-id=\"f057194\" data-element_type=\"widget\" data-e-type=\"widget\" data-settings=\"{&quot;_animation&quot;:&quot;fadeIn&quot;,&quot;_animation_delay&quot;:100,&quot;ekit_we_effect_on&quot;:&quot;none&quot;}\" data-widget_type=\"elementskit-heading.default\">\n\t\t\t\t<div class=\"elementor-widget-container\">\n\t\t\t\t\t<div class=\"ekit-wid-con\" ><div class=\"ekit-heading elementskit-section-title-wraper text_left   ekit_heading_tablet-   ekit_heading_mobile-\"><h3 class=\"ekit-heading--title elementskit-section-title \">Tu pasaporte y\/o carn\u00e9 m\u00e1s recientes<\/h3><\/div><\/div>\t\t\t\t<\/div>\n\t\t\t\t<\/div>\n\t\t\t\t<div class=\"elementor-element elementor-element-6054420 elementor-widget elementor-widget-text-editor\" data-id=\"6054420\" data-element_type=\"widget\" data-e-type=\"widget\" data-settings=\"{&quot;ekit_we_effect_on&quot;:&quot;none&quot;}\" data-widget_type=\"text-editor.default\">\n\t\t\t\t<div class=\"elementor-widget-container\">\n\t\t\t\t\t\t\t\t\t<p class=\"\">Debes enviar tu <b>libreta y\/o carn\u00e9 de pasaporte m\u00e1s recientes<\/b> con tu solicitud. \u00c9stos deben estar intactos y se te deben haber expedido a partir de los 16 a\u00f1os y en los \u00faltimos 15 a\u00f1os. <\/p><p class=\"\">Te devolver\u00e1n tu antigua libreta y\/o tarjeta de pasaporte. Sin embargo, suelen llegar en un env\u00edo separado del pasaporte reci\u00e9n expedido. <\/p>\t\t\t\t\t\t\t\t<\/div>\n\t\t\t\t<\/div>\n\t\t\t\t<\/div>\n\t\t<div class=\"elementor-element elementor-element-ded813a e-con-full e-flex e-con e-child\" data-id=\"ded813a\" data-element_type=\"container\" data-e-type=\"container\">\n\t\t\t\t<div class=\"elementor-element elementor-element-5887020 animated-fast elementor-invisible elementor-widget elementor-widget-elementskit-heading\" data-id=\"5887020\" data-element_type=\"widget\" data-e-type=\"widget\" data-settings=\"{&quot;_animation&quot;:&quot;fadeIn&quot;,&quot;_animation_delay&quot;:100,&quot;ekit_we_effect_on&quot;:&quot;none&quot;}\" data-widget_type=\"elementskit-heading.default\">\n\t\t\t\t<div class=\"elementor-widget-container\">\n\t\t\t\t\t<div class=\"ekit-wid-con\" ><div class=\"ekit-heading elementskit-section-title-wraper text_left   ekit_heading_tablet-   ekit_heading_mobile-\"><h3 class=\"ekit-heading--title elementskit-section-title \">Documentaci\u00f3n justificativa adicional (si procede)<\/h3><\/div><\/div>\t\t\t\t<\/div>\n\t\t\t\t<\/div>\n\t\t\t\t<div class=\"elementor-element elementor-element-5eb693b elementor-widget elementor-widget-text-editor\" data-id=\"5eb693b\" data-element_type=\"widget\" data-e-type=\"widget\" data-settings=\"{&quot;ekit_we_effect_on&quot;:&quot;none&quot;}\" data-widget_type=\"text-editor.default\">\n\t\t\t\t<div class=\"elementor-widget-container\">\n\t\t\t\t\t\t\t\t\t<p class=\"\">Si has <b>cambiado de nombre<\/b> desde que adquiriste tu pasaporte m\u00e1s reciente, tendr\u00e1s que incluir documentos justificativos como prueba.<\/p><p class=\"\"><b>Algunos ejemplos adecuados son: <\/b>Certificados de matrimonio, Sentencias de divorcio, Documentos de cambio de nombre por orden judicial<\/p><p class=\"\">Si vuelves a solicitar un pasaporte estadounidense porque <b>la validez<\/b> de tu pasaporte anterior estaba <b>limitada<\/b> debido a la insuficiencia de pruebas de ciudadan\u00eda estadounidense y\/o identidad, y pagaste la tasa completa, debes presentar pruebas de tu ciudadan\u00eda estadounidense y\/o identidad junto con tu solicitud.<\/p><p class=\"\"><b>Ejemplos adecuados: <\/b>certificado de nacimiento expedido por el gobierno, certificado de naturalizaci\u00f3n de EE.UU., carn\u00e9 de conducir, carn\u00e9 de identidad expedido por el estado, etc<b>. <\/b><\/p>\t\t\t\t\t\t\t\t<\/div>\n\t\t\t\t<\/div>\n\t\t\t\t<\/div>\n\t\t\t\t<\/div>\n\t\t\t\t<\/div>\n\t\t<div class=\"elementor-element elementor-element-1af17f3 e-con-full sticky-section e-flex e-con e-child\" data-id=\"1af17f3\" data-element_type=\"container\" data-e-type=\"container\">\n\t\t<div class=\"elementor-element elementor-element-66f77e9 e-con-full e-flex e-con e-child\" data-id=\"66f77e9\" data-element_type=\"container\" data-e-type=\"container\">\n\t\t\t\t<div class=\"elementor-element elementor-element-262960b animated-fast elementor-invisible elementor-widget elementor-widget-elementskit-heading\" data-id=\"262960b\" data-element_type=\"widget\" data-e-type=\"widget\" data-settings=\"{&quot;_animation&quot;:&quot;fadeIn&quot;,&quot;_animation_delay&quot;:100,&quot;ekit_we_effect_on&quot;:&quot;none&quot;}\" data-widget_type=\"elementskit-heading.default\">\n\t\t\t\t<div class=\"elementor-widget-container\">\n\t\t\t\t\t<div class=\"ekit-wid-con\" ><div class=\"ekit-heading elementskit-section-title-wraper text_left   ekit_heading_tablet-   ekit_heading_mobile-\"><h3 class=\"ekit-heading--title elementskit-section-title \">D\u00f3nde enviar tu formulario<\/h3><\/div><\/div>\t\t\t\t<\/div>\n\t\t\t\t<\/div>\n\t\t<div class=\"elementor-element elementor-element-6649cc4 e-grid e-con-full e-con e-child\" data-id=\"6649cc4\" data-element_type=\"container\" data-e-type=\"container\">\n\t\t<div class=\"elementor-element elementor-element-79c6ac7 e-con-full e-flex e-con e-child\" data-id=\"79c6ac7\" data-element_type=\"container\" data-e-type=\"container\">\n\t\t\t\t<div class=\"elementor-element elementor-element-889e112 elementor-widget elementor-widget-text-editor\" data-id=\"889e112\" data-element_type=\"widget\" data-e-type=\"widget\" data-settings=\"{&quot;ekit_we_effect_on&quot;:&quot;none&quot;}\" data-widget_type=\"text-editor.default\">\n\t\t\t\t<div class=\"elementor-widget-container\">\n\t\t\t\t\t\t\t\t\t<p class=\"\">Tu formulario de solicitud y los documentos pertinentes deben enviarse por correo<b> con seguimiento USPS<\/b> a una de las direcciones indicadas a continuaci\u00f3n.<\/p><p class=\"\"><b>Recuerda: <\/b>Utiliza un sobre lo suficientemente grande para que quepan los formularios de solicitud sin doblarlos.<\/p><div class=\"e-subtitle e-subtitle-big e-subtitle__strong\" data-testid=\"subtitle\"><strong>Si vives en CA, FL, IL, MN, NY o TX:<\/strong><\/div><ul class=\"e-list\"><li><p class=\"\">Centro Nacional de Tramitaci\u00f3n de Pasaportes<\/p><\/li><li><p class=\"\">Apartado de correos 640155<\/p><\/li><li><p class=\"\">Irving, TX 75064-0155<\/p><\/li><\/ul><div class=\"e-subtitle e-subtitle-big e-subtitle__strong\" data-testid=\"subtitle\"><strong>PARA EL SERVICIO DE RUTINA (Si vives en cualquier otro estado o en Canad\u00e1):<\/strong><\/div><ul class=\"e-list\"><li><p class=\"\">Centro Nacional de Tramitaci\u00f3n de Pasaportes<\/p><\/li><li><p class=\"\">Apartado de correos 90155<\/p><\/li><li><p class=\"\">Filadelfia, PA 19190-0155<\/p><\/li><\/ul><div class=\"e-subtitle e-subtitle-big e-subtitle__strong\" data-testid=\"subtitle\"><strong>Para ciudadanos estadounidenses que viven fuera de Estados Unidos:  <\/strong><\/div><p class=\"\">Ponte en contacto con tu Embajada de EE.UU. local, ya que los procesos de solicitud pueden variar.<\/p>\t\t\t\t\t\t\t\t<\/div>\n\t\t\t\t<\/div>\n\t\t\t\t<\/div>\n\t\t<div class=\"elementor-element elementor-element-659fb6b e-con-full e-flex e-con e-child\" data-id=\"659fb6b\" data-element_type=\"container\" data-e-type=\"container\">\n\t\t\t\t<div class=\"elementor-element elementor-element-0d5f0ae elementor-widget elementor-widget-text-editor\" data-id=\"0d5f0ae\" data-element_type=\"widget\" data-e-type=\"widget\" data-settings=\"{&quot;ekit_we_effect_on&quot;:&quot;none&quot;}\" data-widget_type=\"text-editor.default\">\n\t\t\t\t<div class=\"elementor-widget-container\">\n\t\t\t\t\t\t\t\t\t<div class=\"stepbox--note--label\"><div class=\"stepbox--note--label\"><div class=\"stepbox--note--label\"><strong>Nota:<\/strong><\/div><div class=\"richText undefined\" data-testid=\"rich-text\"><p class=\"\">Si vas a viajar <b>en un plazo de 2 semanas<\/b>, puedes pedir cita en una Agencia de Pasaportes.<\/p><p class=\"\">Para pedir cita, ponte en contacto con el Centro Nacional de Informaci\u00f3n sobre Pasaportes llamando al tel\u00e9fono gratuito 1-877-487-2778 (TDD: 1-888-874-7793) o visita travel.state.gov.<\/p><p class=\"\">El sistema automatizado de citas est\u00e1 <b>disponible 24 horas al d\u00eda, 7 d\u00edas a la semana<\/b>.<\/p><p class=\"\">Ten en cuenta, sin embargo, que este servicio <b>s\u00f3lo puede utilizarse si tienes que viajar urgentemente<\/b> en un plazo de 3 semanas o en caso de emergencia de vida o muerte.<\/p><\/div><\/div><\/div>\t\t\t\t\t\t\t\t<\/div>\n\t\t\t\t<\/div>\n\t\t\t\t<\/div>\n\t\t\t\t<\/div>\n\t\t\t\t<\/div>\n\t\t\t\t<\/div>\n\t\t\t\t<\/div>\n\t\t\t\t<\/div>\n\t\t\t\t<\/div>\n\t\t\t\t\t<\/div>\n\t\t\t\t<\/div>\n\t\t<div class=\"elementor-element elementor-element-b6bb76e e-flex e-con-boxed e-con e-parent\" data-id=\"b6bb76e\" data-element_type=\"container\" data-e-type=\"container\">\n\t\t\t\t\t<div class=\"e-con-inner\">\n\t\t\t\t\t<\/div>\n\t\t\t\t<\/div>\n\t\t\t\t<\/div>\n\t\t","protected":false},"excerpt":{"rendered":"<p>Cambios o correcciones de datos por correo &#8211; Instrucciones DS-5504 C\u00f3mo presentar un formulario de solicitud DS-5504 Una vez cumplimentado el formulario, ya puedes presentar el documento para su tramitaci\u00f3n. El proceso de solicitud es el mismo independientemente de si solicitas una libreta de pasaporte, una tarjeta de pasaporte o ambas cosas a la vez. [&hellip;]<\/p>\n","protected":false},"author":1,"featured_media":0,"parent":0,"menu_order":0,"comment_status":"closed","ping_status":"closed","template":"","meta":{"footnotes":""},"class_list":["post-23512","page","type-page","status-publish","hentry"],"aioseo_notices":[],"_links":{"self":[{"href":"https:\/\/passportexpress.co\/es\/wp-json\/wp\/v2\/pages\/23512","targetHints":{"allow":["GET"]}}],"collection":[{"href":"https:\/\/passportexpress.co\/es\/wp-json\/wp\/v2\/pages"}],"about":[{"href":"https:\/\/passportexpress.co\/es\/wp-json\/wp\/v2\/types\/page"}],"author":[{"embeddable":true,"href":"https:\/\/passportexpress.co\/es\/wp-json\/wp\/v2\/users\/1"}],"replies":[{"embeddable":true,"href":"https:\/\/passportexpress.co\/es\/wp-json\/wp\/v2\/comments?post=23512"}],"version-history":[{"count":4,"href":"https:\/\/passportexpress.co\/es\/wp-json\/wp\/v2\/pages\/23512\/revisions"}],"predecessor-version":[{"id":24162,"href":"https:\/\/passportexpress.co\/es\/wp-json\/wp\/v2\/pages\/23512\/revisions\/24162"}],"wp:attachment":[{"href":"https:\/\/passportexpress.co\/es\/wp-json\/wp\/v2\/media?parent=23512"}],"curies":[{"name":"wp","href":"https:\/\/api.w.org\/{rel}","templated":true}]}}