{"id":23293,"date":"2025-04-30T07:03:55","date_gmt":"2025-04-30T07:03:55","guid":{"rendered":"https:\/\/passportexpress.co\/quienes-somos\/"},"modified":"2025-05-14T18:07:38","modified_gmt":"2025-05-14T18:07:38","slug":"quienes-somos","status":"publish","type":"page","link":"https:\/\/passportexpress.co\/es\/quienes-somos\/","title":{"rendered":"Qui\u00e9nes somos"},"content":{"rendered":"\t\t<div data-elementor-type=\"wp-page\" data-elementor-id=\"23293\" class=\"elementor elementor-23293 elementor-22489\">\n\t\t\t\t<div class=\"elementor-element elementor-element-2229013b hero-section e-con-full e-flex e-con e-parent\" data-id=\"2229013b\" data-element_type=\"container\" data-e-type=\"container\" data-settings=\"{&quot;background_background&quot;:&quot;classic&quot;}\">\n\t\t<div class=\"elementor-element elementor-element-fa76f63 e-con-full e-flex e-con e-child\" data-id=\"fa76f63\" data-element_type=\"container\" data-e-type=\"container\">\n\t\t<div class=\"elementor-element elementor-element-34cd1b12 e-con-full e-flex e-con e-child\" data-id=\"34cd1b12\" data-element_type=\"container\" data-e-type=\"container\">\n\t\t\t\t<div class=\"elementor-element elementor-element-2317d111 animated-fast elementor-widget__width-initial elementor-invisible elementor-widget elementor-widget-elementskit-heading\" data-id=\"2317d111\" data-element_type=\"widget\" data-e-type=\"widget\" data-settings=\"{&quot;_animation&quot;:&quot;fadeIn&quot;,&quot;ekit_we_effect_on&quot;:&quot;css&quot;,&quot;_animation_delay&quot;:100}\" data-widget_type=\"elementskit-heading.default\">\n\t\t\t\t<div class=\"elementor-widget-container\">\n\t\t\t\t\t<div class=\"ekit-wid-con\" ><div class=\"ekit-heading elementskit-section-title-wraper text_center   ekit_heading_tablet-   ekit_heading_mobile-\"><h1 class=\"ekit-heading--title elementskit-section-title \">Obtener un nuevo pasaporte siempre ha sido un reto. <span><span>Hasta ahora.<\/span><\/span><\/h1>\t\t\t\t<div class='ekit-heading__description'>\n\t\t\t\t\t<p>Solicite el pasaporte, pague y compruebe el estado de su solicitud, todo en un<br>solo lugar con la ayuda de expertos.<\/p>\n\t\t\t\t<\/div>\n\t\t\t<\/div><\/div>\t\t\t\t<\/div>\n\t\t\t\t<\/div>\n\t\t\t\t<div class=\"elementor-element elementor-element-3205ea58 elementor-absolute animated-fast elementor-hidden-tablet elementor-hidden-mobile elementor-invisible elementor-widget elementor-widget-image\" data-id=\"3205ea58\" data-element_type=\"widget\" data-e-type=\"widget\" data-settings=\"{&quot;_position&quot;:&quot;absolute&quot;,&quot;_animation&quot;:&quot;fadeInDown&quot;,&quot;_animation_delay&quot;:400,&quot;ekit_we_effect_on&quot;:&quot;none&quot;}\" data-widget_type=\"image.default\">\n\t\t\t\t<div class=\"elementor-widget-container\">\n\t\t\t\t\t\t\t\t\t\t\t\t\t\t\t<img decoding=\"async\" width=\"32\" height=\"31\" src=\"https:\/\/passportexpress.co\/wp-content\/uploads\/2023\/10\/sierra-marketing-shape-3.svg\" class=\"attachment-large size-large wp-image-23200\" alt=\"\" \/>\t\t\t\t\t\t\t\t\t\t\t\t\t\t\t<\/div>\n\t\t\t\t<\/div>\n\t\t\t\t<\/div>\n\t\t\t\t<\/div>\n\t\t\t\t<\/div>\n\t\t<div class=\"elementor-element elementor-element-f178df0 e-flex e-con-boxed e-con e-parent\" data-id=\"f178df0\" data-element_type=\"container\" data-e-type=\"container\">\n\t\t\t\t\t<div class=\"e-con-inner\">\n\t\t<div class=\"elementor-element elementor-element-35d3194 e-con-full e-flex e-con e-child\" data-id=\"35d3194\" data-element_type=\"container\" data-e-type=\"container\">\n\t\t\t\t<div class=\"elementor-element elementor-element-8041c78 elementor-widget elementor-widget-heading\" data-id=\"8041c78\" data-element_type=\"widget\" data-e-type=\"widget\" data-settings=\"{&quot;ekit_we_effect_on&quot;:&quot;none&quot;}\" data-widget_type=\"heading.default\">\n\t\t\t\t<div class=\"elementor-widget-container\">\n\t\t\t\t\t<h2 class=\"elementor-heading-title elementor-size-default\">Rellena y edita tu solicitud de pasaporte en l\u00ednea con nuestras herramientas web f\u00e1ciles de usar<\/h2>\t\t\t\t<\/div>\n\t\t\t\t<\/div>\n\t\t\t\t<\/div>\n\t\t\t\t\t<\/div>\n\t\t\t\t<\/div>\n\t\t<div class=\"elementor-element elementor-element-24841e8 e-flex e-con-boxed e-con e-parent\" data-id=\"24841e8\" data-element_type=\"container\" data-e-type=\"container\">\n\t\t\t\t\t<div class=\"e-con-inner\">\n\t\t<div class=\"elementor-element elementor-element-aa3a68a e-con-full e-flex e-con e-child\" data-id=\"aa3a68a\" data-element_type=\"container\" data-e-type=\"container\">\n\t\t\t\t<div class=\"elementor-element elementor-element-7fc2803 elementor-widget elementor-widget-text-editor\" data-id=\"7fc2803\" data-element_type=\"widget\" data-e-type=\"widget\" data-settings=\"{&quot;ekit_we_effect_on&quot;:&quot;none&quot;}\" data-widget_type=\"text-editor.default\">\n\t\t\t\t<div class=\"elementor-widget-container\">\n\t\t\t\t\t\t\t\t\t<p>Rellenar una solicitud de pasaporte nuevo (DS-11), un formulario de renovaci\u00f3n (DS-82) o denunciar la p\u00e9rdida o robo de tu documento (DS-64) puede ser un trabajo meticuloso y engorroso. Sin embargo, para hacer esta tarea un poco m\u00e1s f\u00e1cil, passportexpress.co pretende <b>que<\/b> <b>conseguir un pasaporte sea mucho m\u00e1s sencillo <\/b>de gestionar. <\/p>\t\t\t\t\t\t\t\t<\/div>\n\t\t\t\t<\/div>\n\t\t\t\t<div class=\"elementor-element elementor-element-5157f09 elementor-widget elementor-widget-text-editor\" data-id=\"5157f09\" data-element_type=\"widget\" data-e-type=\"widget\" data-settings=\"{&quot;ekit_we_effect_on&quot;:&quot;none&quot;}\" data-widget_type=\"text-editor.default\">\n\t\t\t\t<div class=\"elementor-widget-container\">\n\t\t\t\t\t\t\t\t\t<p>Nuestro principal objetivo es simplificar y agilizar el proceso de solicitud. Para ello, passportexpress.co ofrece un <b>editor de pasaportes online para los formularios DS-11, DS-82 y DS-64<\/b>. Esto te permite rellenar y modificar el formulario de solicitud que elijas, que luego puedes descargar e imprimir antes de presentarlo en un centro local de aceptaci\u00f3n de pasaportes.  <\/p>\t\t\t\t\t\t\t\t<\/div>\n\t\t\t\t<\/div>\n\t\t\t\t<div class=\"elementor-element elementor-element-a3a22f6 elementor-widget elementor-widget-text-editor\" data-id=\"a3a22f6\" data-element_type=\"widget\" data-e-type=\"widget\" data-settings=\"{&quot;ekit_we_effect_on&quot;:&quot;none&quot;}\" data-widget_type=\"text-editor.default\">\n\t\t\t\t<div class=\"elementor-widget-container\">\n\t\t\t\t\t\t\t\t\t<p>PassportExpress no forma parte del Gobierno de EE.UU. y <b>no est\u00e1 afiliada a ninguna agencia o entidad del Gobierno Federal.<\/b> Somos una empresa privada que ofrece un servicio de terceros que ayuda a los clientes a rellenar una solicitud de pasaporte y les asiste en la creaci\u00f3n del formulario sin errores necesario para obtener un pasaporte.<\/p>\t\t\t\t\t\t\t\t<\/div>\n\t\t\t\t<\/div>\n\t\t\t\t<\/div>\n\t\t<div class=\"elementor-element elementor-element-d9a8533 e-con-full e-flex e-con e-child\" data-id=\"d9a8533\" data-element_type=\"container\" data-e-type=\"container\">\n\t\t\t\t<div class=\"elementor-element elementor-element-f2f8b13 elementor-widget elementor-widget-image\" data-id=\"f2f8b13\" data-element_type=\"widget\" data-e-type=\"widget\" data-settings=\"{&quot;ekit_we_effect_on&quot;:&quot;none&quot;}\" data-widget_type=\"image.default\">\n\t\t\t\t<div class=\"elementor-widget-container\">\n\t\t\t\t\t\t\t\t\t\t\t\t\t\t\t<img fetchpriority=\"high\" decoding=\"async\" width=\"149\" height=\"365\" src=\"https:\/\/passportexpress.co\/wp-content\/uploads\/2025\/04\/about-bg.png\" class=\"attachment-large size-large wp-image-23246\" alt=\"\" srcset=\"https:\/\/passportexpress.co\/wp-content\/uploads\/2025\/04\/about-bg.png 149w, https:\/\/passportexpress.co\/wp-content\/uploads\/2025\/04\/about-bg-122x300.png 122w\" sizes=\"(max-width: 149px) 100vw, 149px\" \/>\t\t\t\t\t\t\t\t\t\t\t\t\t\t\t<\/div>\n\t\t\t\t<\/div>\n\t\t\t\t<\/div>\n\t\t\t\t\t<\/div>\n\t\t\t\t<\/div>\n\t\t<div class=\"elementor-element elementor-element-47fa13b4 e-con-full e-flex e-con e-parent\" data-id=\"47fa13b4\" data-element_type=\"container\" data-e-type=\"container\" data-settings=\"{&quot;background_background&quot;:&quot;classic&quot;}\">\n\t\t<div class=\"elementor-element elementor-element-1f8d8825 e-con-full animated-fast e-flex elementor-invisible e-con e-child\" data-id=\"1f8d8825\" data-element_type=\"container\" data-e-type=\"container\" data-settings=\"{&quot;background_background&quot;:&quot;classic&quot;,&quot;animation&quot;:&quot;fadeIn&quot;,&quot;animation_delay&quot;:100}\">\n\t\t<div class=\"elementor-element elementor-element-14d2c15e e-con-full e-flex e-con e-child\" data-id=\"14d2c15e\" data-element_type=\"container\" data-e-type=\"container\">\n\t\t<div class=\"elementor-element elementor-element-6c5e9876 e-con-full e-flex e-con e-child\" data-id=\"6c5e9876\" data-element_type=\"container\" data-e-type=\"container\">\n\t\t\t\t<div class=\"elementor-element elementor-element-63c6e0a6 animated-fast elementor-widget__width-initial elementor-invisible elementor-widget elementor-widget-elementskit-heading\" data-id=\"63c6e0a6\" data-element_type=\"widget\" data-e-type=\"widget\" data-settings=\"{&quot;_animation&quot;:&quot;fadeIn&quot;,&quot;_animation_delay&quot;:100,&quot;ekit_we_effect_on&quot;:&quot;css&quot;}\" data-widget_type=\"elementskit-heading.default\">\n\t\t\t\t<div class=\"elementor-widget-container\">\n\t\t\t\t\t<div class=\"ekit-wid-con\" ><div class=\"ekit-heading elementskit-section-title-wraper text_left   ekit_heading_tablet-   ekit_heading_mobile-text_left\"><h6 class=\"elementskit-section-subtitle   ekit-heading__subtitle-has-border\">\n\t\t\t\t\t\tCentro de ayuda\n\t\t\t\t\t<\/h6><h2 class=\"ekit-heading--title elementskit-section-title \">\u00bfNecesitas ayuda?<\/h2>\t\t\t\t<div class='ekit-heading__description'>\n\t\t\t\t\t<p>Entendemos que a veces necesitas ayuda. Encuentra la asistencia que necesitas a continuaci\u00f3n. <\/p>\n\t\t\t\t<\/div>\n\t\t\t<\/div><\/div>\t\t\t\t<\/div>\n\t\t\t\t<\/div>\n\t\t\t\t<\/div>\n\t\t<div class=\"elementor-element elementor-element-3a6a460c e-con-full e-flex e-con e-child\" data-id=\"3a6a460c\" data-element_type=\"container\" data-e-type=\"container\">\n\t\t\t\t<div class=\"elementor-element elementor-element-565469d1 animated-fast elementor-invisible elementor-widget elementor-widget-elementskit-heading\" data-id=\"565469d1\" data-element_type=\"widget\" data-e-type=\"widget\" data-settings=\"{&quot;_animation&quot;:&quot;fadeIn&quot;,&quot;_animation_delay&quot;:200,&quot;ekit_we_effect_on&quot;:&quot;none&quot;}\" data-widget_type=\"elementskit-heading.default\">\n\t\t\t\t<div class=\"elementor-widget-container\">\n\t\t\t\t\t<div class=\"ekit-wid-con\" ><div class=\"ekit-heading elementskit-section-title-wraper text_left   ekit_heading_tablet-   ekit_heading_mobile-\">\t\t\t\t<div class='ekit-heading__description'>\n\t\t\t\t\t<p>Ofrecemos una amplia gama de opciones de asistencia para ayudarle en cada paso del camino. Tanto si tiene una pregunta t\u00e9cnica, necesita orientaci\u00f3n sobre el uso de nuestras funciones o desea ponerse en contacto con otros usuarios, estamos a su disposici\u00f3n. <\/p>\n\t\t\t\t<\/div>\n\t\t\t<\/div><\/div>\t\t\t\t<\/div>\n\t\t\t\t<\/div>\n\t\t\t\t<\/div>\n\t\t\t\t<\/div>\n\t\t<div class=\"elementor-element elementor-element-6070a0b8 e-con-full e-flex e-con e-child\" data-id=\"6070a0b8\" data-element_type=\"container\" data-e-type=\"container\">\n\t\t<div class=\"elementor-element elementor-element-3529facf e-con-full e-flex e-con e-child\" data-id=\"3529facf\" data-element_type=\"container\" data-e-type=\"container\">\n\t\t\t\t<div class=\"elementor-element elementor-element-536b640e widget-link-underline animated-fast ekit-equal-height-disable elementor-invisible elementor-widget elementor-widget-elementskit-icon-box\" data-id=\"536b640e\" data-element_type=\"widget\" data-e-type=\"widget\" data-settings=\"{&quot;_animation&quot;:&quot;fadeInUp&quot;,&quot;_animation_delay&quot;:200,&quot;ekit_we_effect_on&quot;:&quot;none&quot;}\" data-widget_type=\"elementskit-icon-box.default\">\n\t\t\t\t<div class=\"elementor-widget-container\">\n\t\t\t\t\t<div class=\"ekit-wid-con\" >        <!-- link opening -->\n                <!-- end link opening -->\n\n        <div class=\"elementskit-infobox text-left text-left icon-top-align elementor-animation-   \">\n                    <div class=\"elementskit-box-header elementor-animation-\">\n                <div class=\"elementskit-info-box-icon  \">\n                    <i aria-hidden=\"true\" class=\"elementkit-infobox-icon icon icon-settings-2\"><\/i>\n                <\/div>\n          <\/div>\n                        <div class=\"box-body\">\n                            <h3 class=\"elementskit-info-box-title\">\n                    Env\u00eda un mensaje                <\/h3>\n                                                    <div class=\"box-footer disable_hover_button\">\n                    <div class=\"btn-wraper\">\n                                                            <a class=\"elementskit-btn whitespace--normal\" href=\"mailto:support@passportexpress.co\">\n                                        support@passportexpress.co                                    <\/a>\n                                                        <\/div>\n                <\/div>\n                    <\/div>\n        \n        \n                <\/div>\n        <\/div>\t\t\t\t<\/div>\n\t\t\t\t<\/div>\n\t\t\t\t<\/div>\n\t\t<div class=\"elementor-element elementor-element-4d831f69 e-con-full e-flex e-con e-child\" data-id=\"4d831f69\" data-element_type=\"container\" data-e-type=\"container\">\n\t\t\t\t<div class=\"elementor-element elementor-element-246027ed widget-link-underline animated-fast ekit-equal-height-enable elementor-invisible elementor-widget elementor-widget-elementskit-icon-box\" data-id=\"246027ed\" data-element_type=\"widget\" data-e-type=\"widget\" data-settings=\"{&quot;_animation&quot;:&quot;fadeInUp&quot;,&quot;_animation_delay&quot;:300,&quot;ekit_we_effect_on&quot;:&quot;none&quot;}\" data-widget_type=\"elementskit-icon-box.default\">\n\t\t\t\t<div class=\"elementor-widget-container\">\n\t\t\t\t\t<div class=\"ekit-wid-con\" >        <!-- link opening -->\n                <a href=\"#\" class=\"ekit_global_links\">\n                <!-- end link opening -->\n\n        <div class=\"elementskit-infobox text-left text-left icon-top-align elementor-animation-   \">\n                    <div class=\"elementskit-box-header elementor-animation-\">\n                <div class=\"elementskit-info-box-icon  \">\n                    <i aria-hidden=\"true\" class=\"elementkit-infobox-icon icon icon-earth\"><\/i>\n                <\/div>\n          <\/div>\n                        <div class=\"box-body\">\n                            <h3 class=\"elementskit-info-box-title\">\n                    Disponible                <\/h3>\n                        \t\t  \t<p>De lunes a viernes de 8 a 18 h.<\/p>\n                                <\/div>\n        \n        \n                <\/div>\n                <\/a>\n        <\/div>\t\t\t\t<\/div>\n\t\t\t\t<\/div>\n\t\t\t\t<\/div>\n\t\t\t\t<\/div>\n\t\t\t\t<div class=\"elementor-element elementor-element-2c156988 elementor-absolute animated-fast elementor-invisible elementor-widget elementor-widget-image\" data-id=\"2c156988\" data-element_type=\"widget\" data-e-type=\"widget\" data-settings=\"{&quot;_position&quot;:&quot;absolute&quot;,&quot;ekit_we_effect_on&quot;:&quot;onscroll&quot;,&quot;ekit_we_scroll_animation_value&quot;:150,&quot;ekit_we_scroll_smoothness&quot;:0,&quot;_animation&quot;:&quot;fadeInUp&quot;,&quot;_animation_delay&quot;:200,&quot;ekit_we_on_test_mode&quot;:&quot;on&quot;,&quot;ekit_we_scroll_animation&quot;:&quot;translateY&quot;,&quot;ekit_we_scroll_offsettop&quot;:0,&quot;ekit_we_scroll_offsetbottom&quot;:0}\" data-widget_type=\"image.default\">\n\t\t\t\t<div class=\"elementor-widget-container\">\n\t\t\t\t\t\t\t\t\t\t\t\t\t\t\t<img decoding=\"async\" width=\"211\" height=\"211\" src=\"https:\/\/passportexpress.co\/wp-content\/uploads\/2023\/10\/sierra-marketing-shape-2.svg\" class=\"attachment-large size-large wp-image-23162\" alt=\"\" \/>\t\t\t\t\t\t\t\t\t\t\t\t\t\t\t<\/div>\n\t\t\t\t<\/div>\n\t\t\t\t<div class=\"elementor-element elementor-element-2963a21a elementor-absolute animated-fast elementor-invisible elementor-widget elementor-widget-image\" data-id=\"2963a21a\" data-element_type=\"widget\" data-e-type=\"widget\" data-settings=\"{&quot;_position&quot;:&quot;absolute&quot;,&quot;ekit_we_effect_on&quot;:&quot;onscroll&quot;,&quot;ekit_we_scroll_animation_value&quot;:-150,&quot;ekit_we_scroll_smoothness&quot;:0,&quot;_animation&quot;:&quot;fadeInUp&quot;,&quot;_animation_delay&quot;:400,&quot;ekit_we_on_test_mode&quot;:&quot;on&quot;,&quot;ekit_we_scroll_animation&quot;:&quot;translateY&quot;,&quot;ekit_we_scroll_offsettop&quot;:0,&quot;ekit_we_scroll_offsetbottom&quot;:0}\" data-widget_type=\"image.default\">\n\t\t\t\t<div class=\"elementor-widget-container\">\n\t\t\t\t\t\t\t\t\t\t\t\t\t\t\t<img decoding=\"async\" width=\"211\" height=\"211\" src=\"https:\/\/passportexpress.co\/wp-content\/uploads\/2023\/10\/sierra-marketing-shape-2.svg\" class=\"attachment-large size-large wp-image-23162\" alt=\"\" \/>\t\t\t\t\t\t\t\t\t\t\t\t\t\t\t<\/div>\n\t\t\t\t<\/div>\n\t\t\t\t<\/div>\n\t\t<div class=\"elementor-element elementor-element-7b541873 e-con-full e-flex e-con e-child\" data-id=\"7b541873\" data-element_type=\"container\" data-e-type=\"container\">\n\t\t<div class=\"elementor-element elementor-element-2a53f422 e-con-full e-flex e-con e-child\" data-id=\"2a53f422\" data-element_type=\"container\" data-e-type=\"container\">\n\t\t\t\t<div class=\"elementor-element elementor-element-6a56b214 animated-fast elementor-widget__width-initial elementor-invisible elementor-widget elementor-widget-elementskit-heading\" data-id=\"6a56b214\" data-element_type=\"widget\" data-e-type=\"widget\" data-settings=\"{&quot;_animation&quot;:&quot;fadeIn&quot;,&quot;_animation_delay&quot;:100,&quot;ekit_we_effect_on&quot;:&quot;css&quot;}\" data-widget_type=\"elementskit-heading.default\">\n\t\t\t\t<div class=\"elementor-widget-container\">\n\t\t\t\t\t<div class=\"ekit-wid-con\" ><div class=\"ekit-heading elementskit-section-title-wraper text_left   ekit_heading_tablet-   ekit_heading_mobile-\"><h6 class=\"elementskit-section-subtitle   ekit-heading__subtitle-has-border\">\n\t\t\t\t\t\tContacta con nosotros\n\t\t\t\t\t<\/h6><h1 class=\"ekit-heading--title elementskit-section-title \">Estamos aqu\u00ed <span>para ti<\/span><\/h1>\t\t\t\t<div class='ekit-heading__description'>\n\t\t\t\t\t<p>Utilice el siguiente formulario para enviar una solicitud de asistencia. Un agente de atenci\u00f3n al cliente se pondr\u00e1 en contacto con usted lo antes posible. Si env\u00eda la solicitud fuera del horario de oficina, le responderemos el siguiente d\u00eda laborable.  <\/p>\n\t\t\t\t<\/div>\n\t\t\t<\/div><\/div>\t\t\t\t<\/div>\n\t\t\t\t<\/div>\n\t\t\t\t<div class=\"elementor-element elementor-element-74907c2e elementor-widget__width-inherit animated-fast elementor-invisible elementor-widget elementor-widget-elementskit-contact-form7\" data-id=\"74907c2e\" data-element_type=\"widget\" data-e-type=\"widget\" data-settings=\"{&quot;_animation&quot;:&quot;fadeIn&quot;,&quot;_animation_delay&quot;:200,&quot;ekit_we_effect_on&quot;:&quot;none&quot;}\" data-widget_type=\"elementskit-contact-form7.default\">\n\t\t\t\t<div class=\"elementor-widget-container\">\n\t\t\t\t\t<div class=\"ekit-wid-con\" ><div class=\"ekit-form\">\n<div class=\"wpcf7 no-js\" id=\"wpcf7-f23427-p23293-o1\" lang=\"es-ES\" dir=\"ltr\" data-wpcf7-id=\"23427\">\n<div class=\"screen-reader-response\"><p role=\"status\" aria-live=\"polite\" aria-atomic=\"true\"><\/p> <ul><\/ul><\/div>\n<form action=\"\/es\/quienes-somos\/#wpcf7-f23427-p23293-o1\" method=\"post\" class=\"wpcf7-form init\" aria-label=\"Formulario de contacto\" novalidate=\"novalidate\" data-status=\"init\">\n<fieldset class=\"hidden-fields-container\"><input type=\"hidden\" name=\"_wpcf7\" value=\"23427\" \/><input type=\"hidden\" name=\"_wpcf7_version\" value=\"6.1.2\" \/><input type=\"hidden\" name=\"_wpcf7_locale\" value=\"es_ES\" \/><input type=\"hidden\" name=\"_wpcf7_unit_tag\" value=\"wpcf7-f23427-p23293-o1\" \/><input type=\"hidden\" name=\"_wpcf7_container_post\" value=\"23293\" \/><input type=\"hidden\" name=\"_wpcf7_posted_data_hash\" value=\"\" \/>\n<\/fieldset>\n<div class=\"keydesign-label\">\n\t<p><label>Nombre<\/label><span class=\"wpcf7-form-control-wrap\" data-name=\"your-name\"><input size=\"40\" maxlength=\"400\" class=\"wpcf7-form-control wpcf7-text wpcf7-validates-as-required\" aria-required=\"true\" aria-invalid=\"false\" value=\"\" type=\"text\" name=\"your-name\" \/><\/span>\n\t<\/p>\n<\/div>\n<div class=\"keydesign-label keydesign-select\">\n\t<p><span class=\"wpcf7-form-control-wrap\" data-name=\"select-105\"><select class=\"wpcf7-form-control wpcf7-select wpcf7-validates-as-required request-type\" aria-required=\"true\" aria-invalid=\"false\" name=\"select-105\"><option value=\"\">Selecciona una opci\u00f3n<\/option><option value=\"Preguntas generales\">Preguntas generales<\/option><option value=\"Correcciones de datos\">Correcciones de datos<\/option><option value=\"Problemas t\u00e9cnicos\">Problemas t\u00e9cnicos<\/option><option value=\"Problemas con el formulario\">Problemas con el formulario<\/option><option value=\"Formulario no recibido\">Formulario no recibido<\/option><option value=\"Solicitud de reembolso\">Solicitud de reembolso<\/option><option value=\"Otros\">Otros<\/option><\/select><\/span>\n\t<\/p>\n<\/div>\n<div class=\"keydesign-label\">\n\t<p><label>Direcci\u00f3n de correo electr\u00f3nico<\/label><span class=\"wpcf7-form-control-wrap\" data-name=\"your-email\"><input size=\"40\" maxlength=\"400\" class=\"wpcf7-form-control wpcf7-email wpcf7-validates-as-required wpcf7-text wpcf7-validates-as-email\" aria-required=\"true\" aria-invalid=\"false\" value=\"\" type=\"email\" name=\"your-email\" \/><\/span>\n\t<\/p>\n<\/div>\n<div class=\"keydesign-label\">\n\t<p><label>Mensaje<\/label><span class=\"wpcf7-form-control-wrap\" data-name=\"your-message\"><textarea cols=\"40\" rows=\"10\" maxlength=\"2000\" class=\"wpcf7-form-control wpcf7-textarea\" aria-invalid=\"false\" name=\"your-message\"><\/textarea><\/span>\n\t<\/p>\n<\/div>\n<p><input class=\"wpcf7-form-control wpcf7-submit has-spinner\" type=\"submit\" value=\"Env\u00eda\" \/>\n<\/p><div class=\"wpcf7-response-output\" aria-hidden=\"true\"><\/div>\n<\/form>\n<\/div>\n<\/div><\/div>\t\t\t\t<\/div>\n\t\t\t\t<\/div>\n\t\t\t\t<\/div>\n\t\t\t\t<\/div>\n\t\t\t\t<\/div>\n\t\t\t\t<\/div>\n\t\t","protected":false},"excerpt":{"rendered":"<p>Obtener un nuevo pasaporte siempre ha sido un reto. Hasta ahora. Solicite el pasaporte, pague y compruebe el estado de su solicitud, todo en unsolo lugar con la ayuda de expertos. Rellena y edita tu solicitud de pasaporte en l\u00ednea con nuestras herramientas web f\u00e1ciles de usar Rellenar una solicitud de pasaporte nuevo (DS-11), un [&hellip;]<\/p>\n","protected":false},"author":1,"featured_media":0,"parent":0,"menu_order":0,"comment_status":"closed","ping_status":"closed","template":"","meta":{"footnotes":""},"class_list":["post-23293","page","type-page","status-publish","hentry"],"aioseo_notices":[],"_links":{"self":[{"href":"https:\/\/passportexpress.co\/es\/wp-json\/wp\/v2\/pages\/23293","targetHints":{"allow":["GET"]}}],"collection":[{"href":"https:\/\/passportexpress.co\/es\/wp-json\/wp\/v2\/pages"}],"about":[{"href":"https:\/\/passportexpress.co\/es\/wp-json\/wp\/v2\/types\/page"}],"author":[{"embeddable":true,"href":"https:\/\/passportexpress.co\/es\/wp-json\/wp\/v2\/users\/1"}],"replies":[{"embeddable":true,"href":"https:\/\/passportexpress.co\/es\/wp-json\/wp\/v2\/comments?post=23293"}],"version-history":[{"count":7,"href":"https:\/\/passportexpress.co\/es\/wp-json\/wp\/v2\/pages\/23293\/revisions"}],"predecessor-version":[{"id":23617,"href":"https:\/\/passportexpress.co\/es\/wp-json\/wp\/v2\/pages\/23293\/revisions\/23617"}],"wp:attachment":[{"href":"https:\/\/passportexpress.co\/es\/wp-json\/wp\/v2\/media?parent=23293"}],"curies":[{"name":"wp","href":"https:\/\/api.w.org\/{rel}","templated":true}]}}